{"id":14407,"date":"2021-04-16T10:00:58","date_gmt":"2021-04-16T08:00:58","guid":{"rendered":"http:\/\/ksiegarnia-akademicka.pl\/?post_type=product&#038;p=14407"},"modified":"2021-04-16T10:01:01","modified_gmt":"2021-04-16T08:01:01","slug":"big-data-krotkie-wprowadzenie","status":"publish","type":"product","link":"http:\/\/ksiegarnia-akademicka.pl\/index.php\/product\/big-data-krotkie-wprowadzenie\/","title":{"rendered":"Big Data Kr\u00f3tkie Wprowadzenie"},"content":{"rendered":"<p>Autor:<br \/>\nDawn E. Holmes<br \/>\nT\u0142umacze: Kowalczyk Robert<br \/>\nWydawca: Wydawnictwo Uniwersytetu \u0141\u00f3dzkiego<br \/>\nOprawa: Mi\u0119kka ze skrzyde\u0142kami<br \/>\nLiczba stron: 156<br \/>\nWydanie: 1<br \/>\nRok wydania: 2021<br \/>\nJ\u0119zyk wydania: polski<\/p>\n<p>KR\u00d3TKIE WPROWADZENIE<br \/>\n&#8211; ksi\u0105\u017cki, kt\u00f3re zmieniaj\u0105 spos\u00f3b my\u015blenia!<\/p>\n<p>Big data pokazuje, jak post\u0119p technologiczny spowodowany rozwojem Internetu i cyfrowego wszech\u015bwiata wp\u0142yn\u0105\u0142 na radykaln\u0105 transformacj\u0119 nauki o danych. Czym s\u0105 du\u017ce zbiory danych i jak zmieniaj\u0105 \u015bwiat? Jaki maj\u0105 wp\u0142yw na nasze codzienne \u017cycie, a jaki na \u015bwiat biznesu? W tej ksi\u0105\u017cce czytelnik znajdzie odpowiedzi na te pytania.<br \/>\n*<br \/>\nInterdyscyplinarna seria KR\u00d3TKIE WPROWADZENIE pi\u00f3rem uznanych ekspert\u00f3w skupionych wok\u00f3\u0142 Uniwersytetu Oksfordzkiego przybli\u017ca aktualn\u0105 wiedz\u0119 na temat wsp\u00f3\u0142czesnego \u015bwiata i pomaga go zrozumie\u0107. W atrakcyjny spos\u00f3b prezentuje najwa\u017cniejsze zagadnienia XXI w. \u2013 od kultury, religii, historii przez nauki przyrodnicze po technik\u0119. To publikacje popularnonaukowe, kt\u00f3re w formule przyst\u0119pnej, dalekiej od akademickiego wyk\u0142adu, prezentuj\u0105 wybrane kwestie.<br \/>\nKsi\u0105\u017cki idealne zar\u00f3wno jako wprowadzenie do nowych temat\u00f3w, jak i uzupe\u0142nienie wiedzy o tym, co nas pasjonuje. Najnowsze fakty, analizy ekspert\u00f3w, b\u0142yskotliwe interpretacje.<br \/>\nOpiek\u0119 merytoryczn\u0105 nad polsk\u0105 edycj\u0105 serii sprawuj\u0105 naukowcy z Uniwersytetu \u0141\u00f3dzkiego: prof. Krystyna Kujawi\u0144ska Courtney, prof. Ewa Gajewska, prof. Aneta Paw\u0142owska, prof. Jerzy Gajdka, prof. Piotr Stalmaszczyk.<\/p>\n","protected":false},"excerpt":{"rendered":"<p>Autor: Dawn E. Holmes T\u0142umacze: Kowalczyk Robert Wydawca: Wydawnictwo Uniwersytetu [&hellip;]<\/p>\n","protected":false},"featured_media":14408,"template":"","meta":[],"product_brand":[],"product_cat":[36,7511,30],"product_tag":[7956,103,541],"class_list":{"0":"post-14407","1":"product","2":"type-product","3":"status-publish","4":"has-post-thumbnail","6":"product_cat-informatyka","7":"product_cat-kierowanie-i-zarzadzanie","8":"product_cat-zarzadzanie","9":"product_tag-big-data","10":"product_tag-informatyka","11":"product_tag-zarzadzanie","13":"first","14":"instock","15":"sale","16":"shipping-taxable","17":"purchasable","18":"product-type-simple"},"_links":{"self":[{"href":"http:\/\/ksiegarnia-akademicka.pl\/index.php\/wp-json\/wp\/v2\/product\/14407","targetHints":{"allow":["GET"]}}],"collection":[{"href":"http:\/\/ksiegarnia-akademicka.pl\/index.php\/wp-json\/wp\/v2\/product"}],"about":[{"href":"http:\/\/ksiegarnia-akademicka.pl\/index.php\/wp-json\/wp\/v2\/types\/product"}],"wp:featuredmedia":[{"embeddable":true,"href":"http:\/\/ksiegarnia-akademicka.pl\/index.php\/wp-json\/wp\/v2\/media\/14408"}],"wp:attachment":[{"href":"http:\/\/ksiegarnia-akademicka.pl\/index.php\/wp-json\/wp\/v2\/media?parent=14407"}],"wp:term":[{"taxonomy":"product_brand","embeddable":true,"href":"http:\/\/ksiegarnia-akademicka.pl\/index.php\/wp-json\/wp\/v2\/product_brand?post=14407"},{"taxonomy":"product_cat","embeddable":true,"href":"http:\/\/ksiegarnia-akademicka.pl\/index.php\/wp-json\/wp\/v2\/product_cat?post=14407"},{"taxonomy":"product_tag","embeddable":true,"href":"http:\/\/ksiegarnia-akademicka.pl\/index.php\/wp-json\/wp\/v2\/product_tag?post=14407"}],"curies":[{"name":"wp","href":"https:\/\/api.w.org\/{rel}","templated":true}]}}