{"id":14383,"date":"2021-04-13T10:23:47","date_gmt":"2021-04-13T08:23:47","guid":{"rendered":"http:\/\/ksiegarnia-akademicka.pl\/?post_type=product&#038;p=14383"},"modified":"2021-04-13T10:23:49","modified_gmt":"2021-04-13T08:23:49","slug":"w-kregu-chorob-rzadkich-dominacja-zaistnienia","status":"publish","type":"product","link":"http:\/\/ksiegarnia-akademicka.pl\/index.php\/product\/w-kregu-chorob-rzadkich-dominacja-zaistnienia\/","title":{"rendered":"W kr\u0119gu chor\u00f3b rzadkich Dominacja zaistnienia"},"content":{"rendered":"<p>Autor:<br \/>\nLeszek Ploch<br \/>\nWydawca: Difin<br \/>\nOprawa: Mi\u0119kka<br \/>\nLiczba stron: 366<br \/>\nRok wydania: 2021<br \/>\nJ\u0119zyk wydania: polski<\/p>\n<p>W monografii przedstawiono kolejne nowe opisy studium przypadk\u00f3w os\u00f3b z chorob\u0105 rzadk\u0105. Starano si\u0119 dokona\u0107 ods\u0142ony obszaru specyfiki dominacji zaistnienia poprzez obran\u0105 dobrowolnie form\u0119 uczestnictwa spo\u0142ecznego opisywanych os\u00f3b doros\u0142ych z chorob\u0105 rzadk\u0105 w ich dost\u0119pie do sobie okre\u015blonej indywidualnie przestrzeni aktywno\u015bci. Usi\u0142owano identyfikowa\u0107 warunki oraz mo\u017cliwo\u015bci realizowania si\u0119 w podejmowanej aktywno\u015bci na drodze wsparcia, przeciwie\u0144stw, r\u00f3\u017cnorodno\u015bci sytuacji, okoliczno\u015bci i stylu funkcjonowania, osi\u0105gania standard\u00f3w doros\u0142o\u015bci z jej autonomi\u0105 oraz pe\u0142nionymi spo\u0142ecznie rolami. Tak opisywana wizja osobi\u015bcie ;przybieranego stylu dominacji zaistnienia pozwoli\u0142a w podj\u0119tej analizie biografii ukaza\u0107 informacje medyczne nieznanych chor\u00f3b rzadkich, a zarazem obiektywnie spojrze\u0107 na spo\u0142eczny kontekst w obszarze przyjmowanych reakcji otoczenia wobec poszczeg\u00f3lnych jednostek. W prezentowanych biografiach starano si\u0119 ukaza\u0107 wzrastaj\u0105c\u0105 si\u0142\u0119 korzystnych zmian zar\u00f3wno w zakresie etiopatogenezy wybranych chor\u00f3b, jak te\u017c mo\u017cliwo\u015bci diagnostycznych, terapeutycznych i pedagogicznych.<\/p>\n","protected":false},"excerpt":{"rendered":"<p>Autor: Leszek Ploch Wydawca: Difin Oprawa: Mi\u0119kka Liczba stron: 366 [&hellip;]<\/p>\n","protected":false},"featured_media":14384,"template":"","meta":[],"product_brand":[],"product_cat":[8069,7493],"product_tag":[8123,85],"class_list":{"0":"post-14383","1":"product","2":"type-product","3":"status-publish","4":"has-post-thumbnail","6":"product_cat-fizjologia","7":"product_cat-medycyna","8":"product_tag-choroby-rzadkie","9":"product_tag-diagnostyka","11":"first","12":"instock","13":"sale","14":"shipping-taxable","15":"purchasable","16":"product-type-simple"},"_links":{"self":[{"href":"http:\/\/ksiegarnia-akademicka.pl\/index.php\/wp-json\/wp\/v2\/product\/14383","targetHints":{"allow":["GET"]}}],"collection":[{"href":"http:\/\/ksiegarnia-akademicka.pl\/index.php\/wp-json\/wp\/v2\/product"}],"about":[{"href":"http:\/\/ksiegarnia-akademicka.pl\/index.php\/wp-json\/wp\/v2\/types\/product"}],"wp:featuredmedia":[{"embeddable":true,"href":"http:\/\/ksiegarnia-akademicka.pl\/index.php\/wp-json\/wp\/v2\/media\/14384"}],"wp:attachment":[{"href":"http:\/\/ksiegarnia-akademicka.pl\/index.php\/wp-json\/wp\/v2\/media?parent=14383"}],"wp:term":[{"taxonomy":"product_brand","embeddable":true,"href":"http:\/\/ksiegarnia-akademicka.pl\/index.php\/wp-json\/wp\/v2\/product_brand?post=14383"},{"taxonomy":"product_cat","embeddable":true,"href":"http:\/\/ksiegarnia-akademicka.pl\/index.php\/wp-json\/wp\/v2\/product_cat?post=14383"},{"taxonomy":"product_tag","embeddable":true,"href":"http:\/\/ksiegarnia-akademicka.pl\/index.php\/wp-json\/wp\/v2\/product_tag?post=14383"}],"curies":[{"name":"wp","href":"https:\/\/api.w.org\/{rel}","templated":true}]}}