{"id":14373,"date":"2021-04-12T09:41:29","date_gmt":"2021-04-12T07:41:29","guid":{"rendered":"http:\/\/ksiegarnia-akademicka.pl\/?post_type=product&#038;p=14373"},"modified":"2024-12-05T08:50:20","modified_gmt":"2024-12-05T07:50:20","slug":"plan-kont-z-komentarzem-handel-produkcja-uslugi-2","status":"publish","type":"product","link":"http:\/\/ksiegarnia-akademicka.pl\/index.php\/product\/plan-kont-z-komentarzem-handel-produkcja-uslugi-2\/","title":{"rendered":"Plan kont z komentarzem Handel Produkcja Us\u0142ugi"},"content":{"rendered":"<p>Autor:<br \/>\nJerzy Gierusz<br \/>\nKatarzyna Kole\u015bnik<br \/>\nWydawca: ODDK<br \/>\nOprawa: Twarda<br \/>\nFormat: 15.0&#215;21.5cm<br \/>\nLiczba stron: 800<br \/>\nWydanie: 23<br \/>\nRok wydania: 2021<br \/>\nJ\u0119zyk wydania: polski<\/p>\n<p>Kompendium wiedzy na temat zasad ewidencji operacji gospodarczych wyst\u0119puj\u0105cych w przedsi\u0119biorstwach handlowych, produkcyjnych i us\u0142ugowych.<\/p>\n<p>Obszerny komentarz do planu kont zawiera:<br \/>\n*om\u00f3wienie zasad funkcjonowania poszczeg\u00f3lnych kont syntetycznych;<br \/>\n*charakterystyk\u0119 operacji ewidencjonowanych na tych kontach;<br \/>\n*za\u0142o\u017cenia systemu rachunkowo\u015bci finansowej w firmie z om\u00f3wieniem m.in. zasad tworzenia polityki rachunkowo\u015bci, prowadzenia ksi\u0105g rachunkowych i przeprowadzania inwentaryzacji.<\/p>\n<p>Precyzyjny wyw\u00f3d, kompleksowe uj\u0119cie skomplikowanej tematyki oraz jednoznaczne interpretacje to niew\u0105tpliwe atuty tej publikacji, docenione przez wielu ksi\u0119gowych. Dotychczasowe wydania cieszy\u0142y si\u0119 uznaniem zar\u00f3wno ekspert\u00f3w rachunkowo\u015bci, jak i ksi\u0119gowych praktyk\u00f3w oraz zyska\u0142y opini\u0119 jednej z zasadniczych wyk\u0142adni polskiego prawa bilansowego.<\/p>\n<p>Obecne XXIII wydanie Planu kont\u2026. uwzgl\u0119dnia wiele nowych regulacji istotnych dla przedsi\u0119biorstw, zwi\u0105zanych g\u0142\u00f3wnie z epidemi\u0105 COVID-19. Autorzy wskazuj\u0105 ksi\u0119gowe oraz podatkowe skutki wsparcia otrzymanego przez przedsi\u0119biorc\u00f3w w ramach tarcz antykryzysowych i tarczy finansowej w zwi\u0105zku z pandemi\u0105 COVID-19, koncentruj\u0105c si\u0119 na tych zagadnieniach, kt\u00f3re zostan\u0105 rozliczone przez jednostki w 2021 r. Komentarze, przyk\u0142ady, uj\u0119cie operacji gospodarczych na kontach ksi\u0119gowych dotycz\u0105 m.in.:<br \/>\n*ksi\u0119gowania wsparcia otrzymanego przez przedsi\u0119biorstwo na podstawie tarcz antykryzysowych i tarczy finansowej (w tym m.in.: po\u017cyczka z Funduszu Pracy, subwencja finansowa z Polskiego Funduszu Rozwoju);<br \/>\n*rozliczenia ulgi na z\u0142e d\u0142ugi w okresie pandemii;<br \/>\n*uj\u0119cia jednorazowej amortyzacji \u015brodk\u00f3w trwa\u0142ych nabytych w celu produkcji towar\u00f3w zwi\u0105zanych z przeciwdzia\u0142aniem pandemii koronawirusa.<\/p>\n<p>Dodatkowo autorzy omawiaj\u0105 inne zmiany w podatkach dochodowych oraz VAT.<\/p>\n<p>Stan prawny: 1 stycznia 2021 r.<\/p>\n","protected":false},"excerpt":{"rendered":"<p>Autor: Jerzy Gierusz Katarzyna Kole\u015bnik Wydawca: ODDK Oprawa: Twarda Format: [&hellip;]<\/p>\n","protected":false},"featured_media":14374,"template":"","meta":[],"product_brand":[],"product_cat":[23],"product_tag":[3392,1496],"class_list":{"0":"post-14373","1":"product","2":"type-product","3":"status-publish","4":"has-post-thumbnail","6":"product_cat-rachunkowosc","7":"product_tag-plan-kont","8":"product_tag-rachunkowosc","10":"first","11":"instock","12":"sale","13":"shipping-taxable","14":"purchasable","15":"product-type-simple"},"_links":{"self":[{"href":"http:\/\/ksiegarnia-akademicka.pl\/index.php\/wp-json\/wp\/v2\/product\/14373","targetHints":{"allow":["GET"]}}],"collection":[{"href":"http:\/\/ksiegarnia-akademicka.pl\/index.php\/wp-json\/wp\/v2\/product"}],"about":[{"href":"http:\/\/ksiegarnia-akademicka.pl\/index.php\/wp-json\/wp\/v2\/types\/product"}],"wp:featuredmedia":[{"embeddable":true,"href":"http:\/\/ksiegarnia-akademicka.pl\/index.php\/wp-json\/wp\/v2\/media\/14374"}],"wp:attachment":[{"href":"http:\/\/ksiegarnia-akademicka.pl\/index.php\/wp-json\/wp\/v2\/media?parent=14373"}],"wp:term":[{"taxonomy":"product_brand","embeddable":true,"href":"http:\/\/ksiegarnia-akademicka.pl\/index.php\/wp-json\/wp\/v2\/product_brand?post=14373"},{"taxonomy":"product_cat","embeddable":true,"href":"http:\/\/ksiegarnia-akademicka.pl\/index.php\/wp-json\/wp\/v2\/product_cat?post=14373"},{"taxonomy":"product_tag","embeddable":true,"href":"http:\/\/ksiegarnia-akademicka.pl\/index.php\/wp-json\/wp\/v2\/product_tag?post=14373"}],"curies":[{"name":"wp","href":"https:\/\/api.w.org\/{rel}","templated":true}]}}