{"id":14319,"date":"2021-04-06T09:53:50","date_gmt":"2021-04-06T07:53:50","guid":{"rendered":"http:\/\/ksiegarnia-akademicka.pl\/?post_type=product&#038;p=14319"},"modified":"2021-04-06T09:53:51","modified_gmt":"2021-04-06T07:53:51","slug":"powszechna-dematerializacja-akcji-modernizacja-konstrukcji-spolki-akcyjnej","status":"publish","type":"product","link":"http:\/\/ksiegarnia-akademicka.pl\/index.php\/product\/powszechna-dematerializacja-akcji-modernizacja-konstrukcji-spolki-akcyjnej\/","title":{"rendered":"Powszechna dematerializacja akcji. Modernizacja konstrukcji sp\u00f3\u0142ki akcyjnej"},"content":{"rendered":"<p>Redakcja naukowa:<br \/>\nMarek Michalski, Justyna D\u0105browska<br \/>\nWydawnictwo: Wolters Kluwer Polska<br \/>\nRok publikacji: 2021<br \/>\nWydanie: 1<br \/>\nLiczba stron: 296<br \/>\nSeria: Zagadnienia Prawne<br \/>\nOk\u0142adka: twarda<br \/>\nFormat: B5<\/p>\n<p>W ksi\u0105\u017cce przedstawiono problematyk\u0119 dematerializacji akcji oraz wp\u0142ywu odej\u015bcia od koncepcji akcji w formie dokumentowej, a zatem niezwykle wa\u017cnej zmiany przepis\u00f3w, obowi\u0105zuj\u0105cej od 1 marca 2021 r., istotnej z punktu widzenia sp\u00f3\u0142ki akcyjnej. Skomentowano zasady funkcjonowania sp\u00f3\u0142ki akcyjnej oraz om\u00f3wiono zmienione przez dematerializacj\u0119 akcji regu\u0142y okre\u015blaj\u0105ce wykazywanie legitymacji akcjonariuszy wzgl\u0119dem sp\u00f3\u0142ki oraz wykonywania przez nich uprawnie\u0144 maj\u0105tkowych i korporacyjnych, wynikaj\u0105cych ze zdematerializowanych akcji.<\/p>\n<p>Autorzy przedstawiaj\u0105 tak\u017ce zmiany przepis\u00f3w ustaw szczeg\u00f3lnych pozostaj\u0105cych w \u015bcis\u0142ym zwi\u0105zku funkcjonalno-logicznym z g\u0142\u00f3wnymi zmianami, jakie nowelizacja niesie w odniesieniu do sp\u00f3\u0142ki akcyjnej.<\/p>\n<p>Ksi\u0105\u017cka zainteresuje prawnik\u00f3w praktyk\u00f3w: adwokat\u00f3w, radc\u00f3w prawnych, s\u0119dzi\u00f3w, prokurator\u00f3w, notariuszy. B\u0119dzie stanowi\u0142a te\u017c cenn\u0105 lektur\u0119 dla pracownik\u00f3w naukowych zainteresowanych omawian\u0105 tematyk\u0105.<\/p>\n","protected":false},"excerpt":{"rendered":"<p>Redakcja naukowa: Marek Michalski, Justyna D\u0105browska Wydawnictwo: Wolters Kluwer Polska [&hellip;]<\/p>\n","protected":false},"featured_media":14320,"template":"","meta":[],"product_brand":[],"product_cat":[7495,18],"product_tag":[429,7721],"class_list":{"0":"post-14319","1":"product","2":"type-product","3":"status-publish","4":"has-post-thumbnail","6":"product_cat-gospodarcze-i-handlowe","7":"product_cat-prawo","8":"product_tag-prawo-handlowe","9":"product_tag-seria-zagadnienia-prawne","11":"first","12":"instock","13":"sale","14":"shipping-taxable","15":"purchasable","16":"product-type-simple"},"_links":{"self":[{"href":"http:\/\/ksiegarnia-akademicka.pl\/index.php\/wp-json\/wp\/v2\/product\/14319","targetHints":{"allow":["GET"]}}],"collection":[{"href":"http:\/\/ksiegarnia-akademicka.pl\/index.php\/wp-json\/wp\/v2\/product"}],"about":[{"href":"http:\/\/ksiegarnia-akademicka.pl\/index.php\/wp-json\/wp\/v2\/types\/product"}],"wp:featuredmedia":[{"embeddable":true,"href":"http:\/\/ksiegarnia-akademicka.pl\/index.php\/wp-json\/wp\/v2\/media\/14320"}],"wp:attachment":[{"href":"http:\/\/ksiegarnia-akademicka.pl\/index.php\/wp-json\/wp\/v2\/media?parent=14319"}],"wp:term":[{"taxonomy":"product_brand","embeddable":true,"href":"http:\/\/ksiegarnia-akademicka.pl\/index.php\/wp-json\/wp\/v2\/product_brand?post=14319"},{"taxonomy":"product_cat","embeddable":true,"href":"http:\/\/ksiegarnia-akademicka.pl\/index.php\/wp-json\/wp\/v2\/product_cat?post=14319"},{"taxonomy":"product_tag","embeddable":true,"href":"http:\/\/ksiegarnia-akademicka.pl\/index.php\/wp-json\/wp\/v2\/product_tag?post=14319"}],"curies":[{"name":"wp","href":"https:\/\/api.w.org\/{rel}","templated":true}]}}