{"id":14316,"date":"2021-04-06T09:51:19","date_gmt":"2021-04-06T07:51:19","guid":{"rendered":"http:\/\/ksiegarnia-akademicka.pl\/?post_type=product&#038;p=14316"},"modified":"2024-12-05T08:35:55","modified_gmt":"2024-12-05T07:35:55","slug":"zamowienia-publiczne-wzory-pism-i-dokumentow-2","status":"publish","type":"product","link":"http:\/\/ksiegarnia-akademicka.pl\/index.php\/product\/zamowienia-publiczne-wzory-pism-i-dokumentow-2\/","title":{"rendered":"Zam\u00f3wienia publiczne. Wzory pism i dokument\u00f3w"},"content":{"rendered":"<p>Ewa Marcjoniak<br \/>\nWydawnictwo: Wolters Kluwer Polska<br \/>\nRok publikacji: 2021<br \/>\nWydanie: 3<br \/>\nLiczba stron: 708<br \/>\nSeria: Wzory pism<br \/>\nOk\u0142adka: twarda<br \/>\nFormat: B5<\/p>\n<p>Publikacja jest zbiorem wzor\u00f3w dokument\u00f3w stosowanych w przetargach publicznych opracowanych na podstawie ustawy \u2013 Prawo zam\u00f3wie\u0144 publicznych obowi\u0105zuj\u0105cej od 1 stycznia 2021 r., wraz z aktami wykonawczymi, i wprowadzaj\u0105cej m.in. nowe rozwi\u0105zania i instytucje w zam\u00f3wieniach publicznych. Uwzgl\u0119dnia tak\u017ce zmiany wynikaj\u0105ce z ustawy o zmianie ustawy o umowie koncesji na roboty budowlane lub us\u0142ugi oraz niekt\u00f3rych innych ustaw.<\/p>\n<p>Ksi\u0105\u017cka zosta\u0142a opracowana zgodnie z nast\u0119puj\u0105cym schematem:<br \/>\n\u2022 tytu\u0142 pisma;<br \/>\n\u2022 przytoczenie przepisu, z kt\u00f3rego wynika obowi\u0105zek lub mo\u017cliwo\u015b\u0107 wystosowania pisma przez zamawiaj\u0105cego lub inny podmiot;<br \/>\n\u2022 proponowana tre\u015b\u0107 pisma;<br \/>\n\u2022 niekt\u00f3re wzory zawieraj\u0105 wskaz\u00f3wki dla opracowuj\u0105cych pismo.<\/p>\n<p>Przedstawiony materia\u0142 umo\u017cliwi czytelnikowi szybkie przygotowanie pism w napi\u0119tych terminach przetargowych, pozwoli ustrzec si\u0119 przed potencjalnymi b\u0142\u0119dami przy zastosowaniu w\u0142a\u015bciwej i kompletnej formy dokumentu. Publikacja zawiera tak\u017ce tekst nowej ustawy \u2013 Prawo zam\u00f3wie\u0144 publicznych oraz teksty wszystkich obowi\u0105zuj\u0105cych rozporz\u0105dze\u0144, co znacznie u\u0142atwi pos\u0142ugiwanie si\u0119 wzorami.<\/p>\n<p>Opracowanie przeznaczone jest przede wszystkim dla zamawiaj\u0105cych, b\u0119dzie pomocne tak\u017ce wykonawcom.<\/p>\n<p>Zawarte w publikacji wzory dost\u0119pne s\u0105 w wersji elektronicznej do pobrania ze strony www.zamowienia-publiczne-wzory-3.wolterskluwer.pl po wpisaniu zamieszczonego w ksi\u0105\u017cce kodu. Wzory mo\u017cna dowolnie modyfikowa\u0107 i dostosowywa\u0107 do w\u0142asnych potrzeb.<\/p>\n","protected":false},"excerpt":{"rendered":"<p>Ewa Marcjoniak Wydawnictwo: Wolters Kluwer Polska Rok publikacji: 2021 Wydanie: [&hellip;]<\/p>\n","protected":false},"featured_media":14317,"template":"","meta":[],"product_brand":[],"product_cat":[7491,7495,18],"product_tag":[5341,5011],"class_list":{"0":"post-14316","1":"product","2":"type-product","3":"status-publish","4":"has-post-thumbnail","6":"product_cat-cywilne","7":"product_cat-gospodarcze-i-handlowe","8":"product_cat-prawo","9":"product_tag-seria-wzory-pism","10":"product_tag-zamowienia-publiczne","12":"first","13":"instock","14":"sale","15":"shipping-taxable","16":"purchasable","17":"product-type-simple"},"_links":{"self":[{"href":"http:\/\/ksiegarnia-akademicka.pl\/index.php\/wp-json\/wp\/v2\/product\/14316","targetHints":{"allow":["GET"]}}],"collection":[{"href":"http:\/\/ksiegarnia-akademicka.pl\/index.php\/wp-json\/wp\/v2\/product"}],"about":[{"href":"http:\/\/ksiegarnia-akademicka.pl\/index.php\/wp-json\/wp\/v2\/types\/product"}],"wp:featuredmedia":[{"embeddable":true,"href":"http:\/\/ksiegarnia-akademicka.pl\/index.php\/wp-json\/wp\/v2\/media\/14317"}],"wp:attachment":[{"href":"http:\/\/ksiegarnia-akademicka.pl\/index.php\/wp-json\/wp\/v2\/media?parent=14316"}],"wp:term":[{"taxonomy":"product_brand","embeddable":true,"href":"http:\/\/ksiegarnia-akademicka.pl\/index.php\/wp-json\/wp\/v2\/product_brand?post=14316"},{"taxonomy":"product_cat","embeddable":true,"href":"http:\/\/ksiegarnia-akademicka.pl\/index.php\/wp-json\/wp\/v2\/product_cat?post=14316"},{"taxonomy":"product_tag","embeddable":true,"href":"http:\/\/ksiegarnia-akademicka.pl\/index.php\/wp-json\/wp\/v2\/product_tag?post=14316"}],"curies":[{"name":"wp","href":"https:\/\/api.w.org\/{rel}","templated":true}]}}