{"id":14301,"date":"2021-04-02T11:01:19","date_gmt":"2021-04-02T09:01:19","guid":{"rendered":"http:\/\/ksiegarnia-akademicka.pl\/?post_type=product&#038;p=14301"},"modified":"2021-04-02T11:01:20","modified_gmt":"2021-04-02T09:01:20","slug":"technika-chlodnicza","status":"publish","type":"product","link":"http:\/\/ksiegarnia-akademicka.pl\/index.php\/product\/technika-chlodnicza\/","title":{"rendered":"Technika ch\u0142odnicza"},"content":{"rendered":"<p>Autor:<br \/>\nDariusz Butrymowicz<br \/>\nWydawca: Wydawnictwo Naukowe PWN<br \/>\nOprawa: Mi\u0119kka<br \/>\nFormat: 16.5&#215;23.5cm<br \/>\nLiczba stron: 550<br \/>\nWydanie: 2<br \/>\nRok wydania: 2021<br \/>\nJ\u0119zyk wydania: polski<\/p>\n<p>Przedstawiamy kolejne, 2. wydanie bestsellerowego poradnika \u2013 kompendium dotycz\u0105cego techniki ch\u0142odniczej, mocno zwi\u0105zanego z certyfikacj\u0105 zawodu TECHNIKA CH\u0141ODNICZA oraz in\u017cynieria wykonuj\u0105cego zwi\u0105zane z tym czynno\u015bci.<br \/>\nRazem z niedawno wydanym podr\u0119cznikiem CH\u0141ODNICTWO I KLIMATYZACJA tworz\u0105 wyczerpuj\u0105cy pakiet wiedzy dotycz\u0105cy ch\u0142odnictwa, pomp ciep\u0142a i klimatyzacji.<br \/>\nDu\u017c\u0105 zalet\u0105 ksi\u0105\u017cki TECHNIKA CH\u0141ODNICZA jest przyst\u0119pna forma oraz bogate materia\u0142y praktyczne.<br \/>\nKsi\u0105\u017cka kierowana jest do profesjonalist\u00f3w \u2013 in\u017cynier\u00f3w przygotowuj\u0105cych si\u0119 do egzamin\u00f3w zawodowych, obs\u0142uguj\u0105cych urz\u0105dzenia ch\u0142odnicze, ale r\u00f3wnie\u017c przyda si\u0119 studentom techniki cieplnej czy ch\u0142odnictwa i klimatyzacji.<\/p>\n","protected":false},"excerpt":{"rendered":"<p>Autor: Dariusz Butrymowicz Wydawca: Wydawnictwo Naukowe PWN Oprawa: Mi\u0119kka Format: [&hellip;]<\/p>\n","protected":false},"featured_media":14302,"template":"","meta":[],"product_brand":[],"product_cat":[7709,41],"product_tag":[7692,8118],"class_list":{"0":"post-14301","1":"product","2":"type-product","3":"status-publish","4":"has-post-thumbnail","6":"product_cat-mechanika","7":"product_cat-nauki-techniczne","8":"product_tag-mechanika-techniczna","9":"product_tag-technika-chlodnicza","11":"first","12":"instock","13":"sale","14":"shipping-taxable","15":"purchasable","16":"product-type-simple"},"_links":{"self":[{"href":"http:\/\/ksiegarnia-akademicka.pl\/index.php\/wp-json\/wp\/v2\/product\/14301","targetHints":{"allow":["GET"]}}],"collection":[{"href":"http:\/\/ksiegarnia-akademicka.pl\/index.php\/wp-json\/wp\/v2\/product"}],"about":[{"href":"http:\/\/ksiegarnia-akademicka.pl\/index.php\/wp-json\/wp\/v2\/types\/product"}],"wp:featuredmedia":[{"embeddable":true,"href":"http:\/\/ksiegarnia-akademicka.pl\/index.php\/wp-json\/wp\/v2\/media\/14302"}],"wp:attachment":[{"href":"http:\/\/ksiegarnia-akademicka.pl\/index.php\/wp-json\/wp\/v2\/media?parent=14301"}],"wp:term":[{"taxonomy":"product_brand","embeddable":true,"href":"http:\/\/ksiegarnia-akademicka.pl\/index.php\/wp-json\/wp\/v2\/product_brand?post=14301"},{"taxonomy":"product_cat","embeddable":true,"href":"http:\/\/ksiegarnia-akademicka.pl\/index.php\/wp-json\/wp\/v2\/product_cat?post=14301"},{"taxonomy":"product_tag","embeddable":true,"href":"http:\/\/ksiegarnia-akademicka.pl\/index.php\/wp-json\/wp\/v2\/product_tag?post=14301"}],"curies":[{"name":"wp","href":"https:\/\/api.w.org\/{rel}","templated":true}]}}