{"id":14294,"date":"2021-04-02T10:46:00","date_gmt":"2021-04-02T08:46:00","guid":{"rendered":"http:\/\/ksiegarnia-akademicka.pl\/?post_type=product&#038;p=14294"},"modified":"2021-04-02T10:46:01","modified_gmt":"2021-04-02T08:46:01","slug":"usuwanie-odpadow","status":"publish","type":"product","link":"http:\/\/ksiegarnia-akademicka.pl\/index.php\/product\/usuwanie-odpadow\/","title":{"rendered":"Usuwanie odpad\u00f3w"},"content":{"rendered":"<p>Marek G\u00f3rski<br \/>\nWydawnictwo: Wolters Kluwer Polska<br \/>\nRok publikacji: 2021<br \/>\nWydanie: 1<br \/>\nLiczba stron: 224<br \/>\nSeria: Poradniki LEX<br \/>\nOk\u0142adka: mi\u0119kka<br \/>\nFormat: A5<\/p>\n<p>W ksi\u0105\u017cce dok\u0142adnie om\u00f3wiono nowe przepisy dotycz\u0105ce problematyki usuwania odpad\u00f3w. S\u0105 to regulacje niezwykle wa\u017cne ze wzgl\u0119du na ilo\u015b\u0107 gromadzonych odpad\u00f3w i zagro\u017cenia z tym zwi\u0105zane. W opracowaniu przybli\u017cono, na czym polegaj\u0105 zmiany wprowadzone przez now\u0105 instytucj\u0119 prawn\u0105 ustawy o odpadach, a tak\u017ce jakie problemy praktyczne mog\u0105 wyst\u0105pi\u0107 w czasie ich stosowania.<br \/>\nPublikacja analizuje takie tematy jak:<br \/>\n&#8211; poj\u0119cie odpad\u00f3w oraz kwestie produkt\u00f3w ubocznych i utraty statusu odpad\u00f3w,<br \/>\n&#8211; tryby post\u0119powania w zakresie skonkretyzowania i wykonania obowi\u0105zku usuni\u0119cia odpad\u00f3w,<br \/>\n&#8211; finansowanie usuni\u0119cia odpad\u00f3w,<br \/>\n&#8211; nadz\u00f3r i egzekucja obowi\u0105zku usuni\u0119cia odpad\u00f3w,<\/p>\n<p>Ponadto w opracowaniu wskazano, kogo nale\u017cy uzna\u0107 za posiadacza odpad\u00f3w i wobec powy\u017cszego obci\u0105\u017cy\u0107 obowi\u0105zkiem ich usuni\u0119cia, a tak\u017ce zawarto pr\u00f3b\u0119 odpowiedzi na pytanie o to, czy zawsze ten obowi\u0105zek ma by\u0107 adresowany w\u0142a\u015bnie do posiadacza. Zwr\u00f3cono r\u00f3wnie\u017c uwag\u0119 na problematyk\u0119 magazynowania i sk\u0142adowania odpad\u00f3w, a tak\u017ce na post\u0119powanie z odpadami budowlanymi czy pochodz\u0105cymi z wypadk\u00f3w.<\/p>\n<p>Publikacja przeznaczona jest dla pracownik\u00f3w administracji rz\u0105dowej i samorz\u0105dowej, przedsi\u0119biorc\u00f3w zajmuj\u0105cych si\u0119 usuwaniem odpad\u00f3w, a tak\u017ce dla radc\u00f3w prawnych, adwokat\u00f3w czy s\u0119dzi\u00f3w. Zainteresuje r\u00f3wnie\u017c pracownik\u00f3w naukowych oraz student\u00f3w prawa, administracji, zarz\u0105dzania lub ochrony \u015brodowiska.<\/p>\n","protected":false},"excerpt":{"rendered":"<p>Marek G\u00f3rski Wydawnictwo: Wolters Kluwer Polska Rok publikacji: 2021 Wydanie: [&hellip;]<\/p>\n","protected":false},"featured_media":14295,"template":"","meta":[],"product_brand":[],"product_cat":[7494,39],"product_tag":[4045,486],"class_list":{"0":"post-14294","1":"product","2":"type-product","3":"status-publish","4":"has-post-thumbnail","6":"product_cat-samorzad-terytorialny","7":"product_cat-srodowisko-prawo-i-zarzadzanie","8":"product_tag-ochrona-srodowiska","9":"product_tag-samorzad-terytorialny","11":"first","12":"instock","13":"sale","14":"shipping-taxable","15":"purchasable","16":"product-type-simple"},"_links":{"self":[{"href":"http:\/\/ksiegarnia-akademicka.pl\/index.php\/wp-json\/wp\/v2\/product\/14294","targetHints":{"allow":["GET"]}}],"collection":[{"href":"http:\/\/ksiegarnia-akademicka.pl\/index.php\/wp-json\/wp\/v2\/product"}],"about":[{"href":"http:\/\/ksiegarnia-akademicka.pl\/index.php\/wp-json\/wp\/v2\/types\/product"}],"wp:featuredmedia":[{"embeddable":true,"href":"http:\/\/ksiegarnia-akademicka.pl\/index.php\/wp-json\/wp\/v2\/media\/14295"}],"wp:attachment":[{"href":"http:\/\/ksiegarnia-akademicka.pl\/index.php\/wp-json\/wp\/v2\/media?parent=14294"}],"wp:term":[{"taxonomy":"product_brand","embeddable":true,"href":"http:\/\/ksiegarnia-akademicka.pl\/index.php\/wp-json\/wp\/v2\/product_brand?post=14294"},{"taxonomy":"product_cat","embeddable":true,"href":"http:\/\/ksiegarnia-akademicka.pl\/index.php\/wp-json\/wp\/v2\/product_cat?post=14294"},{"taxonomy":"product_tag","embeddable":true,"href":"http:\/\/ksiegarnia-akademicka.pl\/index.php\/wp-json\/wp\/v2\/product_tag?post=14294"}],"curies":[{"name":"wp","href":"https:\/\/api.w.org\/{rel}","templated":true}]}}