{"id":14276,"date":"2021-03-31T10:31:45","date_gmt":"2021-03-31T08:31:45","guid":{"rendered":"http:\/\/ksiegarnia-akademicka.pl\/?post_type=product&#038;p=14276"},"modified":"2024-12-05T08:36:39","modified_gmt":"2024-12-05T07:36:39","slug":"ginekologia-diagnostyka-roznicowa-i-terapia-2","status":"publish","type":"product","link":"http:\/\/ksiegarnia-akademicka.pl\/index.php\/product\/ginekologia-diagnostyka-roznicowa-i-terapia-2\/","title":{"rendered":"GINEKOLOGIA. DIAGNOSTYKA R\u00d3\u017bNICOWA I TERAPIA"},"content":{"rendered":"<p>T. Fehm, W. Janni, E. Stickeler, C.B. Tempfer<br \/>\nred. K. Czajkowski<br \/>\nWydawnictwo Edra Urban &amp; Partner<br \/>\nliczba stron\t258<br \/>\nrok wydania\t2021<br \/>\nformat\t210 x 270, opr. twarda<br \/>\nISBN\t978-83-66548-76-3<\/p>\n<p>Wiedza na temat podstawowych zasad diagnostyki i leczenia jest niezb\u0119dna ka\u017cdemu lekarzowi. Wiadomo\u015bci z obszernych podr\u0119cznik\u00f3w akademickich, skupiaj\u0105cych si\u0119 na niuansach zwi\u0105zanych z patofizjologi\u0105 choroby i objawami w praktyce klinicznej miewaj\u0105 ograniczon\u0105 przydatno\u015b\u0107. Lekarz w obliczu konkretnego chorego powinien sprawnie postawi\u0107 diagnoz\u0119, zaproponowa\u0107 badania niezb\u0119dne dla potwierdzenia rozpoznania i prowadzenia terapii.<\/p>\n<p>Podr\u0119cznik jest swoist\u0105 map\u0105 drogow\u0105 obejmuj\u0105c\u0105 praktyczne post\u0119powanie diagnostyczne i terapeutyczne w ginekologii. Jest on podzielony na cz\u0119\u015b\u0107 diagnostyczn\u0105 i terapeutyczn\u0105. W ka\u017cdej z nich zawarto szczeg\u00f3\u0142owe schematy ustalania rozpoznania i co wa\u017cne propozycje post\u0119powania w zale\u017cno\u015bci od specyfiki danej choroby. Takie rozwi\u0105zanie pozwala na \u0142atwe przyswojenie wiedzy i przyspiesza mo\u017cliwo\u015b\u0107 podj\u0119cia decyzji terapeutycznej.<\/p>\n<p>I Od objawu do rozpoznania<br \/>\n1 Niep\u0142odno\u015b\u0107<br \/>\n2 Pierwotny brak miesi\u0105czki<br \/>\n3 Wt\u00f3rny brak miesi\u0105czki<br \/>\n4 Zwi\u0119kszone ow\u0142osienie\/hirsutyzm<br \/>\n5 Przedwczesne dojrzewanie p\u0142ciowe<br \/>\n6 Op\u00f3\u017anione dojrzewanie p\u0142ciowe<br \/>\n7 Dolegliwo\u015bci menopauzalne<br \/>\n8 Poronienia nawracaj\u0105ce<br \/>\n9 Wypadanie w\u0142os\u00f3w<br \/>\n10 Palpacyjne zmiany sutka<br \/>\n11 Wydzielina z sutka<br \/>\n12 Zmiana kszta\u0142tu i wielko\u015bci piersi<br \/>\n13 Po\u0142ogowe zapalenie sutka<br \/>\n14 Pozapo\u0142ogowe zapalenie sutka<br \/>\n15 Obrz\u0119k do\u0142u pachowego<br \/>\n16 Zmiany sk\u00f3ry sutka<br \/>\n17 Zmiany wypryskowe sutka<br \/>\n18 Mastodynia<br \/>\n19 Hematuria (krwiomocz)<br \/>\n20 Dyzuria<br \/>\n21 Parcia nagl\u0105ce<br \/>\n22 Nietrzymanie moczu<br \/>\n23 Zatrzymanie moczu<br \/>\n24 Uczucie cia\u0142a obcego\/obni\u017cenia narz\u0105du rodnego<br \/>\n25 Nietrzymanie ka\u0142u<br \/>\n26 Dyschezja<br \/>\n27 B\u00f3le okolicy l\u0119d\u017awiowej<br \/>\n28 \u015awi\u0105d sromu<br \/>\n29 Zmiany sk\u00f3ry sromu<br \/>\n30 Guzy sromu<br \/>\n31 Obrz\u0119k warg sromowych<br \/>\n32 Zmiany kszta\u0142tu warg sromowych<br \/>\n33 Wulwodynia<br \/>\n34 Up\u0142awy<br \/>\n35 Dyspareunia<br \/>\n36 \u015awi\u0105d pochwy<br \/>\n37 Zmiany guzowate szyjki macicy i pochwy<br \/>\n38 Aplazja pochwy<br \/>\n39 Przetoka odbytniczo-pochwowa\/p\u0119cherzowo-pochwowa<br \/>\n40 Sucho\u015b\u0107 pochwy<br \/>\n41 Nieprawid\u0142owy rozmaz cytologiczny<br \/>\n42 Ostry brzuch<br \/>\n43 Przewlek\u0142e b\u00f3le podbrzusza<br \/>\n44 Guz miednicy ma\u0142ej<br \/>\n45 Wodobrzusze<br \/>\n46 Obrz\u0119k pachwiny<br \/>\n47 Przyrost obwodu brzucha<br \/>\n48 Guz pow\u0142ok brzusznych<br \/>\n49 Dysmenorrhea<br \/>\n50 Nieprawid\u0142owe krwawienia maciczne<br \/>\n51 Krwawienie pomenopauzalne<br \/>\n52 Widoczne w USG nieprawid\u0142owo\u015bci jamy macicy<br \/>\n53 Nieprawid\u0142owo\u015bci endometrium w USG<br \/>\n54 Guzy macicy<br \/>\n55 Objawy B<br \/>\n56 Diagnostyka ginekologiczna w obrz\u0119kach ko\u0144czyn dolnych<br \/>\n57 Diagnostyka ginekologiczna w obrz\u0119kach ko\u0144czyn g\u00f3rnych<br \/>\nII Od diagnozy do terapii<br \/>\n58 Zaburzenia cyklu<br \/>\n59 Zesp\u00f3\u0142 hiperstymulacji jajnik\u00f3w<br \/>\n60 Poronienia nawracaj\u0105ce<br \/>\n61 Przedwczesne wygasanie czynno\u015bci jajnik\u00f3w<br \/>\n62 Dolegliwo\u015bci menopauzalne<br \/>\n63 Zmiany wypryskowe sutka<br \/>\n64 Zmiany kszta\u0142tu i wielko\u015bci piersi<br \/>\n65 Ginekomastia<br \/>\n66 Zapalenie i ropie\u0144 piersi<br \/>\n67 \u0141agodne guzy piersi<br \/>\n68 Przednowotworowe zmiany piersi<br \/>\n69 Rak piersi<br \/>\n70 Choroba Pageta sutka<br \/>\n71 Nietrzymanie moczu<br \/>\n72 Obni\u017cenie narz\u0105du rodnego<br \/>\n73 Zaka\u017cenia dr\u00f3g moczowych<br \/>\n74 Choroby przenoszone drog\u0105 p\u0142ciow\u0105<br \/>\n74.1 Chlamydia trachomatis<br \/>\n74.2 K\u0142ykciny ko\u0144czyste<br \/>\n74.3 Wszawica \u0142onowa<br \/>\n74.4 Rze\u017c\u0105czka<br \/>\n74.5 Ziarniniak pachwinowy<br \/>\n74.6 Ziarnica weneryczna pachwin<br \/>\n74.7 Mi\u0119czak zaka\u017any<br \/>\n74.8 Mycoplasma genitalium<br \/>\n74.9 \u015awierzb<br \/>\n74.10 Ki\u0142a<br \/>\n74.11 Rz\u0119sistek pochwowy<br \/>\n74.12 Wrz\u00f3d mi\u0119kki<br \/>\n75 Opryszczka genitalna<br \/>\n76 Liszaj twardzinowy<br \/>\n77 Zmiany kszta\u0142tu warg sromowych<br \/>\n78 Wulwodynia<br \/>\n79 Torbiel\/ropie\u0144 gruczo\u0142u Bartholina<br \/>\n80 \u015ar\u00f3dnab\u0142onkowa neoplazja sromu<br \/>\n81 Rak sromu<br \/>\n82 Zapalenie pochwy<br \/>\n83 \u015ar\u00f3dnab\u0142onkowa neoplazja pochwy<br \/>\n84 Rak pochwy<br \/>\n85 \u015ar\u00f3dnab\u0142onkowa neoplazja szyjki macicy<br \/>\n86 Rak szyjki macicy<br \/>\n87 Zapalenie miednicy mniejszej (PID)<br \/>\n88 Ropie\u0144 jajnikowo-jajowodowy<br \/>\n89 Torbiele jajnika\/wodniaki jajowodu<br \/>\n90 Rak jajnika<br \/>\n91 Endometrioza<br \/>\n92 Rozrost endometrium<br \/>\n93 Wady macicy<br \/>\n94 Zesp\u00f3\u0142 Ashermana<br \/>\n95 Mi\u0119\u015bniaki macicy<br \/>\n96 Mi\u0119saki macicy<br \/>\n97 Rak b\u0142ony \u015bluzowej macicy<br \/>\n98 Guzy trofoblastu<br \/>\n99 Nietrzymanie ka\u0142u<br \/>\n100 Dyspareunia<br \/>\n101 Wady pochwy<br \/>\n102 Ci\u0105\u017ca ektopowa<br \/>\n103 Guz pow\u0142ok brzusznych<br \/>\n104 Obrz\u0119k ko\u0144czyn dolnych<br \/>\n105 Obrz\u0119ki ko\u0144czyn g\u00f3rnych<\/p>\n","protected":false},"excerpt":{"rendered":"<p>T. Fehm, W. Janni, E. Stickeler, C.B. Tempfer red. K. [&hellip;]<\/p>\n","protected":false},"featured_media":14277,"template":"","meta":[],"product_brand":[],"product_cat":[7493,8031],"product_tag":[4919],"class_list":{"0":"post-14276","1":"product","2":"type-product","3":"status-publish","4":"has-post-thumbnail","6":"product_cat-medycyna","7":"product_cat-poloznictwo-ginekologia","8":"product_tag-ginekologia","10":"first","11":"instock","12":"sale","13":"shipping-taxable","14":"purchasable","15":"product-type-simple"},"_links":{"self":[{"href":"http:\/\/ksiegarnia-akademicka.pl\/index.php\/wp-json\/wp\/v2\/product\/14276","targetHints":{"allow":["GET"]}}],"collection":[{"href":"http:\/\/ksiegarnia-akademicka.pl\/index.php\/wp-json\/wp\/v2\/product"}],"about":[{"href":"http:\/\/ksiegarnia-akademicka.pl\/index.php\/wp-json\/wp\/v2\/types\/product"}],"wp:featuredmedia":[{"embeddable":true,"href":"http:\/\/ksiegarnia-akademicka.pl\/index.php\/wp-json\/wp\/v2\/media\/14277"}],"wp:attachment":[{"href":"http:\/\/ksiegarnia-akademicka.pl\/index.php\/wp-json\/wp\/v2\/media?parent=14276"}],"wp:term":[{"taxonomy":"product_brand","embeddable":true,"href":"http:\/\/ksiegarnia-akademicka.pl\/index.php\/wp-json\/wp\/v2\/product_brand?post=14276"},{"taxonomy":"product_cat","embeddable":true,"href":"http:\/\/ksiegarnia-akademicka.pl\/index.php\/wp-json\/wp\/v2\/product_cat?post=14276"},{"taxonomy":"product_tag","embeddable":true,"href":"http:\/\/ksiegarnia-akademicka.pl\/index.php\/wp-json\/wp\/v2\/product_tag?post=14276"}],"curies":[{"name":"wp","href":"https:\/\/api.w.org\/{rel}","templated":true}]}}