{"id":14254,"date":"2021-03-31T09:59:06","date_gmt":"2021-03-31T07:59:06","guid":{"rendered":"http:\/\/ksiegarnia-akademicka.pl\/?post_type=product&#038;p=14254"},"modified":"2021-03-31T09:59:07","modified_gmt":"2021-03-31T07:59:07","slug":"krotkie-odpowiedzi-na-wielkie-pytania-tytul-oryginalny-brief-answers-to-the-big-questions","status":"publish","type":"product","link":"http:\/\/ksiegarnia-akademicka.pl\/index.php\/product\/krotkie-odpowiedzi-na-wielkie-pytania-tytul-oryginalny-brief-answers-to-the-big-questions\/","title":{"rendered":"Kr\u00f3tkie odpowiedzi na wielkie pytania Tytu\u0142 oryginalny: Brief Answers to The Big Questions"},"content":{"rendered":"<p>Autor:<br \/>\nStephen Hawking<br \/>\nT\u0142umacze: Kro\u015bniak Marek<br \/>\nWydawca: Zysk i S-ka<br \/>\nOprawa: Twarda<br \/>\nFormat: 13.5&#215;20.5cm<br \/>\nLiczba stron: 224<br \/>\nWydanie: 1<br \/>\nRok wydania: 2020<br \/>\nJ\u0119zyk wydania: polski<\/p>\n<p>Kr\u00f3tkie odpowiedzi na wielkie pytania<br \/>\n\u015awiatowej s\u0142awy kosmolog i autor bestsellera nad bestsellerami Kr\u00f3tka historia czasu pozostawi\u0142 nam swoje odpowiedzi na najistotniejsze pytania o nasze miejsce i przysz\u0142o\u015b\u0107 we wszech\u015bwiecie<br \/>\nSk\u0105d si\u0119 wzi\u0119li\u015bmy? Czy ostatecznie przetrwamy? Czy post\u0119p techniki uchroni nas przed zag\u0142ad\u0105? W jaki spos\u00f3b mogliby\u015bmy w pe\u0142ni rozwin\u0105\u0107 skrzyd\u0142a?<br \/>\nStephen Hawking zosta\u0142 uznany za jeden z najwi\u0119kszych umys\u0142\u00f3w naszych czas\u00f3w, a jego heroiczne zmagania z chorob\u0105, odk\u0105d w wieku dwudziestu jeden lat zdiagnozowano u niego stwardnienie zanikowe boczne, stanowi\u0105 trwa\u0142e \u017ar\u00f3d\u0142o inspiracji dla nas wszystkich. Zas\u0142yn\u0105\u0142 zar\u00f3wno z prze\u0142omowych dokona\u0144 w dziedzinie fizyki teoretycznej, jak i z nadzwyczajnej umiej\u0119tno\u015bci obja\u015bniania skomplikowanych poj\u0119\u0107 w spos\u00f3b przyst\u0119pny dla ka\u017cdego. Uwielbiano go r\u00f3wnie\u017c za szelmowskie poczucie humoru. Bezpo\u015brednio przed \u015bmierci\u0105 pracowa\u0142 nad swym ostatnim dzie\u0142em \u2013 zestawieniem odpowiedzi na \u201ewielkie\u201d pytania, kt\u00f3re tak cz\u0119sto stawia\u0142, wykraczaj\u0105c poza granice \u015bci\u015ble akademickich bada\u0144.<br \/>\nW swojej ostatniej ksi\u0105\u017cce Hawking przedstawia pogl\u0105dy dotycz\u0105ce najpowa\u017cniejszych zagro\u017ce\u0144, przed jakimi stoi ludzko\u015b\u0107, oraz tego, jaka przysz\u0142o\u015b\u0107 zarysowuje si\u0119 przed ziemskim globem. Ka\u017cd\u0105 cz\u0119\u015b\u0107 rozpoczyna wprowadzenie pi\u00f3ra wybitnego intelektualisty, kt\u00f3ry nakre\u015bla swoj\u0105 w\u0142asn\u0105 ocen\u0119 wk\u0142adu profesora Hawkinga do gmachu naszej wiedzy. Ksi\u0105\u017cka zawiera r\u00f3wnie\u017c przedmow\u0119 laureata Oscara Eddiego Redmayne\u2019a, kt\u00f3ry gra\u0142 posta\u0107 Hawkinga w filmie Teoria wszystkiego oraz pos\u0142owie napisane przez c\u00f3rk\u0119 Hawkinga, Lucy Hawking, a ponadto prywatne zdj\u0119cia i inne materia\u0142y archiwalne.<\/p>\n","protected":false},"excerpt":{"rendered":"<p>Autor: Stephen Hawking T\u0142umacze: Kro\u015bniak Marek Wydawca: Zysk i S-ka [&hellip;]<\/p>\n","protected":false},"featured_media":14255,"template":"","meta":[],"product_brand":[],"product_cat":[8038],"product_tag":[7263,129],"class_list":{"0":"post-14254","1":"product","2":"type-product","3":"status-publish","4":"has-post-thumbnail","6":"product_cat-fizyka","7":"product_tag-astrofizyka","8":"product_tag-fizyka","10":"first","11":"instock","12":"sale","13":"shipping-taxable","14":"purchasable","15":"product-type-simple"},"_links":{"self":[{"href":"http:\/\/ksiegarnia-akademicka.pl\/index.php\/wp-json\/wp\/v2\/product\/14254","targetHints":{"allow":["GET"]}}],"collection":[{"href":"http:\/\/ksiegarnia-akademicka.pl\/index.php\/wp-json\/wp\/v2\/product"}],"about":[{"href":"http:\/\/ksiegarnia-akademicka.pl\/index.php\/wp-json\/wp\/v2\/types\/product"}],"wp:featuredmedia":[{"embeddable":true,"href":"http:\/\/ksiegarnia-akademicka.pl\/index.php\/wp-json\/wp\/v2\/media\/14255"}],"wp:attachment":[{"href":"http:\/\/ksiegarnia-akademicka.pl\/index.php\/wp-json\/wp\/v2\/media?parent=14254"}],"wp:term":[{"taxonomy":"product_brand","embeddable":true,"href":"http:\/\/ksiegarnia-akademicka.pl\/index.php\/wp-json\/wp\/v2\/product_brand?post=14254"},{"taxonomy":"product_cat","embeddable":true,"href":"http:\/\/ksiegarnia-akademicka.pl\/index.php\/wp-json\/wp\/v2\/product_cat?post=14254"},{"taxonomy":"product_tag","embeddable":true,"href":"http:\/\/ksiegarnia-akademicka.pl\/index.php\/wp-json\/wp\/v2\/product_tag?post=14254"}],"curies":[{"name":"wp","href":"https:\/\/api.w.org\/{rel}","templated":true}]}}