{"id":14252,"date":"2021-03-31T09:56:26","date_gmt":"2021-03-31T07:56:26","guid":{"rendered":"http:\/\/ksiegarnia-akademicka.pl\/?post_type=product&#038;p=14252"},"modified":"2021-03-31T09:56:48","modified_gmt":"2021-03-31T07:56:48","slug":"jeszcze-krotsza-historia-czasu-tytul-oryginalny-a-briefer-history-of-time","status":"publish","type":"product","link":"http:\/\/ksiegarnia-akademicka.pl\/index.php\/product\/jeszcze-krotsza-historia-czasu-tytul-oryginalny-a-briefer-history-of-time\/","title":{"rendered":"Jeszcze kr\u00f3tsza historia czasu Tytu\u0142 oryginalny: A Briefer History of Time"},"content":{"rendered":"<p>Autor:<br \/>\nStephen Hawking<br \/>\nLeonard Mlodinow<br \/>\nT\u0142umacze: Biero\u0144 Jacek<br \/>\nWydawca: Zysk i S-ka<br \/>\nOprawa: Twarda z obwolut\u0105<br \/>\nFormat: 16.0&#215;24.0cm<br \/>\nLiczba stron: 224<br \/>\nWydanie: 1<br \/>\nRok wydania: 2020<br \/>\nJ\u0119zyk wydania: polski<\/p>\n<p>Przyst\u0119pniejsza wersja klasyki literatury popularnonaukowej<br \/>\nBardziej zwi\u0119z\u0142a<br \/>\nIlustrowana<br \/>\nUzupe\u0142niona o najnowsze wyniki bada\u0144<br \/>\nKr\u00f3tka historia czasu, \u015bwiatowy bestseller Stephena Hawkinga, wesz\u0142a do kanonu literatury popularnonaukowej. Do jej sukcesu przyczyni\u0142y si\u0119 zar\u00f3wno renoma autora, jak i zagadnienia, kt\u00f3rymi si\u0119 w ksi\u0105\u017cce zajmuje: natura przestrzeni i czasu, rola Boga w akcie stworzenia, historia oraz przysz\u0142o\u015b\u0107 wszech\u015bwiata. Czytelnicy wielokrotnie zwracali uwag\u0119 profesorowi Hawkingowi na trudno\u015bci ze zrozumieniem niekt\u00f3rych spo\u015br\u00f3d najbardziej istotnych koncepcji omawianych w jego ksi\u0105\u017cce.<br \/>\nTakie te\u017c by\u0142y przyczyny powstania Jeszcze kr\u00f3tszej historii czasu &#8211; d\u0105\u017cenie autora do uczynienia jej zawarto\u015bci bardziej przyst\u0119pnej dla czytelnik\u00f3w, a tak\u017ce uzupe\u0142nienie o najnowsze obserwacje oraz odkrycia naukowe.<br \/>\nNiniejsza ksi\u0105\u017cka jest wprawdzie w najbardziej dos\u0142ownym sensie &#8222;kr\u00f3tsza&#8221;, lecz niekt\u00f3re spo\u015br\u00f3d g\u0142\u00f3wnych zagadnie\u0144 s\u0105 w rzeczywisto\u015bci potraktowane bardziej szczeg\u00f3\u0142owo ni\u017c pierwotnie, pomini\u0119to natomiast pewne czysto techniczne zagadnienia, takie jak cho\u0107by matematyka chaotycznych warunk\u00f3w brzegowych. Jednak niekt\u00f3rym spo\u015br\u00f3d bardziej popularnych zagadnie\u0144 &#8211; mi\u0119dzy innymi teorii wzgl\u0119dno\u015bci, zakrzywieniu czasoprzestrzeni, teorii kwantowej &#8211; kt\u00f3re by\u0142y trudne do zrozumienia, poniewa\u017c by\u0142y porozrzucane w r\u00f3\u017cnych cz\u0119\u015bciach ksi\u0105\u017cki, po\u015bwi\u0119cono osobne rozdzia\u0142y.<br \/>\nZmiany te pozwoli\u0142y autorom rozwin\u0105\u0107 szczeg\u00f3lnie interesuj\u0105ce tematy, jak r\u00f3wnie\u017c w\u0142\u0105czy\u0107 do ksi\u0105\u017cki wyniki bie\u017c\u0105cych bada\u0144, od najnowszych odkry\u0107 w teorii strun po fascynuj\u0105ce osi\u0105gni\u0119cia w poszukiwaniach jednolitej teorii wszystkich si\u0142 natury. Podobnie jak poprzednie wydania ksi\u0105\u017cki &#8211; a mo\u017ce nawet w wi\u0119kszym stopniu &#8211; Jeszcze kr\u00f3tsza historia czasu b\u0119dzie dla niespecjalist\u00f3w przewodnikiem po aktualnych tematach bada\u0144, odkryciach oraz poszukiwaniach tajemnic natury i sekret\u00f3w kryj\u0105cych si\u0119 w zakamarkach przestrzeni i czasu.<br \/>\nTekst uzupe\u0142nia trzydzie\u015bci siedem kolorowych ilustracji, kt\u00f3re czyni\u0105 z Jeszcze kr\u00f3tszej historii czasu r\u00f3wnie warto\u015bciow\u0105 pozycj\u0119 literatury popularnonaukowej, jak jej poprzedniczka.<\/p>\n","protected":false},"excerpt":{"rendered":"<p>Autor: Stephen Hawking Leonard Mlodinow T\u0142umacze: Biero\u0144 Jacek Wydawca: Zysk [&hellip;]<\/p>\n","protected":false},"featured_media":14253,"template":"","meta":[],"product_brand":[],"product_cat":[8038],"product_tag":[7263,129],"class_list":{"0":"post-14252","1":"product","2":"type-product","3":"status-publish","4":"has-post-thumbnail","6":"product_cat-fizyka","7":"product_tag-astrofizyka","8":"product_tag-fizyka","10":"first","11":"instock","12":"sale","13":"shipping-taxable","14":"purchasable","15":"product-type-simple"},"_links":{"self":[{"href":"http:\/\/ksiegarnia-akademicka.pl\/index.php\/wp-json\/wp\/v2\/product\/14252","targetHints":{"allow":["GET"]}}],"collection":[{"href":"http:\/\/ksiegarnia-akademicka.pl\/index.php\/wp-json\/wp\/v2\/product"}],"about":[{"href":"http:\/\/ksiegarnia-akademicka.pl\/index.php\/wp-json\/wp\/v2\/types\/product"}],"wp:featuredmedia":[{"embeddable":true,"href":"http:\/\/ksiegarnia-akademicka.pl\/index.php\/wp-json\/wp\/v2\/media\/14253"}],"wp:attachment":[{"href":"http:\/\/ksiegarnia-akademicka.pl\/index.php\/wp-json\/wp\/v2\/media?parent=14252"}],"wp:term":[{"taxonomy":"product_brand","embeddable":true,"href":"http:\/\/ksiegarnia-akademicka.pl\/index.php\/wp-json\/wp\/v2\/product_brand?post=14252"},{"taxonomy":"product_cat","embeddable":true,"href":"http:\/\/ksiegarnia-akademicka.pl\/index.php\/wp-json\/wp\/v2\/product_cat?post=14252"},{"taxonomy":"product_tag","embeddable":true,"href":"http:\/\/ksiegarnia-akademicka.pl\/index.php\/wp-json\/wp\/v2\/product_tag?post=14252"}],"curies":[{"name":"wp","href":"https:\/\/api.w.org\/{rel}","templated":true}]}}