{"id":14250,"date":"2021-03-31T09:53:47","date_gmt":"2021-03-31T07:53:47","guid":{"rendered":"http:\/\/ksiegarnia-akademicka.pl\/?post_type=product&#038;p=14250"},"modified":"2023-12-06T08:56:40","modified_gmt":"2023-12-06T07:56:40","slug":"ilustrowana-teoria-wszystkiego-tytul-oryginalny-the-illustrated-theory-of-everything","status":"publish","type":"product","link":"http:\/\/ksiegarnia-akademicka.pl\/index.php\/product\/ilustrowana-teoria-wszystkiego-tytul-oryginalny-the-illustrated-theory-of-everything\/","title":{"rendered":"Ilustrowana teoria wszystkiego Tytu\u0142 oryginalny: The Illustrated Theory of Everything"},"content":{"rendered":"<p>Autor:<br \/>\nStephen Hawking<br \/>\nT\u0142umacze: Amsterdamski Piotr<br \/>\nWydawca: Zysk i S-ka<br \/>\nOprawa: Twarda z obwolut\u0105<br \/>\nFormat: 19.7&#215;25.7<br \/>\nLiczba stron: 136<br \/>\nWydanie: 1<br \/>\nRok wydania: 2020<br \/>\nJ\u0119zyk wydania: polski<\/p>\n<p>HISTORIA WSZECH\u015aWIATA W PIGU\u0141CE<br \/>\nStephen Hawking jest uwa\u017cany za jeden z najznakomitszych umys\u0142\u00f3w wsp\u00f3\u0142czesnego \u015bwiata: jako znakomity fizyk teoretyk przyczyni\u0142 si\u0119 do ustalenia nowego pogl\u0105du na budow\u0119 wszech\u015bwiata i materi\u0119, kt\u00f3ra go wype\u0142nia. Ilustrowana teoria wszystkiego sk\u0142ada si\u0119 z siedmiu wyk\u0142ad\u00f3w, w kt\u00f3rych autor wyja\u015bnia histori\u0119 znanego nam wszech\u015bwiata. Wyk\u0142ady s\u0105 znakomitym odbiciem nie tylko jego niezwyk\u0142ej inteligencji, ale r\u00f3wnie\u017c charakterystycznego poczucia humoru.<br \/>\nHawking zaczyna od historii naszych pogl\u0105d\u00f3w kosmologicznych, od twierdzenia Arystotelesa, \u017ce Ziemia jest kul\u0105, do odkrycia Hubble&#8217;a &#8211; ponad dwa tysi\u0105ce lat p\u00f3\u017aniej &#8211; \u017ce wszech\u015bwiat si\u0119 rozszerza. To stanowi dla niego punkt wyj\u015bcia w wyprawie do granic wsp\u00f3\u0142czesnej fizyki &#8211; omawia teorie powstania wszech\u015bwiata (m.in. teori\u0119 wielkiego wybuchu), czarne dziury i natur\u0119 czasoprzestrzeni. Na zako\u0144czenie rozwa\u017ca pytania, na kt\u00f3re fizycy jeszcze nie znaj\u0105 odpowiedzi &#8211; jak po\u0142\u0105czy\u0107 teorie opisuj\u0105ce r\u00f3\u017cne zjawiska w jedn\u0105, og\u00f3ln\u0105 &#8222;jednolit\u0105 teori\u0119 wszystkiego&#8221;. &#8222;Je\u015bli poznamy odpowied\u017a na to pytanie &#8211; twierdzi Stephen Hawking &#8211; b\u0119dzie to najwi\u0119kszy triumf ludzkiego rozumu.&#8221;<\/p>\n","protected":false},"excerpt":{"rendered":"<p>Autor: Stephen Hawking T\u0142umacze: Amsterdamski Piotr Wydawca: Zysk i S-ka [&hellip;]<\/p>\n","protected":false},"featured_media":14251,"template":"","meta":[],"product_brand":[],"product_cat":[8038],"product_tag":[7263,129],"class_list":{"0":"post-14250","1":"product","2":"type-product","3":"status-publish","4":"has-post-thumbnail","6":"product_cat-fizyka","7":"product_tag-astrofizyka","8":"product_tag-fizyka","10":"first","11":"outofstock","12":"sale","13":"shipping-taxable","14":"purchasable","15":"product-type-simple"},"_links":{"self":[{"href":"http:\/\/ksiegarnia-akademicka.pl\/index.php\/wp-json\/wp\/v2\/product\/14250","targetHints":{"allow":["GET"]}}],"collection":[{"href":"http:\/\/ksiegarnia-akademicka.pl\/index.php\/wp-json\/wp\/v2\/product"}],"about":[{"href":"http:\/\/ksiegarnia-akademicka.pl\/index.php\/wp-json\/wp\/v2\/types\/product"}],"wp:featuredmedia":[{"embeddable":true,"href":"http:\/\/ksiegarnia-akademicka.pl\/index.php\/wp-json\/wp\/v2\/media\/14251"}],"wp:attachment":[{"href":"http:\/\/ksiegarnia-akademicka.pl\/index.php\/wp-json\/wp\/v2\/media?parent=14250"}],"wp:term":[{"taxonomy":"product_brand","embeddable":true,"href":"http:\/\/ksiegarnia-akademicka.pl\/index.php\/wp-json\/wp\/v2\/product_brand?post=14250"},{"taxonomy":"product_cat","embeddable":true,"href":"http:\/\/ksiegarnia-akademicka.pl\/index.php\/wp-json\/wp\/v2\/product_cat?post=14250"},{"taxonomy":"product_tag","embeddable":true,"href":"http:\/\/ksiegarnia-akademicka.pl\/index.php\/wp-json\/wp\/v2\/product_tag?post=14250"}],"curies":[{"name":"wp","href":"https:\/\/api.w.org\/{rel}","templated":true}]}}