{"id":14235,"date":"2021-03-30T12:08:01","date_gmt":"2021-03-30T10:08:01","guid":{"rendered":"http:\/\/ksiegarnia-akademicka.pl\/?post_type=product&#038;p=14235"},"modified":"2021-03-30T12:08:47","modified_gmt":"2021-03-30T10:08:47","slug":"ustawa-o-krajowym-zasobie-nieruchomosci-komentarz","status":"publish","type":"product","link":"http:\/\/ksiegarnia-akademicka.pl\/index.php\/product\/ustawa-o-krajowym-zasobie-nieruchomosci-komentarz\/","title":{"rendered":"Ustawa o Krajowym Zasobie Nieruchomo\u015bci. Komentarz"},"content":{"rendered":"<p>Autor: Mariusz T. K\u0142oda, dr Aleksandra Sikorska-Lewandowska<br \/>\nWydawnictwo: C.H. Beck<br \/>\nSeria: Kr\u00f3tkie Komentarze Becka<br \/>\nRok wydania: 2021<br \/>\nOprawa: Mi\u0119kka<br \/>\nLiczba stron: 244<br \/>\nWymiary: 135&#215;220 mm<br \/>\nWaga: 240 g<br \/>\nISBN: 978-83-8235-292-4<\/p>\n<p>Pierwszy na rynku, kompleksowy komentarz do ustawy z 20.7.2017 r. o Krajowym Zasobie Nieruchomo\u015bci (t.j. Dz.U. z 2020 r. poz. 1100).<br \/>\nZasadniczym celem komentowanej ustawy jest poprawa rynku mieszkaniowego w Polsce. Uchwalaj\u0105c t\u0119 ustaw\u0119 przyj\u0119to, \u017ce do takiej poprawy powinny przyczyni\u0107 si\u0119 zwi\u0119kszenie poda\u017cy nieruchomo\u015bci pod budownictwo mieszkaniowe, w szczeg\u00f3lno\u015bci przez wykorzystanie nieruchomo\u015bci stanowi\u0105cych w\u0142asno\u015b\u0107 Skarbu Pa\u0144stwa, oraz budowa \u201eniedrogich mieszka\u0144&#8221; na wynajem.<\/p>\n<p>W pozycji w spos\u00f3b praktyczny om\u00f3wiono przepisy ustawy w ich aktualnej wersji, z uj\u0119ciem najnowszych zmian z 2021 r. wprowadzonych przez ustaw\u0119 z 10.12.2020 r. o zmianie niekt\u00f3rych ustaw wspieraj\u0105cych rozw\u00f3j mieszkalnictwa (Dz.U. z 2021 r. poz. 11), kt\u00f3ra dotyczy wsparcia budownictwa komunalnego i spo\u0142ecznego budownictwa czynszowego, jak r\u00f3wnie\u017c kierowanych bezpo\u015brednio do gospodarstw domowych form finansowego wsparcia w ponoszeniu wydatk\u00f3w mieszkaniowych, kt\u00f3rej adresatem b\u0119dzie m.in. Krajowy Zas\u00f3b Nieruchomo\u015bci. Nowelizacja ta proponuje przede wszystkim rozszerzenie mo\u017cliwo\u015bci dzia\u0142a\u0144 podejmowanych przez KZN w ramach gospodarowania Zasobem o mo\u017cliwo\u015b\u0107 tworzenia spo\u0142ecznych inicjatyw mieszkaniowych oraz przyst\u0119powania do istniej\u0105cych spo\u0142ecznych inicjatyw mieszkaniowych lub towarzystw budownictwa spo\u0142ecznego. Wi\u0119kszo\u015b\u0107 zmian odnosz\u0105cych si\u0119 do ustawy o KZN ma na celu doprecyzowanie obecnie obowi\u0105zuj\u0105cych przepis\u00f3w, kt\u00f3rych praktyczne stosowanie powodowa\u0142o utrudnienia KZN w realizacji podejmowanych zada\u0144 inwestycyjnych (m.in. rozszerzenie katalogu podmiot\u00f3w, z kt\u00f3rymi KZN mo\u017ce podejmowa\u0107 wsp\u00f3\u0142prac\u0119).<\/p>\n<p>Komentarz uwzgl\u0119dnia aktualny dorobek doktryny i judykatury dotycz\u0105cy przedmiotowych zagadnie\u0144.<\/p>\n<p>Celem publikacji jest rozwianie w\u0105tpliwo\u015bci rodz\u0105cych si\u0119 na tle wyk\u0142adni, w szczeg\u00f3lno\u015bci, \u017ce ustawa zawiera zlepek rozwi\u0105za\u0144 prawnych z r\u00f3\u017cnych dziedzin prawa. Jej wej\u015bcie w \u017cycie wymusi\u0142o nowelizacj\u0119 kilkunastu innych ustaw, w tym ustawy o w\u0142asno\u015bci lokali, ustawy \u2013 Prawo budowlane i ustawy o ochronie praw lokator\u00f3w, mieszkaniowym zasobie gminy i o zmianie Kodeksu cywilnego.<\/p>\n<p>Prezentowana publikacja omawia zagadnienia dotycz\u0105ce:<\/p>\n<p>przepis\u00f3w og\u00f3lnych (m.in. zakres przedmiotowy, nieruchomo\u015bci tworz\u0105ce Zas\u00f3b Nieruchomo\u015bci, obja\u015bnienie poj\u0119\u0107),<br \/>\nKrajowego Zasobu Nieruchomo\u015bci (m.in. zadania Krajowego Zasobu Nieruchomo\u015bci, forma organizacyjna Krajowego Nadzoru Nieruchomo\u015bci, zadania analityczne),<br \/>\norgan\u00f3w Krajowego Zasobu Nieruchomo\u015bci (m.in. nadz\u00f3r nad dzia\u0142alno\u015bci\u0105 KZN, sk\u0142ad Rady Nadzorczej, nab\u00f3r na stanowisko prezesa KZN),<br \/>\ngospodarki finansowania KZN (m.in. roczny plan finansowy, audyt sprawozda\u0144 finansowych KZN, zdolno\u015b\u0107 do zaci\u0105gania kredyt\u00f3w i po\u017cyczek),<br \/>\ngospodarowania nieruchomo\u015bciami (mi.in. przetarg, tryb przetargowy, nieodp\u0142atne przekazanie nieruchomo\u015bci, zakres umowy sp\u00f3\u0142ki celowej),<br \/>\nkontroli (m.in. zakres kontroli prezesa KZN, organ\u00f3w nadzoru budowalnego, obowi\u0105zki informacyjne o post\u0119pie prac),<br \/>\nprzepis\u00f3w dostosowuj\u0105cych, przej\u015bciowych i ko\u0144cowych (m.in. utworzenie KZN, pe\u0142nomocnik do spraw KZN, \u015brodki na pokrycie wyposa\u017cenia KZN).<br \/>\nKomentarz przeznaczony jest dla praktyk\u00f3w: adwokat\u00f3w, radc\u00f3w prawnych, doradc\u00f3w finansowych, aplikant\u00f3w zawod\u00f3w prawniczych, a tak\u017ce s\u0119dzi\u00f3w, kt\u00f3rzy w codziennej pracy zmagaj\u0105 si\u0119 z przepisami komentowanej ustawy. Publikacja mo\u017ce okaza\u0107 si\u0119 r\u00f3wnie\u017c przydatna dla student\u00f3w prawa oraz urz\u0119dnik\u00f3w administracji rz\u0105dowej, samorz\u0105dowej i instytucji centralnych.<\/p>\n","protected":false},"excerpt":{"rendered":"<p>Autor: Mariusz T. K\u0142oda, dr Aleksandra Sikorska-Lewandowska Wydawnictwo: C.H. Beck [&hellip;]<\/p>\n","protected":false},"featured_media":14236,"template":"","meta":[],"product_brand":[],"product_cat":[7492,34,18],"product_tag":[705,485,4576,5166],"class_list":{"0":"post-14235","1":"product","2":"type-product","3":"status-publish","4":"has-post-thumbnail","6":"product_cat-administracyjne","7":"product_cat-nieruchomosci","8":"product_cat-prawo","9":"product_tag-nieruchomosci","10":"product_tag-prawo-administracyjne","11":"product_tag-prawo-budowlane","12":"product_tag-seria-krotkie-komentarze-becka","14":"first","15":"instock","16":"sale","17":"shipping-taxable","18":"purchasable","19":"product-type-simple"},"_links":{"self":[{"href":"http:\/\/ksiegarnia-akademicka.pl\/index.php\/wp-json\/wp\/v2\/product\/14235","targetHints":{"allow":["GET"]}}],"collection":[{"href":"http:\/\/ksiegarnia-akademicka.pl\/index.php\/wp-json\/wp\/v2\/product"}],"about":[{"href":"http:\/\/ksiegarnia-akademicka.pl\/index.php\/wp-json\/wp\/v2\/types\/product"}],"wp:featuredmedia":[{"embeddable":true,"href":"http:\/\/ksiegarnia-akademicka.pl\/index.php\/wp-json\/wp\/v2\/media\/14236"}],"wp:attachment":[{"href":"http:\/\/ksiegarnia-akademicka.pl\/index.php\/wp-json\/wp\/v2\/media?parent=14235"}],"wp:term":[{"taxonomy":"product_brand","embeddable":true,"href":"http:\/\/ksiegarnia-akademicka.pl\/index.php\/wp-json\/wp\/v2\/product_brand?post=14235"},{"taxonomy":"product_cat","embeddable":true,"href":"http:\/\/ksiegarnia-akademicka.pl\/index.php\/wp-json\/wp\/v2\/product_cat?post=14235"},{"taxonomy":"product_tag","embeddable":true,"href":"http:\/\/ksiegarnia-akademicka.pl\/index.php\/wp-json\/wp\/v2\/product_tag?post=14235"}],"curies":[{"name":"wp","href":"https:\/\/api.w.org\/{rel}","templated":true}]}}