{"id":14231,"date":"2021-03-30T12:01:09","date_gmt":"2021-03-30T10:01:09","guid":{"rendered":"http:\/\/ksiegarnia-akademicka.pl\/?post_type=product&#038;p=14231"},"modified":"2024-12-05T08:37:23","modified_gmt":"2024-12-05T07:37:23","slug":"drogi-publiczne-i-wewnetrzne-zarzadzanie-pasem-drogowym","status":"publish","type":"product","link":"http:\/\/ksiegarnia-akademicka.pl\/index.php\/product\/drogi-publiczne-i-wewnetrzne-zarzadzanie-pasem-drogowym\/","title":{"rendered":"Drogi publiczne i wewn\u0119trzne &#8211; zarz\u0105dzanie pasem drogowym"},"content":{"rendered":"<p>Autor: Anna Kornecka, Jakub Kornecki<br \/>\nWydawnictwo: C.H. Beck<br \/>\nSeria: Sektor publiczny w praktyce<br \/>\nRok wydania: 2021<br \/>\nOprawa: Mi\u0119kka<br \/>\nLiczba stron: 228<br \/>\nWymiary: 135&#215;220 mm<br \/>\nWaga: 380 g<br \/>\nISBN: 978-83-8235-125-5<\/p>\n<p>Praktyczne uporz\u0105dkowanie zagadnie\u0144 zwi\u0105zanych z tematyk\u0105 drogow\u0105<br \/>\nPoradnik \u0142\u0105czy w sobie wiedz\u0119 prawnicz\u0105 i praktyczn\u0105, w tak trudnym przez liczne orzecznictwo, temacie drogowym. Publikacja ta ma na celu uporz\u0105dkowa\u0107 tematyk\u0119 i wskaza\u0107 \u015bcie\u017ck\u0119 post\u0119powania, szczeg\u00f3lnie dla:<\/p>\n<p>zarz\u0105dc\u00f3w dr\u00f3g gminnych, powiatowych oraz wojew\u00f3dzkich,<br \/>\npracownik\u00f3w urz\u0119d\u00f3w miast i gmin oraz starostw powiatowych odpowiedzialni za inwestycje infrastrukturalne,<br \/>\nos\u00f3b odpowiedzialnych za utrzymanie nawierzchni, chodnik\u00f3w, obiekt\u00f3w in\u017cynierskich, urz\u0105dze\u0144 zabezpieczaj\u0105cych ruch i innych,<br \/>\nprzedstawicieli zarz\u0105dc\u00f3w odpowiedzialnych za opracowanie projekt\u00f3w plan\u00f3w rozwoju sieci drogowej oraz projekt\u00f3w plan\u00f3w finansowania budowy, utrzymania i ochrony dr\u00f3g.<br \/>\nCzytelnicy znajd\u0105 informacje z nast\u0119puj\u0105cego zakresu:<\/p>\n<p>Poj\u0119cie drogi i kategorie dr\u00f3g publicznych.<br \/>\nStan prawny grunt\u00f3w pod drogami.<br \/>\nAdministracja drogowa.<br \/>\nPoj\u0119cie pasa drogowego i jego budowa.<br \/>\nZezwolenie na lokalizacj\u0119 obiekt\u00f3w budowlanych, umieszczanie urz\u0105dze\u0144, przedmiot\u00f3w i materia\u0142\u00f3w niezwi\u0105zanych z potrzebami zarz\u0105dzania drogami lub potrzebami ruchu drogowego.<br \/>\nZezwolenie na zaj\u0119cie pasa drogowego.<br \/>\nZezwolenie na udost\u0119pnienie kana\u0142u technologicznego.<br \/>\nZezwolenie na lokalizacj\u0119 zjazdu.<br \/>\nPrawne aspekty funkcjonowania stref p\u0142atnego parkowania.<br \/>\nZarz\u0105dzanie drogami wewn\u0119trznymi.<br \/>\nWa\u017cn\u0105 cz\u0119\u015bci\u0105 publikacji jest opis najnowszych zmian w ustawie o drogach publicznych wynikaj\u0105cych m.in. z nowej ustawy prawo zam\u00f3wie\u0144 publicznych czy nowelizacji ustawy o Funduszu Dr\u00f3g Samorz\u0105dowych.<\/p>\n<p>Jednym z kluczowych zagadnie\u0144 opisanych w publikacji jest okre\u015blenie zasad umiejscowienia i zaplanowania zjazdu. Nowelizacj\u0105 ustawy Prawo budowlane, jaka nast\u0105pi\u0142a z dniem 19 wrze\u015bnia 2020 roku, dokonano zmian w katalogu zwolnie\u0144 z obowi\u0105zku uzyskania pozwolenia na budow\u0119. W nowym brzmieniu przepisu art. 29 PrBud, wskazano przypadki budowy, kt\u00f3ra nie wymaga decyzji o pozwoleniu na budow\u0119, natomiast wymaga zg\u0142oszenia. W ten spos\u00f3b katalog zwolnie\u0144 wymienionych w ustawie sta\u0142 si\u0119 bardziej czytelny. I tak w art. 29 ust. 1 pkt 11 PrBud, jako niewymagaj\u0105ca uzyskania pozwolenia na budow\u0119, ale wymagaj\u0105ca dokonania zg\u0142oszenia, zosta\u0142a wymieniona budowa zjazd\u00f3w z dr\u00f3g krajowych i wojew\u00f3dzkich oraz zatok parkingowych na tych drogach, natomiast w art. 29 ust. 2 pkt 11 tej ustawy, jako ca\u0142kowicie zwolnion\u0105 z procedury, wymieniono budow\u0119 zjazd\u00f3w z dr\u00f3g powiatowych i gminnych oraz zatok parkingowych na tych drogach.<\/p>\n<p>Ksi\u0105\u017cka odpowiada na szereg pyta\u0144 i w\u0105tpliwo\u015bci zwi\u0105zanych z statusem dr\u00f3g w tym m.in. o kwestie dotycz\u0105ce:<\/p>\n<p>Jak dokona\u0107 podzia\u0142u na kategorie dr\u00f3g? Kto o tym decyduje? Jak wygl\u0105da procedura?<br \/>\nKto jest odpowiedzialny za utrzymanie czysto\u015bci i porz\u0105dku na drogach publicznych?<br \/>\nKto wydaje decyzje za zaj\u0119cie pasa drogowego i umieszczenie urz\u0105dze\u0144 infrastruktury technicznej?<br \/>\nCzy decyzja za zaj\u0119cie pasa drogowego i umieszczenie urz\u0105dze\u0144 infrastruktury technicznej wi\u0105\u017ce si\u0119 z op\u0142atami?<br \/>\nDo jakiej kategorii zalicza si\u0119 drog\u0119 o nawierzchni gruntowej?<br \/>\nCzy istnieje mo\u017cliwo\u015b\u0107 porozumienia mi\u0119dzy gminami do budowy wsp\u00f3lnie drogi?<br \/>\nCzy porozumienie o wsp\u00f3lnej inwestycji drogowej mo\u017ce dotyczy\u0107 gminy i powiatu?<br \/>\nKto ponosi koszty o\u015bwietlenia na drodze krajowej a kto na autostradzie?<br \/>\nDo jakiej kategorii dr\u00f3g zaliczy\u0107 nale\u017cy dojazd do marketu?<br \/>\nJak przeprowadzi\u0107 procedur\u0119 wyznaczania strefy p\u0142atnego parkowania?<br \/>\nDzi\u0119ki tej publikacji szybciej wykonaj\u0105 Pa\u0144stwo swoje obowi\u0105zki i rozwi\u0105\u017c\u0105 problemy z interpretacj\u0105 przepis\u00f3w prawa przez:<\/p>\n<p>unikalny zestaw informacji skoncentrowany na tematyce drogowej,<br \/>\nzbi\u00f3r praktycznych rozwi\u0105za\u0144 w postaci gotowych przyk\u0142ad\u00f3w,<br \/>\ndok\u0142adne i przejrzyste prezentowanie poszczeg\u00f3lnych zagadnie\u0144,<br \/>\nwyr\u00f3\u017cnienie w tre\u015bci zagadnie\u0144 wa\u017cnych i nowych,<br \/>\nuwzgl\u0119dnienie najnowszych zmian w prawie oraz orzecznictwa.<br \/>\nPraktyczny wymiar poradnika nadaje m.in. zestaw wzor\u00f3w dokument\u00f3w:<\/p>\n<p>Uchwa\u0142a rady gminy w sprawie nadania nazwy drodze wewn\u0119trznej,<br \/>\nUchwa\u0142a rady gminy w sprawie wyra\u017cenia zgody na pozbawienie drogi kategorii drogi gminnej poprzez wy\u0142\u0105czenie jej z u\u017cytkowania jako drogi publicznej,<br \/>\nUmowa w sprawie okre\u015blenia szczeg\u00f3\u0142owych warunk\u00f3w budowy lub przebudowy dr\u00f3g publicznych spowodowanych inwestycj\u0105 niedrogow\u0105,<br \/>\nUmowa dzier\u017cawy gruntu stanowi\u0105cego drog\u0119 wewn\u0119trzn\u0105,<br \/>\nUmowa u\u017cyczenia gruntu stanowi\u0105cego drog\u0119 wewn\u0119trzn\u0105,<br \/>\nDecyzji w sprawie lokalizacji zjazdu.<\/p>\n","protected":false},"excerpt":{"rendered":"<p>Autor: Anna Kornecka, Jakub Kornecki Wydawnictwo: C.H. Beck Seria: Sektor [&hellip;]<\/p>\n","protected":false},"featured_media":14232,"template":"","meta":[],"product_brand":[],"product_cat":[7492,18,7494],"product_tag":[485,486,6841],"class_list":{"0":"post-14231","1":"product","2":"type-product","3":"status-publish","4":"has-post-thumbnail","6":"product_cat-administracyjne","7":"product_cat-prawo","8":"product_cat-samorzad-terytorialny","9":"product_tag-prawo-administracyjne","10":"product_tag-samorzad-terytorialny","11":"product_tag-seria-sektor-publiczny-w-praktyce","13":"first","14":"instock","15":"sale","16":"shipping-taxable","17":"purchasable","18":"product-type-simple"},"_links":{"self":[{"href":"http:\/\/ksiegarnia-akademicka.pl\/index.php\/wp-json\/wp\/v2\/product\/14231","targetHints":{"allow":["GET"]}}],"collection":[{"href":"http:\/\/ksiegarnia-akademicka.pl\/index.php\/wp-json\/wp\/v2\/product"}],"about":[{"href":"http:\/\/ksiegarnia-akademicka.pl\/index.php\/wp-json\/wp\/v2\/types\/product"}],"wp:featuredmedia":[{"embeddable":true,"href":"http:\/\/ksiegarnia-akademicka.pl\/index.php\/wp-json\/wp\/v2\/media\/14232"}],"wp:attachment":[{"href":"http:\/\/ksiegarnia-akademicka.pl\/index.php\/wp-json\/wp\/v2\/media?parent=14231"}],"wp:term":[{"taxonomy":"product_brand","embeddable":true,"href":"http:\/\/ksiegarnia-akademicka.pl\/index.php\/wp-json\/wp\/v2\/product_brand?post=14231"},{"taxonomy":"product_cat","embeddable":true,"href":"http:\/\/ksiegarnia-akademicka.pl\/index.php\/wp-json\/wp\/v2\/product_cat?post=14231"},{"taxonomy":"product_tag","embeddable":true,"href":"http:\/\/ksiegarnia-akademicka.pl\/index.php\/wp-json\/wp\/v2\/product_tag?post=14231"}],"curies":[{"name":"wp","href":"https:\/\/api.w.org\/{rel}","templated":true}]}}