{"id":14225,"date":"2021-03-30T11:49:55","date_gmt":"2021-03-30T09:49:55","guid":{"rendered":"http:\/\/ksiegarnia-akademicka.pl\/?post_type=product&#038;p=14225"},"modified":"2024-12-05T08:37:40","modified_gmt":"2024-12-05T07:37:40","slug":"nowa-ustawa-prawo-zamowien-publicznych-praktyczna-analiza-zmian","status":"publish","type":"product","link":"http:\/\/ksiegarnia-akademicka.pl\/index.php\/product\/nowa-ustawa-prawo-zamowien-publicznych-praktyczna-analiza-zmian\/","title":{"rendered":"Nowa ustawa &#8211; Prawo zam\u00f3wie\u0144 publicznych. Praktyczna analiza zmian"},"content":{"rendered":"<p>Autor: Mariusz Stepaniuk<br \/>\nWydawnictwo: C.H. Beck<br \/>\nSeria: Prawo w praktyce<br \/>\nRok wydania: 2021<br \/>\nWydanie: 2<br \/>\nOprawa: Mi\u0119kka<br \/>\nLiczba stron: 352<br \/>\nWymiary: 168&#215;238 mm<br \/>\nWaga: 580 g<br \/>\nISBN: 978-83-8235-425-6<\/p>\n<p>Praktyczny przewodnik po nowej ustawie &#8211; Prawo zam\u00f3wie\u0144 publicznych!<br \/>\nPoradnik jest przeznaczony dla wszystkich os\u00f3b, kt\u00f3re w praktyce zawodowej realizuj\u0105 zapisy ustawy z 11 wrze\u015bnia 2019 r. \u2013 Prawo zam\u00f3wie\u0144 publicznych (Dz.U. z 2019 r. poz. 2019 ze zm.), kt\u00f3ra wesz\u0142a w \u017cycie 1 stycznia 2021 r.<\/p>\n<p>Drugie wydanie opracowania uwzgl\u0119dnia wszystkie zmiany jakie zosta\u0142y wprowadzone w ustawie, ujednolicony tekst ustawy oraz najwa\u017cniejsze rozporz\u0105dzenia do ustawy &#8211; Prawo zam\u00f3wie\u0144 publicznych. <\/p>\n<p>Publikacja jest doskona\u0142ym narz\u0119dziem dla os\u00f3b, kt\u00f3re chc\u0105 zapozna\u0107 si\u0119 z now\u0105 ustaw\u0105 i przygotowa\u0107 si\u0119 do pierwszych post\u0119powa\u0144, kt\u00f3re b\u0119d\u0105 prowadzone bez wsparcia w postaci obszernej literatury, orzecznictwa i do\u015bwiadczenia tysi\u0119cy podmiot\u00f3w stosuj\u0105cych przepisy tej ustawy.<\/p>\n<p>G\u0142\u00f3wne zalety publikacji:<\/p>\n<p>zawiera szczeg\u00f3\u0142owy opis zmian wprowadzonych now\u0105 ustaw\u0105, zgodny z jej systematyk\u0105,<br \/>\nw przyst\u0119pny spos\u00f3b wyja\u015bnia podstawowe problemy zwi\u0105zane ze stosowaniem nowych przepis\u00f3w,<br \/>\npozwala szybko wdro\u017cy\u0107 si\u0119 w zakres zmian i dokona\u0107 oceny, jakie s\u0105 konsekwencje wej\u015bcia w \u017cycie nowych przepis\u00f3w z punktu widzenia osoby praktycznie zaanga\u017cowanej w procedur\u0119 udzielania zam\u00f3wie\u0144,<br \/>\nzawiera aktualny tekst ustawy &#8211; Prawo zam\u00f3wie\u0144 publicznych wraz z najwa\u017cniejszymi aktami wykonawczymi,<br \/>\nstanowi praktyczne narz\u0119dzie przydatne dla zamawiaj\u0105cych i wykonawc\u00f3w.<br \/>\nW ksi\u0105\u017cce przedstawiono zar\u00f3wno zupe\u0142nie nowe instytucje wprowadzone wraz z now\u0105 ustaw\u0105, jak i liczne modyfikacje instytucji prawnych ju\u017c wcze\u015bniej istniej\u0105cych. Szczeg\u00f3lny nacisk po\u0142o\u017cono na kwesti\u0119 r\u00f3\u017cnic pomi\u0119dzy przepisami dotychczas obowi\u0105zuj\u0105cymi na podstawie ustawy z dnia 29 stycznia 2004 r. \u2013 Prawo zam\u00f3wie\u0144 publicznych (t.j. Dz.U. z 2018 r. poz. 1986 ze zm.) i tymi, kt\u00f3re wesz\u0142y w \u017cycie z dniem 1 stycznia 2021 r.<\/p>\n<p>Drugie wydanie ksi\u0105\u017cki omawia zmiany w nowej ustawie, jakie wprowadzono ustaw\u0105 z 27 listopada 2020 r. o zmianie ustawy o umowie koncesji na roboty budowlane lub us\u0142ugi, ustawy \u2013 Prawo zam\u00f3wie\u0144 publicznych oraz niekt\u00f3rych innych ustaw (Dz.U. z 2020 r. poz. 2275), w tym \u2013 w szczeg\u00f3lno\u015bci \u2013 takie jak:<\/p>\n<p>wykre\u015blenie z ustawy art. 2 ust. 2, tj. regulacji dotycz\u0105cej zam\u00f3wie\u0144 bagatelnych (tj. zam\u00f3wie\u0144 o warto\u015bci mniejszej ni\u017c 130 000 z\u0142, lecz nie mniejszych ni\u017c 50 000 z\u0142) oraz zniesienie obowi\u0105zku zamieszczania og\u0142osze\u0144 o zam\u00f3wieniach bagatelnych w Biuletynie Zam\u00f3wie\u0144 Publicznych,<br \/>\nzniesienie zakazu zawierania um\u00f3w na okres d\u0142u\u017cszy ni\u017c 4 lata (art. 434 PZP),<br \/>\nwprowadzenie obowi\u0105zku przekazania organowi kontrolnemu informacji o przeprowadzonej wcze\u015bniej kontroli danego zam\u00f3wienia przez inny organ kontrolny oraz udost\u0119pnienia jej wynik\u00f3w,<br \/>\nwprowadzenie kwoty szacunkowej warto\u015bci umowy koncesji, kt\u00f3rej nieprzekroczenie b\u0119dzie zwalnia\u0142o zamawiaj\u0105cego z obowi\u0105zku stosowania przepis\u00f3w ustawy \u2013 Prawo zam\u00f3wie\u0144 publicznych,<br \/>\nwprowadzenie zmiany w regulacji dotycz\u0105cej waloryzacji wynagrodzenia w przypadku wyd\u0142u\u017conego czasu mi\u0119dzy wyborem wykonawcy a zawarciem umowy, upraszczaj\u0105cej stosowanie przepisu,<br \/>\nwprowadzenie zmiany w przepisach dotycz\u0105cych wykluczenia wykonawc\u00f3w \u2013 cz\u0119\u015b\u0107 obligatoryjnych przes\u0142anek wykluczenia stanie si\u0119 fakultatywna,<br \/>\ndoprecyzowanie przepis\u00f3w dotycz\u0105cych trybu podstawowego oraz \u015brodk\u00f3w ochrony prawnej.<br \/>\nPublikacja odnosi si\u0119 r\u00f3wnie\u017c do katalogu przepis\u00f3w nowej ustawy \u2013 Prawo zam\u00f3wie\u0144 publicznych, kt\u00f3re nie b\u0119d\u0105 mia\u0142y zastosowania do um\u00f3w o partnerstwie publiczno-prywatnym.<\/p>\n<p>W publikacji znajduje si\u0119 om\u00f3wienie najistotniejszych zmian wprowadzonych now\u0105 ustaw\u0105 \u2013 PZP, kt\u00f3re dotycz\u0105:<\/p>\n<p>progu stosowania nowej ustawy \u2013 Prawo zam\u00f3wie\u0144 publicznych,<br \/>\nnowych obowi\u0105zk\u00f3w zamawiaj\u0105cego, dotycz\u0105cych np. przygotowania analizy swoich potrzeb i wymaga\u0144 oraz sposob\u00f3w ich zaspokojenia dost\u0119pnych na rynku,<br \/>\nzmodyfikowania katalogu przes\u0142anek wykluczenia wykonawcy z post\u0119powania \u2013 zar\u00f3wno obligatoryjnych, jak i fakultatywnych,<br \/>\nrezygnacji z dw\u00f3ch, istniej\u0105cych w obecnie obowi\u0105zuj\u0105cej ustawie, tryb\u00f3w udzielania zam\u00f3wie\u0144: zapytania o cen\u0119 i licytacji elektronicznej,<br \/>\ndopuszczenia tzw. wst\u0119pnych konsultacji rynkowych,<br \/>\nszczeg\u00f3\u0142owego okre\u015blenia tego, czego zamawiaj\u0105cy mo\u017ce wymaga\u0107 od wykonawcy w przypadku ka\u017cdego z warunk\u00f3w udzia\u0142u w post\u0119powaniu,<br \/>\nmodyfikacji katalogu przes\u0142anek odrzucenia oferty,<br \/>\nokre\u015blenia ustawowego katalogu tzw. klauzul abuzywnych,<br \/>\nzmiany przepis\u00f3w dotycz\u0105cych tre\u015bci umowy o wykonanie zam\u00f3wienia,<br \/>\nwprowadzenia w niekt\u00f3rych umowach obowi\u0105zkowej waloryzacji wynagrodzenia w przypadku zmian ceny materia\u0142\u00f3w lub koszt\u00f3w,<br \/>\nzmiany przepis\u00f3w dotycz\u0105cych udzielania zaliczek,<br \/>\nwyd\u0142u\u017cenia terminu na wniesienie skarg,<br \/>\nrozszerzenia zakresu polubownego rozwi\u0105zywania spor\u00f3w powsta\u0142ych na tle umowy w sprawie zam\u00f3wienia publicznego,<br \/>\nwprowadzenia obowi\u0105zku sporz\u0105dzania przez zamawiaj\u0105cego raportu z realizacji zam\u00f3wienia,<br \/>\nwprowadzenia obowi\u0105zku publikacji wytycznych dotycz\u0105cych prowadzenia kontroli przez organy je przeprowadzaj\u0105ce,<br \/>\nwprowadzenia mo\u017cliwo\u015bci wyst\u0105pienia przez instytucje kontroluj\u0105ce pozostaj\u0105ce w sporze o interpretacj\u0119 przepis\u00f3w dotycz\u0105cych zam\u00f3wie\u0144 publicznych o zaj\u0119cie stanowiska przez Prezesa UZP,<br \/>\nustanowienia S\u0105d Okr\u0119gowego w Warszawie jedynym, w\u0142a\u015bciwym s\u0105dem dla post\u0119powa\u0144 w sprawie skarg.<br \/>\nDzi\u0119ki tej ksi\u0105\u017cce Czytelnik dowie si\u0119:<\/p>\n<p>Jak zmodyfikowano dotychczas istniej\u0105ce instytucje w Prawie zam\u00f3wie\u0144 publicznych?<br \/>\nJakie instytucje i procedury wprowadzi nowa ustawa?<br \/>\nJakie przepisy nowej ustawy uleg\u0142y zmianie w trakcie vacatio legis?<br \/>\nJakie argumenty przemawiaj\u0105 za stosowaniem nowych b\u0105d\u017a zmodyfikowanych procedur udzielania zam\u00f3wie\u0144?<br \/>\nJak wygl\u0105da kwestia udzielania zam\u00f3wie\u0144 bagatelnych po wykre\u015bleniu przepis\u00f3w ich dotycz\u0105cych wraz z wej\u015bciem w \u017cycie ustawy o zmianie ustawy o umowie koncesji na roboty budowlane lub us\u0142ugi, ustawy \u2013 Prawo zam\u00f3wie\u0144 publicznych oraz niekt\u00f3rych innych ustaw?<br \/>\nJak zmodyfikowane zosta\u0142y zadania organ\u00f3w pa\u0144stwa w zakresie udzielania zam\u00f3wie\u0144?<br \/>\nJak nowa ustawa wp\u0142ynie na rynek zam\u00f3wie\u0144 publicznych?<br \/>\nNa jakie aspekty nowej ustawy nale\u017cy zwr\u00f3ci\u0107 szczeg\u00f3ln\u0105 uwag\u0119?<br \/>\nJak wygl\u0105da nowy katalog przes\u0142anek wykluczenia wykonawcy z post\u0119powania?<br \/>\nJakie s\u0105 nowe tryby udzielania zam\u00f3wie\u0144 i z jakich tryb\u00f3w zrezygnowa\u0142 ustawodawca?<br \/>\nCo to s\u0105 wst\u0119pne konsultacje rynkowe i jaki jest ich zakres?<br \/>\nCzego zamawiaj\u0105cy mo\u017ce wymaga\u0107 od wykonawcy?<br \/>\nJak wygl\u0105da nowy katalog przes\u0142anek odrzucenia oferty?<br \/>\nJakie s\u0105 nowe regulacje dotycz\u0105ce wadium?<br \/>\nJak zmieni\u0142y si\u0119 zasady rozwi\u0105zywania spor\u00f3w na tle zam\u00f3wie\u0144 publicznych?<\/p>\n","protected":false},"excerpt":{"rendered":"<p>Autor: Mariusz Stepaniuk Wydawnictwo: C.H. Beck Seria: Prawo w praktyce [&hellip;]<\/p>\n","protected":false},"featured_media":14226,"template":"","meta":[],"product_brand":[],"product_cat":[7495,18],"product_tag":[4394,5800],"class_list":{"0":"post-14225","1":"product","2":"type-product","3":"status-publish","4":"has-post-thumbnail","6":"product_cat-gospodarcze-i-handlowe","7":"product_cat-prawo","8":"product_tag-prawo-zamowien-publicznych","9":"product_tag-seria-prawo-w-praktyce","11":"first","12":"instock","13":"sale","14":"shipping-taxable","15":"purchasable","16":"product-type-simple"},"_links":{"self":[{"href":"http:\/\/ksiegarnia-akademicka.pl\/index.php\/wp-json\/wp\/v2\/product\/14225","targetHints":{"allow":["GET"]}}],"collection":[{"href":"http:\/\/ksiegarnia-akademicka.pl\/index.php\/wp-json\/wp\/v2\/product"}],"about":[{"href":"http:\/\/ksiegarnia-akademicka.pl\/index.php\/wp-json\/wp\/v2\/types\/product"}],"wp:featuredmedia":[{"embeddable":true,"href":"http:\/\/ksiegarnia-akademicka.pl\/index.php\/wp-json\/wp\/v2\/media\/14226"}],"wp:attachment":[{"href":"http:\/\/ksiegarnia-akademicka.pl\/index.php\/wp-json\/wp\/v2\/media?parent=14225"}],"wp:term":[{"taxonomy":"product_brand","embeddable":true,"href":"http:\/\/ksiegarnia-akademicka.pl\/index.php\/wp-json\/wp\/v2\/product_brand?post=14225"},{"taxonomy":"product_cat","embeddable":true,"href":"http:\/\/ksiegarnia-akademicka.pl\/index.php\/wp-json\/wp\/v2\/product_cat?post=14225"},{"taxonomy":"product_tag","embeddable":true,"href":"http:\/\/ksiegarnia-akademicka.pl\/index.php\/wp-json\/wp\/v2\/product_tag?post=14225"}],"curies":[{"name":"wp","href":"https:\/\/api.w.org\/{rel}","templated":true}]}}