{"id":14184,"date":"2021-03-29T13:08:18","date_gmt":"2021-03-29T11:08:18","guid":{"rendered":"http:\/\/ksiegarnia-akademicka.pl\/?post_type=product&#038;p=14184"},"modified":"2021-03-29T13:08:18","modified_gmt":"2021-03-29T11:08:18","slug":"neurofizjologiczne-podstawy-emocji-i-przywiazania-w-teorii-poliwagalnej","status":"publish","type":"product","link":"http:\/\/ksiegarnia-akademicka.pl\/index.php\/product\/neurofizjologiczne-podstawy-emocji-i-przywiazania-w-teorii-poliwagalnej\/","title":{"rendered":"Neurofizjologiczne podstawy emocji i przywi\u0105zania w teorii poliwagalnej"},"content":{"rendered":"<p>Autor:<br \/>\nStephen W. Porges<br \/>\nT\u0142umacze: Gomola Aleksander<br \/>\nWydawca: Wydawnictwo Uniwersytetu Jagiello\u0144skiego<br \/>\nOprawa: Mi\u0119kka ze skrzyde\u0142kami<br \/>\nFormat: 15.5&#215;23.0cm<br \/>\nLiczba stron: 544<br \/>\nRok wydania: 2021<br \/>\nJ\u0119zyk wydania: polski<\/p>\n<p>Kolejna ksi\u0105\u017cka tw\u00f3rcy teorii poliwagalnej skierowana do psychoterapeut\u00f3w Niniejsza ksi\u0105\u017cka to zbi\u00f3r tekst\u00f3w Stephena W. Porgesa, tw\u00f3rcy rewolucyjnej teorii poliwagalnej, napisanych na przestrzeni kilkudziesi\u0119ciu lat jego praktyki badawczej. Autor to \u015bwiatowej s\u0142awy ekspert w dziedzinie psychofizjologii rozwojowej i behawioralnej neurologii rozwojowej. W swoich tekstach zawar\u0142 zapis powstawania teorii poliwagalnej, kt\u00f3ra zak\u0142ada, \u017ce \u017cycie emocjonalne cz\u0142owieka ma pod\u0142o\u017ce biologiczne, a do\u015bwiadczenia psychiczne jednostki \u015bci\u015ble wi\u0105\u017c\u0105 si\u0119 z procesami zachodz\u0105cymi w ciele.<br \/>\nTeoria poliwagalna \u0142\u0105czy ewolucj\u0119 regulacji neuronalnej serca z do\u015bwiadczeniem afektywnym, wyra\u017caniem emocji, mimik\u0105, komunikacj\u0105 g\u0142osow\u0105 i zachowaniami spo\u0142ecznymi b\u0119d\u0105cymi reakcj\u0105 na zachowanie innych ludzi. Porges pokazuje klinicystom, terapeutom, wyk\u0142adowcom, a nawet pracownikom spo\u0142ecznym, w jaki spos\u00f3b zapobiega\u0107 chorobom psychicznym, identyfikowa\u0107 je i leczy\u0107. W kolejnych rozdzia\u0142ach autor wnikliwie wyja\u015bnia poszczeg\u00f3lne aspekty swojej teorii, pokazuj\u0105c jej potencjalne zastosowanie w tera-pii l\u0119ku, depresji, traumy i zaburze\u0144 ze spektrum autyzmu.<br \/>\nTeori\u0119 Porgesa wykorzystuj\u0105 psychoterapeuci na ca\u0142ym \u015bwiecie, udowadniaj\u0105c, \u017ce autonomiczny uk\u0142ad nerwowy \u015bci\u015ble wi\u0105\u017ce si\u0119 z zaanga\u017cowaniem spo\u0142ecznym, zaufaniem i poczuciem blisko\u015bci. \u201eTeoria poliwagalna Stephena Porgesa to wielki dar dla neurobiologii interpersonalnej. Ta prze\u0142omowa ksi\u0105\u017cka zaspokaja nasz\u0105 potrzeb\u0119 dost\u0119pnej teorii naukowej o praktycznym zastosowaniu wyja\u015bniaj\u0105cej zale\u017cno\u015bci mi\u0119dzy zachowaniem a hierarchicznym funkcjonowaniem uk\u0142adu nerwowego, oferuj\u0105c r\u00f3wnocze\u015bnie nowe spojrzenie na leczenie problem\u00f3w z regulacj\u0105 afektu i praktycznie wszystkich zaburze\u0144 psychicznych. Teoria poliwagalna radykalnie zmieni\u0142a spos\u00f3b, w jaki postrzegam moich pacjent\u00f3w, \u015bledz\u0119 ich stany somatyczne, traktuj\u0119 ich problemy, a tak\u017ce znacz\u0105co wp\u0142yn\u0119\u0142a na moje metody uczenia klinicyst\u00f3w&#8221;. Pat Ogden, za\u0142o\u017cycielka i dyrektorka Sensorimotor Psychotherapy Institute w Boulder, Kolorado, USA Tom zawiera: \u2022 Podstawy teoretyczne. \u2022 Regulacja biobehawioralna w okresie wczesnego rozwoju cz\u0142owieka. \u2022 Komunikacja spo\u0142eczna i relacje z innymi. \u2022 Perspektywy terapeutyczne i kliniczne. \u2022 Zachowanie spo\u0142eczne a zdrowie. Stephen W. Porges profesor Uniwersytetu Indiany oraz za\u0142o\u017cyciel i dyrektor Stress Research Consortium na tej\u017ce uczelni. Profesor psychiatrii Uniwersytetu Karoliny P\u00f3lnocnej oraz Professor Emeritus Uniwersytetu Karoliny P\u00f3lnocnej i Uniwersytetu Maryland. Pelnil funkcj\u0119 prezesa Society for Psychophysiological Research oraz Federation of Associationsin Behavioral &amp; Brain Sciences. Stephen W. Porges profesor Uniwersytetu Indiany oraz za\u0142o\u017cyciel i dyrektor Stress Research Consortium na tej\u017ce uczelni. Profesor psychiatrii Uniwersytetu Karoliny P\u00f3\u0142nocnej oraz Professor Emeritus Uniwersytetu Karoliny P\u00f3\u0142nocnej i Uniwersytetu Maryland. Pe\u0142ni\u0142 funkcj\u0119 prezesa Society for Psychophysiological Research oraz Federation of Associations in Behavioral &amp; Brain Sciences. Opublikowa\u0142 ponad dwie\u015bcie pi\u0119\u0107dziesi\u0105t recenzowanych artyku\u0142\u00f3w naukowych z takich dziedzin, jak anestezjologia, in\u017cynieria biomedyczna, fizjologia wysi\u0142ku fizycznego, neurologia, psychiatria, psychologia oraz badanie i terapia uzale\u017cnie\u0144. Stephen W. Porges jest tw\u00f3rc\u0105 zaprezentowanej w 1994 roku teorii poliwagalnej, \u0142\u0105cz\u0105cej ewolucj\u0119 autonomicznego uk\u0142adu nerwowego ssak\u00f3w z zachowaniem spo\u0142ecznym i podkre\u015blaj\u0105cej rol\u0119 stanu fizjologicznego w problemach z zachowaniem i zaburzeniach psychiatrycznych. Teoria poliwagalna jest dzisiaj podstaw\u0105 innowacyjnych form terapii uwzgl\u0119dniaj\u0105cych mechanizmy fizjologiczne le\u017c\u0105ce u podstaw symptom\u00f3w obserwowanych w wielu zaburzeniach psychicznych, fizycznych i behawioralnych. W 2018 roku prof. Porges zosta\u0142 laureatem nagrody Pioneer Award przyznawanej przez Ameryka\u0144skie Towarzystwo Psychoterapii Somatycznej (United States Association for Body Psychotherapy).<\/p>\n","protected":false},"excerpt":{"rendered":"<p>Autor: Stephen W. Porges T\u0142umacze: Gomola Aleksander Wydawca: Wydawnictwo Uniwersytetu [&hellip;]<\/p>\n","protected":false},"featured_media":14185,"template":"","meta":[],"product_brand":[],"product_cat":[27,7509],"product_tag":[1665,1186,1659],"class_list":{"0":"post-14184","1":"product","2":"type-product","3":"status-publish","4":"has-post-thumbnail","6":"product_cat-nauki-spoleczne","7":"product_cat-psychologia","8":"product_tag-psychiatria","9":"product_tag-psychologia","10":"product_tag-psychoterapia","12":"first","13":"instock","14":"sale","15":"shipping-taxable","16":"purchasable","17":"product-type-simple"},"_links":{"self":[{"href":"http:\/\/ksiegarnia-akademicka.pl\/index.php\/wp-json\/wp\/v2\/product\/14184","targetHints":{"allow":["GET"]}}],"collection":[{"href":"http:\/\/ksiegarnia-akademicka.pl\/index.php\/wp-json\/wp\/v2\/product"}],"about":[{"href":"http:\/\/ksiegarnia-akademicka.pl\/index.php\/wp-json\/wp\/v2\/types\/product"}],"wp:featuredmedia":[{"embeddable":true,"href":"http:\/\/ksiegarnia-akademicka.pl\/index.php\/wp-json\/wp\/v2\/media\/14185"}],"wp:attachment":[{"href":"http:\/\/ksiegarnia-akademicka.pl\/index.php\/wp-json\/wp\/v2\/media?parent=14184"}],"wp:term":[{"taxonomy":"product_brand","embeddable":true,"href":"http:\/\/ksiegarnia-akademicka.pl\/index.php\/wp-json\/wp\/v2\/product_brand?post=14184"},{"taxonomy":"product_cat","embeddable":true,"href":"http:\/\/ksiegarnia-akademicka.pl\/index.php\/wp-json\/wp\/v2\/product_cat?post=14184"},{"taxonomy":"product_tag","embeddable":true,"href":"http:\/\/ksiegarnia-akademicka.pl\/index.php\/wp-json\/wp\/v2\/product_tag?post=14184"}],"curies":[{"name":"wp","href":"https:\/\/api.w.org\/{rel}","templated":true}]}}