{"id":14120,"date":"2021-03-26T09:34:36","date_gmt":"2021-03-26T08:34:36","guid":{"rendered":"http:\/\/ksiegarnia-akademicka.pl\/?post_type=product&#038;p=14120"},"modified":"2021-03-26T09:34:37","modified_gmt":"2021-03-26T08:34:37","slug":"czarny-lampart-czerwony-wilk-tytul-oryginalny-black-leopard-red-wolf","status":"publish","type":"product","link":"http:\/\/ksiegarnia-akademicka.pl\/index.php\/product\/czarny-lampart-czerwony-wilk-tytul-oryginalny-black-leopard-red-wolf\/","title":{"rendered":"Czarny Lampart, Czerwony Wilk Tytu\u0142 oryginalny: Black Leopard, Red Wolf"},"content":{"rendered":"<p>Autor:<br \/>\nMarlon James<br \/>\nT\u0142umacze: Sud\u00f3\u0142 Robert<br \/>\nWydawca: Czarna Owca<br \/>\nOprawa: Twarda<br \/>\nFormat: 13.5&#215;21.5cm<br \/>\nLiczba stron: 824<br \/>\nWydanie: 1<br \/>\nRok wydania: 2021<br \/>\nJ\u0119zyk wydania: polski<\/p>\n<p>Dziecko nie \u017cyje. Nie pozosta\u0142o nic wi\u0119cej, by wiedzie\u0107.<br \/>\nTropiciel jest my\u015bliwym, znanym w trzynastu kr\u00f3lestwach jako ten, kt\u00f3ry ma nos. I cho\u0107 zawsze pracuje sam, ten jeden jedyny raz musi zrobi\u0107 wyj\u0105tek. By odnale\u017a\u0107 zaginione dziecko, sprzymierza si\u0119 z grup\u0105 podobnych sobie najemnik\u00f3w. A s\u0105 tam wszyscy: od wied\u017amy, przez smutnego olbrzyma, a\u017c do zmiennokszta\u0142tnego Lamparta. Ka\u017cde z nich jest \u015bmiertelnie niebezpieczne. Ka\u017cde z nich pilnie strze\u017ce swoich tajemnic.<br \/>\nPod\u0105\u017caj\u0105c za zapachem dziecka, grupa przejdzie przez pot\u0119\u017cne miasta, gro\u017ane rzeki i zakl\u0119te puszcze, na ka\u017cdym kroku tropiona przez istoty, kt\u00f3re pragn\u0105 ich \u015bmierci. W\u0105tpliwo\u015bci nie opuszczaj\u0105 Tropiciela ani przez chwil\u0119. Kim jest tajemniczy ch\u0142opiec, kt\u00f3rego musz\u0105 odnale\u017a\u0107? Dlaczego tak wiele os\u00f3b chce przerwa\u0107 ich poszukiwania? I przede wszystkim \u2013 kto k\u0142amie, a kto m\u00f3wi prawd\u0119?<br \/>\nCzerpi\u0105c gar\u015bciami z afryka\u0144skiej historii i mitologii oraz w\u0142asnej wyobra\u017ani, Marlon James opowiada histori\u0119 o niesamowitym rozmachu, kt\u00f3rej akcja dzieje si\u0119 w staro\u017cytnym \u015bwiecie, dziwnie przypominaj\u0105cym wsp\u00f3\u0142czesny. Czarny lampart, czerwony wilk to opowie\u015b\u0107 niezwykle brutalna, osadzona w fantastycznej scenerii, a jednocze\u015bnie poruszaj\u0105ca.<br \/>\nFinalista National Book Award 2019 Bestseller \u201eNew York Timesa\u201d Ksi\u0105\u017cka roku 2019 wed\u0142ug \u201eThe Wall Street Journal\u201d, \u201eTIME\u201d, \u201eVogue\u201d, \u201eThe Washington Post\u201d Jedna ze 100 najlepszych powie\u015bci fantasy wszech czas\u00f3w magazynu \u201eTIME\u201d Czarny lampart, czerwony wilk to powie\u015b\u0107, z kt\u00f3rej braku nie zdawa\u0142em sobie sprawy \u2013 dop\u00f3ki jej nie przeczyta\u0142em. Niebezpieczna i fantasmagoryczna staro\u017cytna Afryka staje si\u0119 \u015bwiatem dor\u00f3wnuj\u0105cym skomplikowaniem wszystkiemu, co kiedykolwiek wysz\u0142o spod pi\u00f3ra Tolkiena. Nie mog\u0119 si\u0119 doczeka\u0107 nast\u0119pnej cz\u0119\u015bci.<br \/>\nNeil Gaiman<br \/>\nPierwszy tom zapowiedzianej trylogii (\u2026), w kt\u00f3rym s\u0142ycha\u0107 echa Tolkiena, George\u2019a R.R. Martina i Czarnej Pantery, a jednocze\u015bnie wci\u0105\u017c niezwykle oryginalny, pisany j\u0119zykiem pe\u0142nym mocy, wszechogarniaj\u0105c\u0105 wyobra\u017ani\u0105 (\u2026). Marlon to pisarz, kt\u00f3rego trzeba czyta\u0107.<br \/>\nSalman Rushdie, \u201eTIME\u201d<br \/>\nPorywaj\u0105ca, napakowana akcj\u0105 (\u2026). Literacki odpowiednik kinowego uniwersum Marvela.<br \/>\nMichiko Kakutani, \u201eThe New York Times\u201d<br \/>\nKiedy James og\u0142osi\u0142, \u017ce b\u0119dzie pisa\u0142 trylogi\u0119 fantasy, wydawa\u0142o mi si\u0119, \u017ce po osi\u0105gni\u0119ciu wszystkiego w oczach krytyk\u00f3w i zdobyciu Bookera idzie w stron\u0119 typowego bestsellera. Nic bardziej mylnego. Nie tylko napisa\u0142 afryka\u0144sk\u0105 powie\u015b\u0107 fantasy \u2013 to afryka\u0144ska powie\u015b\u0107 fantasy literacka i z\u0142o\u017cona do wr\u0119cz niemo\u017cliwego stopnia.<br \/>\n\u201eThe New Yorker\u201d<\/p>\n","protected":false},"excerpt":{"rendered":"<p>Autor: Marlon James T\u0142umacze: Sud\u00f3\u0142 Robert Wydawca: Czarna Owca Oprawa: [&hellip;]<\/p>\n","protected":false},"featured_media":14121,"template":"","meta":[],"product_brand":[],"product_cat":[7707],"product_tag":[8111,3688],"class_list":{"0":"post-14120","1":"product","2":"type-product","3":"status-publish","4":"has-post-thumbnail","6":"product_cat-literatura","7":"product_tag-fantasy","8":"product_tag-powiesc","10":"first","11":"instock","12":"sale","13":"shipping-taxable","14":"purchasable","15":"product-type-simple"},"_links":{"self":[{"href":"http:\/\/ksiegarnia-akademicka.pl\/index.php\/wp-json\/wp\/v2\/product\/14120","targetHints":{"allow":["GET"]}}],"collection":[{"href":"http:\/\/ksiegarnia-akademicka.pl\/index.php\/wp-json\/wp\/v2\/product"}],"about":[{"href":"http:\/\/ksiegarnia-akademicka.pl\/index.php\/wp-json\/wp\/v2\/types\/product"}],"wp:featuredmedia":[{"embeddable":true,"href":"http:\/\/ksiegarnia-akademicka.pl\/index.php\/wp-json\/wp\/v2\/media\/14121"}],"wp:attachment":[{"href":"http:\/\/ksiegarnia-akademicka.pl\/index.php\/wp-json\/wp\/v2\/media?parent=14120"}],"wp:term":[{"taxonomy":"product_brand","embeddable":true,"href":"http:\/\/ksiegarnia-akademicka.pl\/index.php\/wp-json\/wp\/v2\/product_brand?post=14120"},{"taxonomy":"product_cat","embeddable":true,"href":"http:\/\/ksiegarnia-akademicka.pl\/index.php\/wp-json\/wp\/v2\/product_cat?post=14120"},{"taxonomy":"product_tag","embeddable":true,"href":"http:\/\/ksiegarnia-akademicka.pl\/index.php\/wp-json\/wp\/v2\/product_tag?post=14120"}],"curies":[{"name":"wp","href":"https:\/\/api.w.org\/{rel}","templated":true}]}}