{"id":13999,"date":"2021-03-09T15:43:45","date_gmt":"2021-03-09T14:43:45","guid":{"rendered":"http:\/\/ksiegarnia-akademicka.pl\/?post_type=product&#038;p=13999"},"modified":"2025-12-01T13:22:06","modified_gmt":"2025-12-01T12:22:06","slug":"cwiczenia-laboratoryjne-z-metrologii","status":"publish","type":"product","link":"http:\/\/ksiegarnia-akademicka.pl\/index.php\/product\/cwiczenia-laboratoryjne-z-metrologii\/","title":{"rendered":"\u0106wiczenia laboratoryjne z metrologii"},"content":{"rendered":"<p>Praca zbiorowa<br \/>\nT. Sa\u0142aci\u0144ski (red.)<br \/>\nJ. Misiak (red.)<br \/>\nWydawnictwo: OWPW<br \/>\n\u0106wiczenia koncentruj\u0105 si\u0119 na zadaniach zwi\u0105zanych z mierzeniem okre\u015blonych parametr\u00f3w (chropowato\u015b\u0107, b\u0142\u0119dy kszta\u0142tu i po\u0142o\u017cenia itp.) lub na pomiarach i sprawdzaniu okre\u015blonych cz\u0119\u015bci maszyn (gwinty, ko\u0142a z\u0119bate itp.).<br \/>\nWydanie: 3 popr. i uzup., 2015<\/p>\n","protected":false},"excerpt":{"rendered":"<p>Praca zbiorowa T. Sa\u0142aci\u0144ski (red.) J. Misiak (red.) Wydawnictwo: OWPW [&hellip;]<\/p>\n","protected":false},"featured_media":14000,"template":"","meta":[],"product_brand":[],"product_cat":[7709,41],"product_tag":[5086],"class_list":{"0":"post-13999","1":"product","2":"type-product","3":"status-publish","4":"has-post-thumbnail","6":"product_cat-mechanika","7":"product_cat-nauki-techniczne","8":"product_tag-metrologia","10":"first","11":"outofstock","12":"sale","13":"shipping-taxable","14":"purchasable","15":"product-type-simple"},"_links":{"self":[{"href":"http:\/\/ksiegarnia-akademicka.pl\/index.php\/wp-json\/wp\/v2\/product\/13999","targetHints":{"allow":["GET"]}}],"collection":[{"href":"http:\/\/ksiegarnia-akademicka.pl\/index.php\/wp-json\/wp\/v2\/product"}],"about":[{"href":"http:\/\/ksiegarnia-akademicka.pl\/index.php\/wp-json\/wp\/v2\/types\/product"}],"wp:featuredmedia":[{"embeddable":true,"href":"http:\/\/ksiegarnia-akademicka.pl\/index.php\/wp-json\/wp\/v2\/media\/14000"}],"wp:attachment":[{"href":"http:\/\/ksiegarnia-akademicka.pl\/index.php\/wp-json\/wp\/v2\/media?parent=13999"}],"wp:term":[{"taxonomy":"product_brand","embeddable":true,"href":"http:\/\/ksiegarnia-akademicka.pl\/index.php\/wp-json\/wp\/v2\/product_brand?post=13999"},{"taxonomy":"product_cat","embeddable":true,"href":"http:\/\/ksiegarnia-akademicka.pl\/index.php\/wp-json\/wp\/v2\/product_cat?post=13999"},{"taxonomy":"product_tag","embeddable":true,"href":"http:\/\/ksiegarnia-akademicka.pl\/index.php\/wp-json\/wp\/v2\/product_tag?post=13999"}],"curies":[{"name":"wp","href":"https:\/\/api.w.org\/{rel}","templated":true}]}}