{"id":1399,"date":"2018-05-22T12:43:34","date_gmt":"2018-05-22T10:43:34","guid":{"rendered":"http:\/\/ksiegarnia-akademicka.pl\/index.php\/product\/fuzje-i-przejecia\/"},"modified":"2024-12-04T13:26:50","modified_gmt":"2024-12-04T12:26:50","slug":"fuzje-i-przejecia","status":"publish","type":"product","link":"http:\/\/ksiegarnia-akademicka.pl\/index.php\/product\/fuzje-i-przejecia\/","title":{"rendered":"Fuzje i przej\u0119cia sp\u00f3\u0142ek kapita\u0142owych. Zagadnienia rachunkowe i podatkowe"},"content":{"rendered":"<p>Autor: dr Anna Bernaziuk, dr Andre Helin, Rafa\u0142 Kowalski, dr Kristof Zorde<br \/>\nSeria: Podatkowe Komentarze Becka<br \/>\nRok wydania: 2022<br \/>\nWydanie: 6<br \/>\nOprawa: Twarda<br \/>\nLiczba stron: 500<br \/>\nWymiary: 160&#215;240 mm<br \/>\nWaga: 940 g<\/p>\n<p>Praktyczny przewodnik w zakresie stosowania procedur i rozwi\u0105za\u0144 dotycz\u0105cych przeprowadzania proces\u00f3w po\u0142\u0105czeniowych w ramach sp\u00f3\u0142ek kapita\u0142owych z najnowszymi zmianami w tym, wynikaj\u0105cymi z Polskiego \u0141adu.<br \/>\nAutorzy ksi\u0105\u017cki, opieraj\u0105c si\u0119 na pytaniach klient\u00f3w firmy BDO Sp. z o.o. oraz swoim do\u015bwiadczeniu stworzyli praktyczn\u0105 pozycj\u0119, kt\u00f3ra pomo\u017ce lepiej zrozumie\u0107 skomplikowane przepisy reguluj\u0105ce fuzje i przej\u0119cia. W kontek\u015bcie nabycia i \u0142\u0105czenia sp\u00f3\u0142ek kapita\u0142owych decyduj\u0105c\u0105 rol\u0119 odgrywaj\u0105 szczeg\u00f3\u0142owo opisane przez Autor\u00f3w aspekty prawne, finansowe, rachunkowe, a tak\u017ce podatkowe wspomnianych proces\u00f3w. Bardzo wa\u017cn\u0105 rol\u0119 pe\u0142ni\u0105 tak\u017ce praktyczne porady dotycz\u0105ce tego, w jaki spos\u00f3b przygotowa\u0107 si\u0119 do kontakt\u00f3w z potencjalnie przejmowanym przedsi\u0119biorstwem, dlaczego warto skorzysta\u0107 z pomocy doradc\u00f3w przy procesie przej\u0119cia i jak wa\u017cne jest przeprowadzenie analizy due diligence.<\/p>\n<p>W 6. wydaniu przedstawiono:<\/p>\n<p>najnowsze dane dotycz\u0105ce warto\u015bci transakcji fuzji i przej\u0119\u0107 zar\u00f3wno w Polsce, jak i na \u015bwiecie;<br \/>\nprzej\u0119cia (tzw. odwrotne) z udzia\u0142em akwizycyjnej sp\u00f3\u0142ki celowej;<br \/>\nprojekt standardu DP\/2020\/2 Po\u0142\u0105czenia jednostek pod wsp\u00f3ln\u0105 kontrol\u0105;<br \/>\nzaprezentowano tak\u017ce r\u00f3\u017cnice mi\u0119dzy ustaw\u0105 o rachunkowo\u015bci a MSSF 3 w zakresie po\u0142\u0105cze\u0144 podmiot\u00f3w gospodarczych dotycz\u0105ce: ceny nabycia uwarunkowanej przysz\u0142ymi zdarzeniami; uj\u0119cia transakcji z udzia\u0142owcami niesprawuj\u0105cymi kontroli przeprowadzanych po dniu obj\u0119cia kontroli i niepowoduj\u0105cych utraty kontroli; ujmowania zobowi\u0105za\u0144 warunkowych jednostki przejmowanej; wyceny udzia\u0142\u00f3w niedaj\u0105cych kontroli (udzia\u0142y mniejszo\u015bci);<br \/>\nprzedstawiono zmiany w ujmowaniu skutk\u00f3w po\u0142\u0105cze\u0144 wprowadzone znowelizowanym MSSF 3 (MSSF 3R), m.in. zaprezentowano now\u0105 definicj\u0119 przedsi\u0119wzi\u0119cia;<br \/>\nzaprezentowano nowe interpretacje podatkowe, a tak\u017ce najnowsze zmiany wprowadzone:<br \/>\nustaw\u0105 z 27.11.2020 r. o zmianie ustawy o podatku od towar\u00f3w i us\u0142ug oraz niekt\u00f3rych innych ustaw (Dz.U. z 2020 r. poz. 2419), kt\u00f3re dotycz\u0105 uproszczenia i unowocze\u015bnienia rozliczania podatku VAT, wprowadzenia zmian m.in. fakturowania, u\u0142atwie\u0144 dla eksporter\u00f3w oraz pakietu korzy\u015bci finansowych dla przedsi\u0119biorc\u00f3w, uruchomienia rozwi\u0105za\u0144 doprecyzowuj\u0105cych niekt\u00f3re konstrukcje VAT oraz dotycz\u0105ce tzw. Tax Free,<br \/>\nustaw\u0105 z 28.11.2020 r. o zmianie ustawy o podatku dochodowym od os\u00f3b fizycznych, ustawy o podatku dochodowym od os\u00f3b prawnych, ustawy o zrycza\u0142towanym podatku dochodowym od niekt\u00f3rych przychod\u00f3w osi\u0105ganych przez osoby fizyczne oraz niekt\u00f3rych innych ustaw (Dz.U. z 2020 r. poz. 2123), dotycz\u0105ce uszczelnienia systemu podatk\u00f3w dochodowych w celu zapewnienia powi\u0105zania wysoko\u015bci podatku p\u0142aconego przez du\u017ce przedsi\u0119biorstwa, w szczeg\u00f3lno\u015bci mi\u0119dzynarodowe, z faktycznym miejscem uzyskiwania przez nie dochodu,<br \/>\nustaw\u0105 z 5.6.2020 r. o zmianie ustawy o podatku dochodowym od os\u00f3b fizycznych, ustawy o podatku dochodowym od os\u00f3b prawnych, ustawy o zrycza\u0142towanym podatku dochodowym od niekt\u00f3rych przychod\u00f3w osi\u0105ganych przez osoby fizyczne oraz niekt\u00f3rych innych ustaw (Dz.U. z 2020 r. poz. 1065), dotycz\u0105ce dostosowania z dniem 1.1.2021 r. przepis\u00f3w o podatku dochodowym do obecnie obowi\u0105zuj\u0105cej Polskiej Klasyfikacji Wyrob\u00f3w i Us\u0142ug (PKWiU) 2015; wprowadzenia szczeg\u00f3lnej klauzuli przeciwko unikaniu opodatkowania w zakresie regulacji dotycz\u0105cej zaliczania do koszt\u00f3w uzyskania przychod\u00f3w koszt\u00f3w hipotetycznych odsetek; wprowadzenia zmian o charakterze doprecyzowuj\u0105cym obowi\u0105zuj\u0105ce przepisy.<br \/>\nOm\u00f3wiono r\u00f3wnie\u017c najnowsze regulacje wynikaj\u0105ce z tzw. Polskiego \u0141adu tj. z ustawy z 29.10.2021 r. o zmianie ustawy o podatku dochodowym od os\u00f3b fizycznych, ustawy o podatku dochodowym od os\u00f3b prawnych oraz niekt\u00f3rych innych ustaw, dotycz\u0105ce m.in.: przepis\u00f3w antyabuzywnych, po\u0142\u0105czenia sp\u00f3\u0142ek, przychodu sp\u00f3\u0142ki przejmowanej, przejmuj\u0105cej i sp\u00f3\u0142ki przejmuj\u0105cej posiadaj\u0105cej udzia\u0142y (akcje) sp\u00f3\u0142ki przejmowanej oraz form prawnych, do kt\u00f3rych zastosowanie maj\u0105 przepisy o po\u0142\u0105czeniach.<\/p>\n<p>Publikacja zosta\u0142a podzielona na rozdzia\u0142y, z kt\u00f3rych ka\u017cdy zawiera praktyczne przyk\u0142ady i opis tych przypadk\u00f3w, kt\u00f3re z pewno\u015bci\u0105 u\u0142atwi\u0105 zrozumienie skutk\u00f3w rachunkowych i podatkowych fuzji i przej\u0119\u0107.<\/p>\n<p>Publikacja obejmuje:<\/p>\n<p>opis procesu przej\u0119cia przedsi\u0119biorstw, ich rodzaje i formy, motywy, tryb przejmowania oraz szczeg\u00f3\u0142owy opis procesu due diligence, maj\u0105cego du\u017ce znaczenie w kontek\u015bcie prac przygotowawczych, towarzysz\u0105cych przej\u0119ciom;<br \/>\nproces \u0142\u0105czenia sp\u00f3\u0142ek kapita\u0142owych, w szczeg\u00f3lno\u015bci za\u015b jego proceduralne aspekty uregulowane w Kodeksie sp\u00f3\u0142ek handlowych \u2013 pocz\u0105wszy od etapu przygotowawczego, sporz\u0105dzenia planu po\u0142\u0105czenia, podejmowania uchwa\u0142 po\u0142\u0105czeniowych a\u017c po rejestracj\u0119 po\u0142\u0105czenia w KRS. Poruszono tu tak\u017ce zagadnienie fuzji sp\u00f3\u0142ek publicznych oraz mi\u0119dzynarodowych z udzia\u0142em sp\u00f3\u0142ki europejskiej;<br \/>\nzagadnienia rozliczenia skutk\u00f3w po\u0142\u0105czenia w sprawozdaniu finansowym, z uwzgl\u0119dnieniem r\u00f3\u017cnic w tym zakresie wynikaj\u0105cych z zastosowania wymog\u00f3w prawa polskiego z ustawy o rachunkowo\u015bci, jak i znowelizowanych Mi\u0119dzynarodowych Standard\u00f3w Sprawozdawczo\u015bci Finansowej (identyfikacja podmiotu przejmuj\u0105cego, ustalenie ceny nabycia, ujawnienie warto\u015bci firmy lub ujemnej warto\u015bci firmy, przej\u0119cie odwrotne);<br \/>\nwybrane po\u0142\u0105czenia sp\u00f3\u0142ek i ich skutki ekonomiczno-finansowe ustalone na podstawie polskich i mi\u0119dzynarodowych standard\u00f3w rachunkowo\u015bci oraz ich analiz\u0119 por\u00f3wnawcz\u0105 (po\u0142\u0105czenie LBO; jednostek pod wsp\u00f3ln\u0105 kontrol\u0105, odwrotne);<br \/>\npraktyczne przyk\u0142ady ilustruj\u0105ce zastosowanie wymog\u00f3w standard\u00f3w mi\u0119dzynarodowych do rozliczenia skutk\u00f3w po\u0142\u0105czenia w ksi\u0119gach rachunkowych (metody wyceny warto\u015bci niematerialnych i prawnych);<br \/>\nzmiany wprowadzone do standard\u00f3w mi\u0119dzynarodowych w zakresie ujmowania i rozliczania skutk\u00f3w po\u0142\u0105cze\u0144 sp\u00f3\u0142ek;<br \/>\nca\u0142o\u015bciowe om\u00f3wienie podatkowych aspekt\u00f3w fuzji i przej\u0119\u0107 (zasada sukcesji, obowi\u0105zki w zakresie rejestracji dla cel\u00f3w podatkowych i rozliczenie podatkowe sp\u00f3\u0142ki przejmowanej, opodatkowanie sp\u00f3\u0142ki nowo zawi\u0105zanej, rozliczenie straty podatkowej sp\u00f3\u0142ki, amortyzacja, opodatkowanie fuzji transgranicznych, zaliczenie wydatk\u00f3w na konsolidacje do koszt\u00f3w uzyskania przychod\u00f3w, opodatkowanie wsp\u00f3lnika sp\u00f3\u0142ki przejmowanej, ubezpieczenia spo\u0142eczne, podatki i op\u0142aty lokalne).<br \/>\nWyj\u0105tkow\u0105 zalet\u0105 ksi\u0105\u017cki jest ca\u0142o\u015bciowe przedstawienie procesu fuzji i przej\u0119\u0107 z uwzgl\u0119dnieniem specyfiki tak fundamentalnych polskich ustaw, jak: Kodeks sp\u00f3\u0142ek handlowych, ustawa o obrocie instrumentami finansowymi, o ofercie publicznej, o nadzorze nad rynkiem finansowym, ustawa o rachunkowo\u015bci i ustawy podatkowe: o podatku dochodowym od os\u00f3b prawnych, od os\u00f3b fizycznych, VAT, o podatkach i op\u0142atach lokalnych. Skutki rachunkowe i podatkowe zilustrowano wieloma przyk\u0142adami.<\/p>\n<p>Publikacja zawiera liczne wykresy, rysunki i tabele, wzbogacaj\u0105ce jej warto\u015b\u0107 komparatystyczn\u0105 i u\u0142atwiaj\u0105ce Czytelnikowi samodzieln\u0105 analiz\u0119 por\u00f3wnawcz\u0105 zasad prawnych i finansowo-rachunkowych towarzysz\u0105cych procesom po\u0142\u0105cze\u0144 sp\u00f3\u0142ek.<\/p>\n<p>Autorzy publikacji s\u0105 ekspertami w swojej dziedzinie: bieg\u0142ymi rewidentami, doradcami podatkowymi, z bogatym do\u015bwiadczeniem w procesach fuzji i przej\u0119\u0107, maj\u0105cymi tak\u017ce do\u015bwiadczenie mi\u0119dzynarodowe. W zwi\u0105zku z uczestniczeniem w procesach przej\u0119\u0107 i przekszta\u0142ce\u0144 wielu przedsi\u0119biorstw, ich uwagi stanowi\u0105 cenne \u017ar\u00f3d\u0142o praktycznej wiedzy z tego zakresu. Pozycja ta b\u0119dzie wyj\u0105tkowo przydatna dla os\u00f3b \u015bwiadcz\u0105cych us\u0142ugi doradcze w zakresie fuzji i przej\u0119\u0107, a tak\u017ce bior\u0105cych udzia\u0142 w tego typu transakcjach.<\/p>\n<p>Komentarz przeznaczony jest przede wszystkim dla os\u00f3b zajmuj\u0105cych si\u0119 w swojej dzia\u0142alno\u015bci zawodowej stosowaniem przepis\u00f3w prawa bilansowego: cz\u0142onk\u00f3w rad nadzorczych, dyrektor\u00f3w, g\u0142\u00f3wnych ksi\u0119gowych, bieg\u0142ych rewident\u00f3w, analityk\u00f3w finansowych, radc\u00f3w prawnych, adwokat\u00f3w, doradc\u00f3w podatkowych, s\u0119dzi\u00f3w i prokurator\u00f3w oraz dla ekonomist\u00f3w, a tak\u017ce dla student\u00f3w wydzia\u0142\u00f3w ekonomicznych i zarz\u0105dzania.<\/p>\n","protected":false},"excerpt":{"rendered":"<p>Autor: dr Anna Bernaziuk, dr Andre Helin, Rafa\u0142 Kowalski, dr [&hellip;]<\/p>\n","protected":false},"featured_media":10322,"template":"","meta":[],"product_brand":[],"product_cat":[7495,22,18],"product_tag":[6714,5932],"class_list":{"0":"post-1399","1":"product","2":"type-product","3":"status-publish","4":"has-post-thumbnail","6":"product_cat-gospodarcze-i-handlowe","7":"product_cat-podatki-i-prawo-podatkowe","8":"product_cat-prawo","9":"product_tag-fuzje-i-przejecia","10":"product_tag-seria-podatkowe-komentarze-becka","12":"first","13":"instock","14":"sale","15":"shipping-taxable","16":"purchasable","17":"product-type-simple"},"_links":{"self":[{"href":"http:\/\/ksiegarnia-akademicka.pl\/index.php\/wp-json\/wp\/v2\/product\/1399","targetHints":{"allow":["GET"]}}],"collection":[{"href":"http:\/\/ksiegarnia-akademicka.pl\/index.php\/wp-json\/wp\/v2\/product"}],"about":[{"href":"http:\/\/ksiegarnia-akademicka.pl\/index.php\/wp-json\/wp\/v2\/types\/product"}],"wp:featuredmedia":[{"embeddable":true,"href":"http:\/\/ksiegarnia-akademicka.pl\/index.php\/wp-json\/wp\/v2\/media\/10322"}],"wp:attachment":[{"href":"http:\/\/ksiegarnia-akademicka.pl\/index.php\/wp-json\/wp\/v2\/media?parent=1399"}],"wp:term":[{"taxonomy":"product_brand","embeddable":true,"href":"http:\/\/ksiegarnia-akademicka.pl\/index.php\/wp-json\/wp\/v2\/product_brand?post=1399"},{"taxonomy":"product_cat","embeddable":true,"href":"http:\/\/ksiegarnia-akademicka.pl\/index.php\/wp-json\/wp\/v2\/product_cat?post=1399"},{"taxonomy":"product_tag","embeddable":true,"href":"http:\/\/ksiegarnia-akademicka.pl\/index.php\/wp-json\/wp\/v2\/product_tag?post=1399"}],"curies":[{"name":"wp","href":"https:\/\/api.w.org\/{rel}","templated":true}]}}