{"id":13947,"date":"2021-03-02T10:18:50","date_gmt":"2021-03-02T09:18:50","guid":{"rendered":"http:\/\/ksiegarnia-akademicka.pl\/?post_type=product&#038;p=13947"},"modified":"2021-03-02T10:18:50","modified_gmt":"2021-03-02T09:18:50","slug":"nowoczesna-koncepcja-ekologistyki","status":"publish","type":"product","link":"http:\/\/ksiegarnia-akademicka.pl\/index.php\/product\/nowoczesna-koncepcja-ekologistyki\/","title":{"rendered":"Nowoczesna koncepcja ekologistyki"},"content":{"rendered":"<p>Autor:<br \/>\nSzymonik Robert Stanis\u0142awski Artur B\u0142aszczyk Andrzej<br \/>\nWydawca: Difin<br \/>\nOprawa: Mi\u0119kka<br \/>\nLiczba stron: 278<br \/>\nRok wydania: 2021<br \/>\nJ\u0119zyk wydania: polski<\/p>\n<p>Ksi\u0105\u017cka skupia si\u0119 na wsp\u00f3\u0142czesnych kierunkach i rozwi\u0105zaniach zwi\u0105zanych z ekologistyk\u0105. Wiele miejsca po\u015bwi\u0119cono problemowi bezpiecze\u0144stwa system\u00f3w logistycznych i zagro\u017ceniom naturalnym zwi\u0105zanym ze \u015brodowiskiem. Zaprezentowano rozwi\u0105zania teoretyczne, kt\u00f3re warto wdro\u017cy\u0107 w zarz\u0105dzaniu procesami w ekologistce. Do nich zaliczono mi\u0119dzy innymi systemy informatyczne, automatyczn\u0105 identyfikacj\u0119, systemy zarz\u0105dzania \u015brodowiskowego, Lean Management, kalkulacj\u0119 koszt\u00f3w. Na uwag\u0119 zas\u0142uguje obszar zwi\u0105zany z ekologi\u0105 w magazynach, w kt\u00f3rych opisano takie problemy jak: idea zr\u00f3wnowa\u017conego budownictwa, energooszcz\u0119dne zarz\u0105dzanie budynkiem, certyfikacja ekologiczna.<\/p>\n<p>Ksi\u0105\u017cka zawiera wiele trend\u00f3w zwi\u0105zanych ze spo\u0142eczn\u0105 odpowiedzialno\u015bci\u0105 biznesu w kontek\u015bcie zr\u00f3wnowa\u017conego rozwoju us\u0142ug logistycznych, gospodarki w obiegu zamkni\u0119tym, \u201eczystszej produkcji\u201d, minimalizacji odpad\u00f3w, edukacji spo\u0142ecze\u0144stwa w sprawach rozwoju. Scharakteryzowano problemy Internetu rzeczy, inteligentnego zarz\u0105dzania odpadami. Ksi\u0105\u017cka jest jedyna w swoim rodzaju, poniewa\u017c zosta\u0142a stworzona poprzez analiz\u0119 proces\u00f3w ekologistycznych i bie\u017c\u0105c\u0105 wsp\u00f3\u0142prac\u0119 z przedsi\u0119biorstwami, kt\u00f3re wykorzystuj\u0105 w praktyce ju\u017c stosowane rozwi\u0105zania.<\/p>\n","protected":false},"excerpt":{"rendered":"<p>Autor: Szymonik Robert Stanis\u0142awski Artur B\u0142aszczyk Andrzej Wydawca: Difin Oprawa: [&hellip;]<\/p>\n","protected":false},"featured_media":13948,"template":"","meta":[],"product_brand":[],"product_cat":[7517,31,39],"product_tag":[1949,502,4045],"class_list":{"0":"post-13947","1":"product","2":"type-product","3":"status-publish","4":"has-post-thumbnail","6":"product_cat-logistyka","7":"product_cat-przedsiebiorstwo","8":"product_cat-srodowisko-prawo-i-zarzadzanie","9":"product_tag-ekologia","10":"product_tag-logistyka","11":"product_tag-ochrona-srodowiska","13":"first","14":"instock","15":"sale","16":"shipping-taxable","17":"purchasable","18":"product-type-simple"},"_links":{"self":[{"href":"http:\/\/ksiegarnia-akademicka.pl\/index.php\/wp-json\/wp\/v2\/product\/13947","targetHints":{"allow":["GET"]}}],"collection":[{"href":"http:\/\/ksiegarnia-akademicka.pl\/index.php\/wp-json\/wp\/v2\/product"}],"about":[{"href":"http:\/\/ksiegarnia-akademicka.pl\/index.php\/wp-json\/wp\/v2\/types\/product"}],"wp:featuredmedia":[{"embeddable":true,"href":"http:\/\/ksiegarnia-akademicka.pl\/index.php\/wp-json\/wp\/v2\/media\/13948"}],"wp:attachment":[{"href":"http:\/\/ksiegarnia-akademicka.pl\/index.php\/wp-json\/wp\/v2\/media?parent=13947"}],"wp:term":[{"taxonomy":"product_brand","embeddable":true,"href":"http:\/\/ksiegarnia-akademicka.pl\/index.php\/wp-json\/wp\/v2\/product_brand?post=13947"},{"taxonomy":"product_cat","embeddable":true,"href":"http:\/\/ksiegarnia-akademicka.pl\/index.php\/wp-json\/wp\/v2\/product_cat?post=13947"},{"taxonomy":"product_tag","embeddable":true,"href":"http:\/\/ksiegarnia-akademicka.pl\/index.php\/wp-json\/wp\/v2\/product_tag?post=13947"}],"curies":[{"name":"wp","href":"https:\/\/api.w.org\/{rel}","templated":true}]}}