{"id":13944,"date":"2021-03-02T10:10:35","date_gmt":"2021-03-02T09:10:35","guid":{"rendered":"http:\/\/ksiegarnia-akademicka.pl\/?post_type=product&#038;p=13944"},"modified":"2021-03-02T10:10:36","modified_gmt":"2021-03-02T09:10:36","slug":"logistyka-jako-narzedzie-poprawy-jakosci-i-bezpieczenstwa-komunikacji-w-miescie","status":"publish","type":"product","link":"http:\/\/ksiegarnia-akademicka.pl\/index.php\/product\/logistyka-jako-narzedzie-poprawy-jakosci-i-bezpieczenstwa-komunikacji-w-miescie\/","title":{"rendered":"Logistyka jako narz\u0119dzie poprawy jako\u015bci i bezpiecze\u0144stwa komunikacji w mie\u015bcie"},"content":{"rendered":"<p>Autor: Ewa Kuli\u0144ska, Dariusz Mas\u0142owski<br \/>\nWydawca: Difin<br \/>\nOprawa: Mi\u0119kka<br \/>\nLiczba stron: 292<br \/>\nRok wydania: 2021<br \/>\nJ\u0119zyk wydania: polski<\/p>\n<p>Ksi\u0105\u017cka obejmuje g\u0142\u00f3wnie aspekty zwi\u0105zane z funkcjonowaniem miast. Zawiera zar\u00f3wno teoretyczne rozeznanie tematu, jak r\u00f3wnie\u017c przedstawia praktyczne mo\u017cliwo\u015bci poprawy funkcjonowania miast za po\u015brednictwem r\u00f3\u017cnych narz\u0119dzi logistycznych. Autorzy za po\u015brednictwem szeregu ankiet skierowanych do u\u017cytkownik\u00f3w systemu miejskiego przedstawili wachlarz bada\u0144 weryfikuj\u0105cych znaczenie wykorzystania logistyki w miastach. W ksi\u0105\u017cce zosta\u0142y przedstawione praktyczne rozwi\u0105zania oddzia\u0142uj\u0105ce na systemy miejskie, w sk\u0142ad kt\u00f3rych mo\u017cna zaliczy\u0107, m.in.: system rower\u00f3w miejskich, zastosowanie metody PERT do optymalizacji objazdu na terenie miast, dynamiczna synchronizacja sygnalizacji \u015bwietlnej, system inteligentnego sterowania ruchem w miastach, system dynamicznej informacji kierowc\u00f3w\/ pasa\u017cer\u00f3w, system zarz\u0105dzania ryzykiem w miastach oraz wiele innych rozwi\u0105za\u0144. Ksi\u0105\u017cka jest adresowana do bardzo szerokiego grona odbiorc\u00f3w, zar\u00f3wno do pracownik\u00f3w naukowych, jak i mened\u017cer\u00f3w \u015bredniego i wysokiego szczebla oraz praktyk\u00f3w zarz\u0105dzaj\u0105cych systemem miejskim.<\/p>\n","protected":false},"excerpt":{"rendered":"<p>Autor: Ewa Kuli\u0144ska, Dariusz Mas\u0142owski Wydawca: Difin Oprawa: Mi\u0119kka Liczba [&hellip;]<\/p>\n","protected":false},"featured_media":13946,"template":"","meta":[],"product_brand":[],"product_cat":[7517,31,7494,7535],"product_tag":[8099,502,642],"class_list":{"0":"post-13944","1":"product","2":"type-product","3":"status-publish","4":"has-post-thumbnail","6":"product_cat-logistyka","7":"product_cat-przedsiebiorstwo","8":"product_cat-samorzad-terytorialny","9":"product_cat-transport-2","10":"product_tag-infrastruktura-miejska","11":"product_tag-logistyka","12":"product_tag-transport","14":"first","15":"instock","16":"sale","17":"shipping-taxable","18":"purchasable","19":"product-type-simple"},"_links":{"self":[{"href":"http:\/\/ksiegarnia-akademicka.pl\/index.php\/wp-json\/wp\/v2\/product\/13944","targetHints":{"allow":["GET"]}}],"collection":[{"href":"http:\/\/ksiegarnia-akademicka.pl\/index.php\/wp-json\/wp\/v2\/product"}],"about":[{"href":"http:\/\/ksiegarnia-akademicka.pl\/index.php\/wp-json\/wp\/v2\/types\/product"}],"wp:featuredmedia":[{"embeddable":true,"href":"http:\/\/ksiegarnia-akademicka.pl\/index.php\/wp-json\/wp\/v2\/media\/13946"}],"wp:attachment":[{"href":"http:\/\/ksiegarnia-akademicka.pl\/index.php\/wp-json\/wp\/v2\/media?parent=13944"}],"wp:term":[{"taxonomy":"product_brand","embeddable":true,"href":"http:\/\/ksiegarnia-akademicka.pl\/index.php\/wp-json\/wp\/v2\/product_brand?post=13944"},{"taxonomy":"product_cat","embeddable":true,"href":"http:\/\/ksiegarnia-akademicka.pl\/index.php\/wp-json\/wp\/v2\/product_cat?post=13944"},{"taxonomy":"product_tag","embeddable":true,"href":"http:\/\/ksiegarnia-akademicka.pl\/index.php\/wp-json\/wp\/v2\/product_tag?post=13944"}],"curies":[{"name":"wp","href":"https:\/\/api.w.org\/{rel}","templated":true}]}}