{"id":13909,"date":"2021-02-26T10:46:43","date_gmt":"2021-02-26T09:46:43","guid":{"rendered":"http:\/\/ksiegarnia-akademicka.pl\/?post_type=product&#038;p=13909"},"modified":"2024-12-05T08:41:44","modified_gmt":"2024-12-05T07:41:44","slug":"amerykanska-choroba-szpitalne-zapiski-o-wolnosci","status":"publish","type":"product","link":"http:\/\/ksiegarnia-akademicka.pl\/index.php\/product\/amerykanska-choroba-szpitalne-zapiski-o-wolnosci\/","title":{"rendered":"Ameryka\u0144ska choroba Szpitalne zapiski o wolno\u015bci"},"content":{"rendered":"<p>Autor:<br \/>\nTimothy Snyder<br \/>\nT\u0142umacze: Pietrzyk Bart\u0142omiej<br \/>\nWydawca: Znak<br \/>\nOprawa: Twarda<br \/>\nFormat: 14.5&#215;20.5cm<br \/>\nLiczba stron: 192<br \/>\nWydanie: 1<br \/>\nRok wydania: 2021<br \/>\nJ\u0119zyk wydania: polski<\/p>\n<p>Ameryka\u0144ska choroba. Zapiski o wolno\u015bci ze szpitalnego \u0142\u00f3\u017cka Timothy Snyder na granicy \u017cycia i \u015bmierci. Najbardziej osobista ksi\u0105\u017cka wybitnego historyka. \u2026le\u017c\u0105c na wznak w szpitalnym \u0142\u00f3\u017cku z rurkami wychodz\u0105cymi z ramion i klatki piersiowej, nie by\u0142em w stanie zacisn\u0105\u0107 pi\u0119\u015bci, ale wyobra\u017ca\u0142em sobie, \u017ce je zaciskam. Nie mog\u0142em unie\u015b\u0107 si\u0119 na \u0142\u00f3\u017cku, (\u2026) ale widzia\u0142em siebie, jak to robi\u0119. By\u0142em kolejnym pacjentem na kolejnym oddziale szpitalnym, kolejnym zestawem niewydolnych organ\u00f3w, kolejnym nosicielem zaka\u017conej krwi. Jednak nie czu\u0142em si\u0119 tak. Czu\u0142em si\u0119 (\u2026) w\u015bciek\u0142y. Co zostanie po twojej wolno\u015bci, gdy b\u0119dziesz ju\u017c pacjentem? Przykuty do \u0142\u00f3\u017cka. Zbyt s\u0142aby, by samodzielnie nawet si\u0119 za\u0142atwi\u0107. Odseparowany od swoich dzieci? Od swoich bliskich? Z dala od wa\u017cnych dla ciebie spraw? Czy wtedy b\u0119dzie mie\u0107 znaczenie, jaki jest tw\u00f3j stan konta b\u0105d\u017a status spo\u0142eczny? Pewnie my\u015blisz, \u017ce nie. Mylisz si\u0119. Le\u017c\u0105c w szpitalnym \u0142\u00f3\u017cku, stawia te pytania, toczony \u015bmierteln\u0105 chorob\u0105 Timothy Snyder. Wybitny historyk i autor w\u0142asnym przyk\u0142adem u\u015bwiadamia nam, jak cienki jest nask\u00f3rek naszych wolno\u015bci. I jak \u0142atwo go przebi\u0107.<br \/>\nTaka jest rzeczywisto\u015b\u0107. Ale czy mo\u017cna j\u0105 zmieni\u0107? Czy opieka zdrowotna nie jest prawem cz\u0142owieka? Czy pa\u0144stwo w imi\u0119 naszego dobra mo\u017ce nas wi\u0119zi\u0107? Jak powinien dzia\u0142a\u0107 system, kt\u00f3ry nie zamieni \u0142\u00f3\u017cka w prycz\u0119, ale nam pomo\u017ce wr\u00f3ci\u0107 do zdrowia?<br \/>\n\u201eAmeryka\u0144ska choroba\u201d to refleksja humanisty nad prawdziwym znaczeniem najwa\u017cniejszego s\u0142owa: wolno\u015b\u0107. Nawet wtedy, gdy si\u0119 umiera.<\/p>\n","protected":false},"excerpt":{"rendered":"<p>Autor: Timothy Snyder T\u0142umacze: Pietrzyk Bart\u0142omiej Wydawca: Znak Oprawa: Twarda [&hellip;]<\/p>\n","protected":false},"featured_media":13910,"template":"","meta":[],"product_brand":[],"product_cat":[7707,7625],"product_tag":[8097,900,8098],"class_list":{"0":"post-13909","1":"product","2":"type-product","3":"status-publish","4":"has-post-thumbnail","6":"product_cat-literatura","7":"product_cat-nauki-o-zdrowiu","8":"product_tag-literatura-faktu","9":"product_tag-stany-zjednoczone-ameryki","10":"product_tag-system-opieki-zdrowotnej","12":"first","13":"instock","14":"sale","15":"shipping-taxable","16":"purchasable","17":"product-type-simple"},"_links":{"self":[{"href":"http:\/\/ksiegarnia-akademicka.pl\/index.php\/wp-json\/wp\/v2\/product\/13909","targetHints":{"allow":["GET"]}}],"collection":[{"href":"http:\/\/ksiegarnia-akademicka.pl\/index.php\/wp-json\/wp\/v2\/product"}],"about":[{"href":"http:\/\/ksiegarnia-akademicka.pl\/index.php\/wp-json\/wp\/v2\/types\/product"}],"wp:featuredmedia":[{"embeddable":true,"href":"http:\/\/ksiegarnia-akademicka.pl\/index.php\/wp-json\/wp\/v2\/media\/13910"}],"wp:attachment":[{"href":"http:\/\/ksiegarnia-akademicka.pl\/index.php\/wp-json\/wp\/v2\/media?parent=13909"}],"wp:term":[{"taxonomy":"product_brand","embeddable":true,"href":"http:\/\/ksiegarnia-akademicka.pl\/index.php\/wp-json\/wp\/v2\/product_brand?post=13909"},{"taxonomy":"product_cat","embeddable":true,"href":"http:\/\/ksiegarnia-akademicka.pl\/index.php\/wp-json\/wp\/v2\/product_cat?post=13909"},{"taxonomy":"product_tag","embeddable":true,"href":"http:\/\/ksiegarnia-akademicka.pl\/index.php\/wp-json\/wp\/v2\/product_tag?post=13909"}],"curies":[{"name":"wp","href":"https:\/\/api.w.org\/{rel}","templated":true}]}}