{"id":1386,"date":"2018-05-22T12:43:32","date_gmt":"2018-05-22T10:43:32","guid":{"rendered":"http:\/\/ksiegarnia-akademicka.pl\/index.php\/product\/wspolczesne-doktryny-polityczne\/"},"modified":"2023-12-15T13:31:36","modified_gmt":"2023-12-15T12:31:36","slug":"wspolczesne-doktryny-polityczne","status":"publish","type":"product","link":"http:\/\/ksiegarnia-akademicka.pl\/index.php\/product\/wspolczesne-doktryny-polityczne\/","title":{"rendered":"Wsp\u00f3\u0142czesne doktryny polityczne"},"content":{"rendered":"<p>Autor: Roman Tokarczyk<br \/>\nWydawnictwo: Zakamycze<br \/>\nRok: 2000<\/p>\n<p>Wydanie X poszerzone. Tre\u015b\u0107 podr\u0119cznika obejmuje my\u015bl polityczn\u0105 XIX i XX wieku. W opracowaniu autor d\u0105\u017cy do ukazania mo\u017cliwie najszerszego spektrum zr\u00f3\u017cnicowania wsp\u00f3\u0142czesnej my\u015bli politycznej. Ka\u017cdy z rozdzia\u0142\u00f3w pracy stanowi odr\u0119bn\u0105 ca\u0142o\u015b\u0107 dla mo\u017cliwie najlepszego podkre\u015blenia tre\u015bci. Ksi\u0105\u017cka zosta\u0142a tak skonstruowana, by mo\u017cna by\u0142o \u0142atwo por\u00f3wna\u0107 poszczeg\u00f3lne elementy omawianych doktryn (m.in. liberalizmu, konserwatyzmu, komunizmu, rasizmu, faszyzmu, pacyfizmu, katolicyzmu, feminizmu, socjalizmu, populizmu i in.). Autor stara si\u0119 przy tym zachowa\u0107 rozs\u0105dne proporcje mi\u0119dzy niezb\u0119dn\u0105 charakterystyk\u0105 warstwy historycznej a charakterystyka ich warstwy wsp\u00f3\u0142czesnej. Pozycja przeznaczona jest nie tylko dla student\u00f3w, r\u00f3\u017cnych kierunk\u00f3w studi\u00f3w, ale r\u00f3wnie\u017c, dla wszystkich zainteresowanych problemami wsp\u00f3\u0142czesnej my\u015bli politycznej.<\/p>\n<p>Ok\u0142adka z wydania XIV<\/p>\n","protected":false},"excerpt":{"rendered":"<p>Autor: Roman Tokarczyk Wydawnictwo: Zakamycze Rok: 2000 Wydanie X poszerzone. [&hellip;]<\/p>\n","protected":false},"featured_media":8044,"template":"","meta":[],"product_brand":[],"product_cat":[7496,27,7497,7507,18],"product_tag":[5084,6285,74,873],"class_list":{"0":"post-1386","1":"product","2":"type-product","3":"status-publish","4":"has-post-thumbnail","6":"product_cat-konstytucyjne","7":"product_cat-nauki-spoleczne","8":"product_cat-ogolne-zagadnienia-prawa","9":"product_cat-politologia","10":"product_cat-prawo","11":"product_tag-doktryny-polityczne","12":"product_tag-historia-panstwa-i-prawa","13":"product_tag-politologia","14":"product_tag-prawo-konstytucyjne","16":"first","17":"outofstock","18":"sale","19":"shipping-taxable","20":"purchasable","21":"product-type-simple"},"_links":{"self":[{"href":"http:\/\/ksiegarnia-akademicka.pl\/index.php\/wp-json\/wp\/v2\/product\/1386","targetHints":{"allow":["GET"]}}],"collection":[{"href":"http:\/\/ksiegarnia-akademicka.pl\/index.php\/wp-json\/wp\/v2\/product"}],"about":[{"href":"http:\/\/ksiegarnia-akademicka.pl\/index.php\/wp-json\/wp\/v2\/types\/product"}],"wp:featuredmedia":[{"embeddable":true,"href":"http:\/\/ksiegarnia-akademicka.pl\/index.php\/wp-json\/wp\/v2\/media\/8044"}],"wp:attachment":[{"href":"http:\/\/ksiegarnia-akademicka.pl\/index.php\/wp-json\/wp\/v2\/media?parent=1386"}],"wp:term":[{"taxonomy":"product_brand","embeddable":true,"href":"http:\/\/ksiegarnia-akademicka.pl\/index.php\/wp-json\/wp\/v2\/product_brand?post=1386"},{"taxonomy":"product_cat","embeddable":true,"href":"http:\/\/ksiegarnia-akademicka.pl\/index.php\/wp-json\/wp\/v2\/product_cat?post=1386"},{"taxonomy":"product_tag","embeddable":true,"href":"http:\/\/ksiegarnia-akademicka.pl\/index.php\/wp-json\/wp\/v2\/product_tag?post=1386"}],"curies":[{"name":"wp","href":"https:\/\/api.w.org\/{rel}","templated":true}]}}