{"id":13820,"date":"2021-02-01T15:25:32","date_gmt":"2021-02-01T14:25:32","guid":{"rendered":"http:\/\/ksiegarnia-akademicka.pl\/?post_type=product&#038;p=13820"},"modified":"2024-12-05T08:27:19","modified_gmt":"2024-12-05T07:27:19","slug":"prawo-zamowien-publicznych-komentarz","status":"publish","type":"product","link":"http:\/\/ksiegarnia-akademicka.pl\/index.php\/product\/prawo-zamowien-publicznych-komentarz\/","title":{"rendered":"Prawo zam\u00f3wie\u0144 publicznych. Komentarz"},"content":{"rendered":"<p>Redakcja: r.pr. Marzena Jaworska<br \/>\nAutor: r.pr. Dorota Grze\u015bkowiak-Stojek, adw. Julia Jarnicka, r.pr. Agnieszka Matusiak<br \/>\nWydawnictwo: C.H. Beck<br \/>\nSeria: Komentarze Kompaktowe<br \/>\nRok wydania: 2021<br \/>\nOprawa: Mi\u0119kka<br \/>\nLiczba stron: 1348<br \/>\nWaga: 1630 g<br \/>\nISBN: 978-83-8235-085-2<\/p>\n<p>Prawo zam\u00f3wie\u0144 publicznych. Komentarz to pierwszy na rynku komentarz omawiaj\u0105cy now\u0105 ustaw\u0119 PZP z 11.9.2019 r. (wraz z nowelizacjami tej ustawy z 2020 r.), kt\u00f3ra wesz\u0142a w \u017cycie 1.1.2021 r.<\/p>\n<p>Nowa ustawa ma na celu uproszczenie procedur, szczeg\u00f3lnie je\u015bli chodzi o zam\u00f3wienia poni\u017cej prog\u00f3w unijnych oraz zwi\u0119kszenie konkurencyjno\u015bci i dost\u0119pu do rynku zam\u00f3wie\u0144 publicznych, a tak\u017ce zr\u00f3wnowa\u017cenie pozycji zamawiaj\u0105cych i wykonawc\u00f3w.<\/p>\n<p>Publikacja w spos\u00f3b wyczerpuj\u0105cy i zarazem praktyczny pozwala zapozna\u0107 si\u0119 z kwestiami dotycz\u0105cymi m.in.:<\/p>\n<p>planowania, przygotowania, prowadzenia post\u0119powa\u0144 o udzielenie zam\u00f3wienia,<br \/>\npolityki zakupowej pa\u0144stwa, analizy potrzeb i wymaga\u0144, planu post\u0119powa\u0144 o udzielenie zam\u00f3wie\u0144, ustalenia warunk\u00f3w zam\u00f3wienia, szacowania jego warto\u015bci i dokonywania opisu przedmiotu zam\u00f3wienia;<br \/>\nzasad i tryb\u00f3w udzielania zam\u00f3wie\u0144 klasycznych, zam\u00f3wie\u0144 sektorowych, w dziedzinie obronno\u015bci i bezpiecze\u0144stwa, zam\u00f3wie\u0144 na us\u0142ugi spo\u0142eczne i inne szczeg\u00f3lne us\u0142ugi, organizowania konkursu;<br \/>\nnowych zasad udzielania zam\u00f3wie\u0144 klasycznych o warto\u015bci podprogowej, w tym w trybie podstawowym;<br \/>\nkwalifikacji podmiotowej wykonawc\u00f3w, badania i oceny ofert, wyboru najkorzystniejszej oferty;<br \/>\nzawierania i realizacji umowy w sprawie zam\u00f3wienia publicznego (forma, obowi\u0105zkowe i zakazane postanowienia, zabezpieczenie nale\u017cytego wykonania, zmiana tre\u015bci umowy, podwykonawstwo);<br \/>\n\u015brodk\u00f3w ochrony prawnej (odwo\u0142anie do Prezesa Izby, skarga do s\u0105du zam\u00f3wie\u0144 publicznych, skarga kasacyjna);<br \/>\npozas\u0105dowego rozwi\u0105zywania spor\u00f3w;<br \/>\norgan\u00f3w w\u0142a\u015bciwych w sprawach zam\u00f3wie\u0144 publicznych i zasad ich dzia\u0142ania (Prezes Urz\u0119du, Prezes Izby, Krajowa Izba Odwo\u0142awcza, Komitet do spraw Kontroli w Zam\u00f3wieniach Publicznych, Rada Zam\u00f3wie\u0144 Publicznych);<br \/>\nkontroli udzielania zam\u00f3wie\u0144.<br \/>\nW komentarzu uwzgl\u0119dniono tak\u017ce:<\/p>\n<p>rozporz\u0105dzenie Ministra Rozwoju, Pracy i Technologii z 18.12.2020 r. w sprawie protoko\u0142\u00f3w post\u0119powania oraz dokumentacji post\u0119powania o udzielenie zam\u00f3wienia publicznego (Dz.U. z 2020 r. poz. 2434),<br \/>\nrozporz\u0105dzenie Ministra Rozwoju, Pracy i Technologii z 18.12.2020 r. w sprawie wzoru planu post\u0119powa\u0144 o udzielenie zam\u00f3wie\u0144 (Dz.U. z 2020 r. poz. 2362),<br \/>\nrozporz\u0105dzenie Ministra Rozwoju, Pracy i Technologii z 22.12.2020 r. w sprawie wysoko\u015bci wynagrodzenia przewodnicz\u0105cego, wiceprzewodnicz\u0105cego i pozosta\u0142ych cz\u0142onk\u00f3w Rady Zam\u00f3wie\u0144 Publicznych (Dz.U. z 2020 r. poz. 2397),<br \/>\nrozporz\u0105dzenie Ministra Rozwoju, Pracy i Technologii z 23.12.2020 r. w sprawie podmiotowych \u015brodk\u00f3w dowodowych oraz innych dokument\u00f3w lub o\u015bwiadcze\u0144, jakich mo\u017ce \u017c\u0105da\u0107 zamawiaj\u0105cy od wykonawcy (Dz.U. z 2020 r. poz. 2415),<br \/>\nrozporz\u0105dzenie Ministra Rozwoju, Pracy i Technologii z 23.12.2020 r. w sprawie og\u0142osze\u0144 zamieszczanych w Biuletynie zam\u00f3wie\u0144 publicznych (Dz.U. z 2020 r. poz. 2439),<br \/>\nrozporz\u0105dzenie Prezesa Rady Ministr\u00f3w z 30.12.2020 r. w sprawie szczeg\u00f3\u0142owych rodzaj\u00f3w koszt\u00f3w post\u0119powania odwo\u0142awczego, ich rozliczania oraz wysoko\u015bci i sposobu pobierania wpisu od odwo\u0142ania  (Dz.U. z 2020 r. poz. 2437),<br \/>\nzarz\u0105dzenie Nr 249 Prezesa Rady Ministr\u00f3w z 30.12.2020 r. w sprawie wskazania centralnego zamawiaj\u0105cego dla jednostek administracji rz\u0105dowej oraz wskazania jednostek administracji rz\u0105dowej zobowi\u0105zanych do nabywania zam\u00f3wie\u0144 od centralnego zamawiaj\u0105cego (M.P. z 2020 r. poz. 1215).<br \/>\nDodatkow\u0105 zalet\u0105 prezentowanej pozycji jest formu\u0142owanie \u2013 w kwestiach budz\u0105cych w\u0105tpliwo\u015bci \u2013 autorskich interpretacji i wskaz\u00f3wek dotycz\u0105cych stosowania ustawy.<\/p>\n<p>Gwarancj\u0119 najwy\u017cszego poziomu opracowania i przydatno\u015bci praktycznej stanowi zesp\u00f3\u0142 autorski sk\u0142adaj\u0105cy si\u0119 z wybitnych praktyk\u00f3w z dziedziny prawa zam\u00f3wie\u0144 publicznych.<\/p>\n<p>Komentarz jest adresowany do wszystkich uczestnik\u00f3w rynku zam\u00f3wie\u0144 publicznych, przede wszystkim zamawiaj\u0105cych i wykonawc\u00f3w, ich pe\u0142nomocnik\u00f3w i pracownik\u00f3w, ale te\u017c organ\u00f3w rozstrzygaj\u0105cych spory zam\u00f3wieniowe, podmiot\u00f3w \u015bwiadcz\u0105cych us\u0142ugi doradztwa z zakresu prawa zam\u00f3wie\u0144 publicznych, os\u00f3b wykonuj\u0105cych kontrol\u0119 zam\u00f3wie\u0144 publicznych. Stanowi\u0107 mo\u017ce cenne \u017ar\u00f3d\u0142o wiedzy r\u00f3wnie\u017c dla student\u00f3w i aplikant\u00f3w zawod\u00f3w prawniczych.<\/p>\n","protected":false},"excerpt":{"rendered":"<p>Redakcja: r.pr. Marzena Jaworska Autor: r.pr. Dorota Grze\u015bkowiak-Stojek, adw. Julia [&hellip;]<\/p>\n","protected":false},"featured_media":13821,"template":"","meta":[],"product_brand":[],"product_cat":[7495,18],"product_tag":[429,4394,6849],"class_list":{"0":"post-13820","1":"product","2":"type-product","3":"status-publish","4":"has-post-thumbnail","6":"product_cat-gospodarcze-i-handlowe","7":"product_cat-prawo","8":"product_tag-prawo-handlowe","9":"product_tag-prawo-zamowien-publicznych","10":"product_tag-seria-komentarze-kompaktowe","12":"first","13":"instock","14":"sale","15":"shipping-taxable","16":"purchasable","17":"product-type-simple"},"_links":{"self":[{"href":"http:\/\/ksiegarnia-akademicka.pl\/index.php\/wp-json\/wp\/v2\/product\/13820","targetHints":{"allow":["GET"]}}],"collection":[{"href":"http:\/\/ksiegarnia-akademicka.pl\/index.php\/wp-json\/wp\/v2\/product"}],"about":[{"href":"http:\/\/ksiegarnia-akademicka.pl\/index.php\/wp-json\/wp\/v2\/types\/product"}],"wp:featuredmedia":[{"embeddable":true,"href":"http:\/\/ksiegarnia-akademicka.pl\/index.php\/wp-json\/wp\/v2\/media\/13821"}],"wp:attachment":[{"href":"http:\/\/ksiegarnia-akademicka.pl\/index.php\/wp-json\/wp\/v2\/media?parent=13820"}],"wp:term":[{"taxonomy":"product_brand","embeddable":true,"href":"http:\/\/ksiegarnia-akademicka.pl\/index.php\/wp-json\/wp\/v2\/product_brand?post=13820"},{"taxonomy":"product_cat","embeddable":true,"href":"http:\/\/ksiegarnia-akademicka.pl\/index.php\/wp-json\/wp\/v2\/product_cat?post=13820"},{"taxonomy":"product_tag","embeddable":true,"href":"http:\/\/ksiegarnia-akademicka.pl\/index.php\/wp-json\/wp\/v2\/product_tag?post=13820"}],"curies":[{"name":"wp","href":"https:\/\/api.w.org\/{rel}","templated":true}]}}