{"id":13790,"date":"2021-01-22T13:07:00","date_gmt":"2021-01-22T12:07:00","guid":{"rendered":"http:\/\/ksiegarnia-akademicka.pl\/?post_type=product&#038;p=13790"},"modified":"2021-01-22T13:07:00","modified_gmt":"2021-01-22T12:07:00","slug":"polityka-spoleczna-w-swietle-dzialalnosci-unii-europejskiej","status":"publish","type":"product","link":"http:\/\/ksiegarnia-akademicka.pl\/index.php\/product\/polityka-spoleczna-w-swietle-dzialalnosci-unii-europejskiej\/","title":{"rendered":"Polityka spo\u0142eczna w \u015bwietle dzia\u0142alno\u015bci Unii Europejskiej"},"content":{"rendered":"<p>Katarzyna G\u0142\u0105bicka-Auleytner<br \/>\nWydawnictwo Uniwersytetu Technologiczno-Humanistycznego<br \/>\nSeria: Monografie<br \/>\nRok wydania: 2020<br \/>\nwyd. I,<br \/>\nstron 328<\/p>\n<p>W monografii polityk\u0119 spo\u0142eczn\u0105 definiuje si\u0119 jako dzia\u0142alno\u015b\u0107 instytucji UE, pa\u0144stw cz\u0142onkowskich, samorz\u0105d\u00f3w i organizacji pozarz\u0105dowych, kt\u00f3rej celem jest poprawa warunk\u00f3w pracy i \u017cycia obywateli UE, asekuracja przed ryzykami \u017cyciowymi i wyr\u00f3wnywanie r\u00f3\u017cnic szans \u017cyciowych os\u00f3b b\u0119d\u0105cych w gorszej sytuacji socjalnej lub ekonomicznej. Przedstawiono prowadzenie bie\u017c\u0105cych dzia\u0142a\u0144 os\u0142onowych i sposoby zapobiegania powstawaniu zagro\u017ce\u0144 spo\u0142ecznych.<\/p>\n","protected":false},"excerpt":{"rendered":"<p>Katarzyna G\u0142\u0105bicka-Auleytner Wydawnictwo Uniwersytetu Technologiczno-Humanistycznego Seria: Monografie Rok wydania: 2020 [&hellip;]<\/p>\n","protected":false},"featured_media":13791,"template":"","meta":[],"product_brand":[],"product_cat":[7523,43],"product_tag":[225,5037,8089],"class_list":{"0":"post-13790","1":"product","2":"type-product","3":"status-publish","4":"has-post-thumbnail","6":"product_cat-nauki-ekonomiczne","7":"product_cat-wydawnictwo-uth","8":"product_tag-polityka-spoleczna","9":"product_tag-seria-monografie","10":"product_tag-wydawnictwa-uth","12":"first","13":"instock","14":"shipping-taxable","15":"purchasable","16":"product-type-simple"},"_links":{"self":[{"href":"http:\/\/ksiegarnia-akademicka.pl\/index.php\/wp-json\/wp\/v2\/product\/13790","targetHints":{"allow":["GET"]}}],"collection":[{"href":"http:\/\/ksiegarnia-akademicka.pl\/index.php\/wp-json\/wp\/v2\/product"}],"about":[{"href":"http:\/\/ksiegarnia-akademicka.pl\/index.php\/wp-json\/wp\/v2\/types\/product"}],"wp:featuredmedia":[{"embeddable":true,"href":"http:\/\/ksiegarnia-akademicka.pl\/index.php\/wp-json\/wp\/v2\/media\/13791"}],"wp:attachment":[{"href":"http:\/\/ksiegarnia-akademicka.pl\/index.php\/wp-json\/wp\/v2\/media?parent=13790"}],"wp:term":[{"taxonomy":"product_brand","embeddable":true,"href":"http:\/\/ksiegarnia-akademicka.pl\/index.php\/wp-json\/wp\/v2\/product_brand?post=13790"},{"taxonomy":"product_cat","embeddable":true,"href":"http:\/\/ksiegarnia-akademicka.pl\/index.php\/wp-json\/wp\/v2\/product_cat?post=13790"},{"taxonomy":"product_tag","embeddable":true,"href":"http:\/\/ksiegarnia-akademicka.pl\/index.php\/wp-json\/wp\/v2\/product_tag?post=13790"}],"curies":[{"name":"wp","href":"https:\/\/api.w.org\/{rel}","templated":true}]}}