{"id":13709,"date":"2020-12-15T11:05:24","date_gmt":"2020-12-15T10:05:24","guid":{"rendered":"http:\/\/ksiegarnia-akademicka.pl\/?post_type=product&#038;p=13709"},"modified":"2024-12-05T08:29:04","modified_gmt":"2024-12-05T07:29:04","slug":"ochrona-konsumencka-przedsiebiorcow","status":"publish","type":"product","link":"http:\/\/ksiegarnia-akademicka.pl\/index.php\/product\/ochrona-konsumencka-przedsiebiorcow\/","title":{"rendered":"Ochrona konsumencka przedsi\u0119biorc\u00f3w"},"content":{"rendered":"<p>Redakcja naukowa:<br \/>\nWitold Chomiczewski<br \/>\nKinga Majczak-G\u00f3recka, Adam Szkur\u0142at, Micha\u0142 \u017bmijewski, Witold Chomiczewski<br \/>\nWydawnictwo: Wolters Kluwer Polska<br \/>\nRok publikacji: 2020<br \/>\nWydanie: 1<br \/>\nLiczba stron: 194<br \/>\nSeria: Prawo w praktyce<br \/>\nRodzaj: Opracowanie<br \/>\nOk\u0142adka: mi\u0119kka<br \/>\nFormat: A5<\/p>\n<p>Stan prawny: 1 stycznia 2021 r.<\/p>\n<p>Od 1 stycznia 2021 r. ochron\u0105 konsumenck\u0105 obj\u0119to przedsi\u0119biorc\u00f3w jednoosobowych, w zakresie zawierania przez nich um\u00f3w nieb\u0119d\u0105cych przedmiotem ich dzia\u0142alno\u015bci gospodarczej.<\/p>\n<p>W publikacji om\u00f3wiono w szczeg\u00f3lno\u015bci:<\/p>\n<p>co w praktyce powinni zrobi\u0107 sprzedawcy, by dostosowa\u0107 swoje wzory um\u00f3w, regulaminy oraz procedury reklamacyjne do nowych przepis\u00f3w,<br \/>\njak nale\u017cy rozumie\u0107 poj\u0119cie um\u00f3w zawieranych w ramach dzia\u0142alno\u015bci gospodarczej, ale nieposiadaj\u0105cych dla danego przedsi\u0119biorcy charakteru zawodowego,<br \/>\nna jakie uprawnienia, b\u0119d\u0105 mogli powo\u0142ywa\u0107 si\u0119 przedsi\u0119biorcy jednoosobowi,<br \/>\njakie s\u0105 r\u00f3\u017cnice w interpretacji przepis\u00f3w s\u0142u\u017c\u0105cych do tej pory ochronie konsument\u00f3w, gdy stosowane b\u0119d\u0105 do przedsi\u0119biorc\u00f3w.<br \/>\nW ksi\u0105\u017cce znalaz\u0142o si\u0119 tak\u017ce om\u00f3wienie kwestii intertemporalnych.<\/p>\n<p>Adresaci:<br \/>\nPublikacja przeznaczona jest dla mened\u017cer\u00f3w i os\u00f3b zajmuj\u0105cych si\u0119 e-handlem, poniewa\u017c nowe przepisy wymuszaj\u0105 zmian\u0119 tre\u015bci um\u00f3w i procedur reklamacyjnych. Zainteresuje tak\u017ce prawnik\u00f3w praktyk\u00f3w, kt\u00f3rym pomo\u017ce przygotowa\u0107 si\u0119 do prowadzenia spraw uwzgl\u0119dniaj\u0105cych znowelizowane przepisy.<\/p>\n","protected":false},"excerpt":{"rendered":"<p>Redakcja naukowa: Witold Chomiczewski Kinga Majczak-G\u00f3recka, Adam Szkur\u0142at, Micha\u0142 \u017bmijewski, [&hellip;]<\/p>\n","protected":false},"featured_media":13710,"template":"","meta":[],"product_brand":[],"product_cat":[7491,7495,18],"product_tag":[615,428,5800],"class_list":{"0":"post-13709","1":"product","2":"type-product","3":"status-publish","4":"has-post-thumbnail","6":"product_cat-cywilne","7":"product_cat-gospodarcze-i-handlowe","8":"product_cat-prawo","9":"product_tag-prawo-cywilne","10":"product_tag-prawo-gospodarcze","11":"product_tag-seria-prawo-w-praktyce","13":"first","14":"instock","15":"sale","16":"shipping-taxable","17":"purchasable","18":"product-type-simple"},"_links":{"self":[{"href":"http:\/\/ksiegarnia-akademicka.pl\/index.php\/wp-json\/wp\/v2\/product\/13709","targetHints":{"allow":["GET"]}}],"collection":[{"href":"http:\/\/ksiegarnia-akademicka.pl\/index.php\/wp-json\/wp\/v2\/product"}],"about":[{"href":"http:\/\/ksiegarnia-akademicka.pl\/index.php\/wp-json\/wp\/v2\/types\/product"}],"wp:featuredmedia":[{"embeddable":true,"href":"http:\/\/ksiegarnia-akademicka.pl\/index.php\/wp-json\/wp\/v2\/media\/13710"}],"wp:attachment":[{"href":"http:\/\/ksiegarnia-akademicka.pl\/index.php\/wp-json\/wp\/v2\/media?parent=13709"}],"wp:term":[{"taxonomy":"product_brand","embeddable":true,"href":"http:\/\/ksiegarnia-akademicka.pl\/index.php\/wp-json\/wp\/v2\/product_brand?post=13709"},{"taxonomy":"product_cat","embeddable":true,"href":"http:\/\/ksiegarnia-akademicka.pl\/index.php\/wp-json\/wp\/v2\/product_cat?post=13709"},{"taxonomy":"product_tag","embeddable":true,"href":"http:\/\/ksiegarnia-akademicka.pl\/index.php\/wp-json\/wp\/v2\/product_tag?post=13709"}],"curies":[{"name":"wp","href":"https:\/\/api.w.org\/{rel}","templated":true}]}}