{"id":13667,"date":"2020-12-03T14:18:03","date_gmt":"2020-12-03T13:18:03","guid":{"rendered":"http:\/\/ksiegarnia-akademicka.pl\/?post_type=product&#038;p=13667"},"modified":"2024-12-05T08:30:02","modified_gmt":"2024-12-05T07:30:02","slug":"nocny-gosc-2","status":"publish","type":"product","link":"http:\/\/ksiegarnia-akademicka.pl\/index.php\/product\/nocny-gosc-2\/","title":{"rendered":"Nocny go\u015b\u0107"},"content":{"rendered":"<p>Autor:<br \/>\nKrzysztof \u0106wikli\u0144ski<br \/>\nWydawca: Forma<br \/>\nOprawa: mi\u0119kka<br \/>\nFormat: 13.6&#215;21.0cm<br \/>\nLiczba stron: 74<br \/>\nRok wydania: 2020<br \/>\nJ\u0119zyk wydania: polski<\/p>\n<p>\u201eDo domu kupca Szekspira przybywa Nieznajomy \u2013 arystokrata i polityczny gracz po stronie Tudor\u00f3w, cz\u0142owiek machiawelicznej inteligencji. W stopniowo ods\u0142anianej tajemnicy autorstwa sztuk sygnowanych nazwiskiem stratfordczyka kryje si\u0119 splot ambicji, zbrodni i fa\u0142szerstwa. Diabelska moc polityki wci\u0105ga w tryby manipulacji pisarzy pozostaj\u0105cych w \u015bcis\u0142ej zale\u017cno\u015bci od mo\u017cnego protektora. Nocny go\u015b\u0107 zach\u0119ca do refleksji nad pozorem prawdy, nad iluzorycznymi mniemaniami kreowanymi na u\u017cytek politycznej pragmatyki. Skoro nie spos\u00f3b dociec, jak si\u0119 mia\u0142a sprawa z Szekspirem, pozostaje domys\u0142 podsuwany przez wyobra\u017ani\u0119. By\u0107 mo\u017ce skuteczne pos\u0142ugiwanie si\u0119 k\u0142amstwem by\u0142o niezb\u0119dne, by przetrwa\u0107 w niebezpiecznym \u015bwiecie el\u017cbieta\u0144skiej Anglii. W ko\u0144cu oszukuj\u0105 wszyscy: Nieznajomy jako ukryty re\u017cyser dzie\u0142a, Szekspir jako wykonawca g\u0142\u00f3wnej w nim roli i nieobecny Marlowe jako utajniony geniusz epoki.\u201d<\/p>\n<p>Krystyna Latawiec<\/p>\n","protected":false},"excerpt":{"rendered":"<p>Autor: Krzysztof \u0106wikli\u0144ski Wydawca: Forma Oprawa: mi\u0119kka Format: 13.6&#215;21.0cm Liczba [&hellip;]<\/p>\n","protected":false},"featured_media":13668,"template":"","meta":[],"product_brand":[],"product_cat":[7707],"product_tag":[8084,6300],"class_list":{"0":"post-13667","1":"product","2":"type-product","3":"status-publish","4":"has-post-thumbnail","6":"product_cat-literatura","7":"product_tag-dramat-polski","8":"product_tag-literatura-polska","10":"first","11":"instock","12":"sale","13":"shipping-taxable","14":"purchasable","15":"product-type-simple"},"_links":{"self":[{"href":"http:\/\/ksiegarnia-akademicka.pl\/index.php\/wp-json\/wp\/v2\/product\/13667","targetHints":{"allow":["GET"]}}],"collection":[{"href":"http:\/\/ksiegarnia-akademicka.pl\/index.php\/wp-json\/wp\/v2\/product"}],"about":[{"href":"http:\/\/ksiegarnia-akademicka.pl\/index.php\/wp-json\/wp\/v2\/types\/product"}],"wp:featuredmedia":[{"embeddable":true,"href":"http:\/\/ksiegarnia-akademicka.pl\/index.php\/wp-json\/wp\/v2\/media\/13668"}],"wp:attachment":[{"href":"http:\/\/ksiegarnia-akademicka.pl\/index.php\/wp-json\/wp\/v2\/media?parent=13667"}],"wp:term":[{"taxonomy":"product_brand","embeddable":true,"href":"http:\/\/ksiegarnia-akademicka.pl\/index.php\/wp-json\/wp\/v2\/product_brand?post=13667"},{"taxonomy":"product_cat","embeddable":true,"href":"http:\/\/ksiegarnia-akademicka.pl\/index.php\/wp-json\/wp\/v2\/product_cat?post=13667"},{"taxonomy":"product_tag","embeddable":true,"href":"http:\/\/ksiegarnia-akademicka.pl\/index.php\/wp-json\/wp\/v2\/product_tag?post=13667"}],"curies":[{"name":"wp","href":"https:\/\/api.w.org\/{rel}","templated":true}]}}