{"id":13660,"date":"2020-11-30T10:55:58","date_gmt":"2020-11-30T09:55:58","guid":{"rendered":"http:\/\/ksiegarnia-akademicka.pl\/?post_type=product&#038;p=13660"},"modified":"2020-11-30T10:56:02","modified_gmt":"2020-11-30T09:56:02","slug":"kodeks-postepowania-karnego-kazusy","status":"publish","type":"product","link":"http:\/\/ksiegarnia-akademicka.pl\/index.php\/product\/kodeks-postepowania-karnego-kazusy\/","title":{"rendered":"Kodeks post\u0119powania karnego. Kazusy"},"content":{"rendered":"<p>Ma\u0142gorzata M\u0142odawska-Piaseczna, Anna Wielgolewska<br \/>\nWydawnictwo: Wolters Kluwer Polska<br \/>\nRok publikacji: 2020<br \/>\nWydanie: 3<br \/>\nLiczba stron: 560<br \/>\nSeria: Aplikacje Prawnicze<br \/>\nRodzaj: Kazusy Podr\u0119cznik prawo<br \/>\nOk\u0142adka: mi\u0119kka<br \/>\nFormat: A5<\/p>\n<p>Publikacja zawiera kazusy wraz z rozwi\u0105zaniami, stworzonymi g\u0142\u00f3wnie z my\u015bl\u0105 o aplikantach wszelkich profesji prawniczych. Poruszono w nich kluczowe problemy procesu karnego, jakie powsta\u0142y m.in. na tle ostatniej du\u017cej nowelizacji Kodeksu post\u0119powania karnego.<\/p>\n<p>Tematyka zosta\u0142a tak dobrana, aby rozwia\u0107 w\u0105tpliwo\u015bci najcz\u0119\u015bciej pojawiaj\u0105ce si\u0119 w praktyce \u2013 czy to na sali s\u0105dowej, czy podczas spotka\u0144 w trakcie praktyk odbywanych przez aplikant\u00f3w.<\/p>\n<p>Prezentowane stany faktyczne zosta\u0142y stworzone na potrzeby publikacji i przedstawione przyst\u0119pnym j\u0119zykiem, a jednocze\u015bnie zgodnie z zasadami metodyki pracy s\u0119dziego.<\/p>\n<p>Adresaci:<br \/>\nPublikacja zosta\u0142a wzbogacona o schematy ilustruj\u0105ce omawiane zagadnienia, w celu u\u0142atwienia przygotowania do sprawdzian\u00f3w i egzamin\u00f3w ko\u0144cowych.<\/p>\n","protected":false},"excerpt":{"rendered":"<p>Ma\u0142gorzata M\u0142odawska-Piaseczna, Anna Wielgolewska Wydawnictwo: Wolters Kluwer Polska Rok publikacji: [&hellip;]<\/p>\n","protected":false},"featured_media":13661,"template":"","meta":[],"product_brand":[],"product_cat":[7490,18],"product_tag":[696,331,296,5120],"class_list":{"0":"post-13660","1":"product","2":"type-product","3":"status-publish","4":"has-post-thumbnail","6":"product_cat-karne","7":"product_cat-prawo","8":"product_tag-kazusy","9":"product_tag-postepowanie-karne","10":"product_tag-prawo-karne","11":"product_tag-seria-aplikacje-prawnicze","13":"first","14":"instock","15":"sale","16":"shipping-taxable","17":"purchasable","18":"product-type-simple"},"_links":{"self":[{"href":"http:\/\/ksiegarnia-akademicka.pl\/index.php\/wp-json\/wp\/v2\/product\/13660","targetHints":{"allow":["GET"]}}],"collection":[{"href":"http:\/\/ksiegarnia-akademicka.pl\/index.php\/wp-json\/wp\/v2\/product"}],"about":[{"href":"http:\/\/ksiegarnia-akademicka.pl\/index.php\/wp-json\/wp\/v2\/types\/product"}],"wp:featuredmedia":[{"embeddable":true,"href":"http:\/\/ksiegarnia-akademicka.pl\/index.php\/wp-json\/wp\/v2\/media\/13661"}],"wp:attachment":[{"href":"http:\/\/ksiegarnia-akademicka.pl\/index.php\/wp-json\/wp\/v2\/media?parent=13660"}],"wp:term":[{"taxonomy":"product_brand","embeddable":true,"href":"http:\/\/ksiegarnia-akademicka.pl\/index.php\/wp-json\/wp\/v2\/product_brand?post=13660"},{"taxonomy":"product_cat","embeddable":true,"href":"http:\/\/ksiegarnia-akademicka.pl\/index.php\/wp-json\/wp\/v2\/product_cat?post=13660"},{"taxonomy":"product_tag","embeddable":true,"href":"http:\/\/ksiegarnia-akademicka.pl\/index.php\/wp-json\/wp\/v2\/product_tag?post=13660"}],"curies":[{"name":"wp","href":"https:\/\/api.w.org\/{rel}","templated":true}]}}