{"id":13609,"date":"2020-11-24T10:51:35","date_gmt":"2020-11-24T09:51:35","guid":{"rendered":"http:\/\/ksiegarnia-akademicka.pl\/?post_type=product&#038;p=13609"},"modified":"2020-11-24T10:51:36","modified_gmt":"2020-11-24T09:51:36","slug":"systemy-polityczne-podrecznik-akademicki-tom-1-zagadnienia-teoretyczne","status":"publish","type":"product","link":"http:\/\/ksiegarnia-akademicka.pl\/index.php\/product\/systemy-polityczne-podrecznik-akademicki-tom-1-zagadnienia-teoretyczne\/","title":{"rendered":"Systemy polityczne Podr\u0119cznik akademicki Tom 1 Zagadnienia teoretyczne"},"content":{"rendered":"<p>Autor:<br \/>\nMarek Bankowicz<br \/>\nBeata Kosowska-G\u0105sto\u0142<br \/>\nWydawca: Wydawnictwo Uniwersytetu Jagiello\u0144skiego<br \/>\nOprawa: Mi\u0119kka ze skrzyde\u0142kami<br \/>\nFormat: 15.8&#215;23.5cm<br \/>\nLiczba stron: 285<br \/>\nRok wydania: 2019<br \/>\nJ\u0119zyk wydania: polski<\/p>\n<p>Problematyka system\u00f3w politycznych to jeden z najistotniejszych obszar\u00f3w badawczych we wsp\u00f3\u0142czesnej politologii. Zajmuje r\u00f3wnie\u017c wa\u017cne miejsce w procesie dydaktycznym na wielu kierunkach studi\u00f3w z zakresu nauk spo\u0142ecznych i humanistycznych. Bez poznania instytucji, zasad, warto\u015bci i mechanizm\u00f3w system\u00f3w politycznych niemo\u017cliwe jest osi\u0105gni\u0119cie efekt\u00f3w kszta\u0142cenia w dziedzinie nauki o polityce. [\u2026] Autorzy publikacji przygotowali opracowanie, kt\u00f3re przyst\u0119pnie prezentuje aktualny stan bada\u0144<br \/>\noraz systematyzuje pogl\u0105dy i uj\u0119cia prezentowane w literaturze przedmiotu. Selekcja podejmowanych zagadnie\u0144, jak r\u00f3wnie\u017c spos\u00f3b ich przedstawienia zas\u0142uguj\u0105 na jednoznacznie pozytywn\u0105 ocen\u0119. Podr\u0119cznik jest godny polecenia nie tylko studentom i doktorantom, lecz tak\u017ce wszystkim czytelnikom zainteresowanym bli\u017cszym poznaniem zasad, instytucji i mechanizm\u00f3w wsp\u00f3\u0142czesnych system\u00f3w politycznych.<br \/>\nZ recenzji prof. dr. hab. Wojciecha Soko\u0142a<\/p>\n<p>Niniejszy tom jest typowym podr\u0119cznikiem akademickim, dostosowanym do potrzeb dydaktycznych na poziomie uniwersyteckim. Obejmuje on wszystkie najwa\u017cniejsze zagadnienia b\u0119d\u0105ce tradycyjn\u0105 cz\u0119\u015bci\u0105 politologii por\u00f3wnawczej w zaw\u0119\u017conym sensie comparative politics and government, i to nie tylko w Polsce, ale tak\u017ce na \u015bwiecie.<br \/>\nZ recenzji prof. Ph Dr. Michala Kub\u00e1ta<\/p>\n","protected":false},"excerpt":{"rendered":"<p>Autor: Marek Bankowicz Beata Kosowska-G\u0105sto\u0142 Wydawca: Wydawnictwo Uniwersytetu Jagiello\u0144skiego Oprawa: [&hellip;]<\/p>\n","protected":false},"featured_media":13610,"template":"","meta":[],"product_brand":[],"product_cat":[7496,27,7507,18],"product_tag":[74,7579],"class_list":{"0":"post-13609","1":"product","2":"type-product","3":"status-publish","4":"has-post-thumbnail","6":"product_cat-konstytucyjne","7":"product_cat-nauki-spoleczne","8":"product_cat-politologia","9":"product_cat-prawo","10":"product_tag-politologia","11":"product_tag-ustroje-panstwowe","13":"first","14":"instock","15":"sale","16":"shipping-taxable","17":"purchasable","18":"product-type-simple"},"_links":{"self":[{"href":"http:\/\/ksiegarnia-akademicka.pl\/index.php\/wp-json\/wp\/v2\/product\/13609","targetHints":{"allow":["GET"]}}],"collection":[{"href":"http:\/\/ksiegarnia-akademicka.pl\/index.php\/wp-json\/wp\/v2\/product"}],"about":[{"href":"http:\/\/ksiegarnia-akademicka.pl\/index.php\/wp-json\/wp\/v2\/types\/product"}],"wp:featuredmedia":[{"embeddable":true,"href":"http:\/\/ksiegarnia-akademicka.pl\/index.php\/wp-json\/wp\/v2\/media\/13610"}],"wp:attachment":[{"href":"http:\/\/ksiegarnia-akademicka.pl\/index.php\/wp-json\/wp\/v2\/media?parent=13609"}],"wp:term":[{"taxonomy":"product_brand","embeddable":true,"href":"http:\/\/ksiegarnia-akademicka.pl\/index.php\/wp-json\/wp\/v2\/product_brand?post=13609"},{"taxonomy":"product_cat","embeddable":true,"href":"http:\/\/ksiegarnia-akademicka.pl\/index.php\/wp-json\/wp\/v2\/product_cat?post=13609"},{"taxonomy":"product_tag","embeddable":true,"href":"http:\/\/ksiegarnia-akademicka.pl\/index.php\/wp-json\/wp\/v2\/product_tag?post=13609"}],"curies":[{"name":"wp","href":"https:\/\/api.w.org\/{rel}","templated":true}]}}