{"id":13587,"date":"2020-11-23T09:39:32","date_gmt":"2020-11-23T08:39:32","guid":{"rendered":"http:\/\/ksiegarnia-akademicka.pl\/?post_type=product&#038;p=13587"},"modified":"2020-11-23T09:39:33","modified_gmt":"2020-11-23T08:39:33","slug":"studia-prawa-prywatnego-zeszyt-1-2020","status":"publish","type":"product","link":"http:\/\/ksiegarnia-akademicka.pl\/index.php\/product\/studia-prawa-prywatnego-zeszyt-1-2020\/","title":{"rendered":"Studia Prawa Prywatnego. Zeszyt 1\/2020"},"content":{"rendered":"<p>Wydawnictwo: C.H. Beck<br \/>\nSeria: Studia Prawa Prywatnego<br \/>\nRok wydania: 2020<br \/>\nOprawa: Mi\u0119kka<br \/>\nLiczba stron: 105<br \/>\nWaga: 220 g<br \/>\nISBN: 977189512720201<\/p>\n<p>Studia Prawa Prywatnego to kwartalnik zwi\u0105zany z najbardziej presti\u017cow\u0105 seri\u0105 ksi\u0105\u017ckow\u0105 w ofercie Wydawnictwa C.H.Beck: System Prawa Prywatnego, publikowan\u0105 we wsp\u00f3\u0142pracy z Instytutem Naukowym PAN. Opiek\u0119 merytoryczn\u0105 nad kwartalnikiem sprawuj\u0105 najwybitniejsze autorytety polskiego prawa prywatnego. Redaktorem Naczelnym by\u0142 prof. Zbigniew Radwa\u0144ski. Jego dzie\u0142o kontynuuje prof. Bogudar Kordasiewicz, jako Redaktor Naczelny wraz z Zast\u0119pc\u0105 Redaktora Naczelnego dr. Mateuszem Grochowskim.<\/p>\n<p>W prezentowanym Zeszycie 1\/2020 zostan\u0105 opublikowane nast\u0119puj\u0105ce artyku\u0142y:<\/p>\n<p>Magdalena Wilejczyk, Odpowiedzialno\u015b\u0107 odszkodowawcza i inne konsekwencje naruszenia zobowi\u0105zania z umowy przedwst\u0119pnej o skutku silniejszym;<br \/>\nArtur Nowacki, Wysoko\u015b\u0107 kapita\u0142u zak\u0142adowego sp\u00f3\u0142ki przekszta\u0142conej;<br \/>\nJoanna Luzak, Doprecyzowanie zasady transparentno\u015bci w polskim prawie konsumenckim;<br \/>\nMateusz Grochowski, The majoritarian concept of default rules: towards a shift in paradigms?<br \/>\nMagdalena Wilejczyk w swoim artykule \u201eOdpowiedzialno\u015b\u0107 odszkodowawcza i inne konsekwencje naruszenia zobowi\u0105zania z umowy przedwst\u0119pnej o skutku silniejszym&#8221; przedstawia nieco inny od powszechnie przyjmowanego obraz umowy przedwst\u0119pnej o skutku silniejszym. W swoich rozwa\u017caniach wykazuje, \u017ce naruszenie tego rodzaju pactum de contrahendo powoduje powstanie obowi\u0105zku odszkodowawczego w zakresie dodatniego interesu umownego.<\/p>\n<p>Artur Nowacki w swoim artykule przedstawia wyczerpuj\u0105co problematyk\u0119 wysoko\u015bci kapita\u0142u zak\u0142adowego sp\u00f3\u0142ki przekszta\u0142conej w relacji do wysoko\u015bci kapita\u0142u zak\u0142adowego sp\u00f3\u0142ki przekszta\u0142canej.<\/p>\n<p>Joanna Luzak w tek\u015bcie \u201eDoprecyzowanie zasady transparentno\u015bci w polskim prawie konsumenckim&#8221; przedstawia liczne obowi\u0105zki informacyjne na\u0142o\u017cone przez europejskie prawo konsumenckie na przedsi\u0119biorc\u00f3w. Autorka w swoim artykule uwydatnia problematyk\u0119 braku przejrzysto\u015bci w obowi\u0105zuj\u0105cych przepisach reguluj\u0105cych stosowanie i wyk\u0142adni\u0119 zasady transparentno\u015bci w polskim prawie konsumenckim.<\/p>\n<p>Niniejszy numer czasopisma zosta\u0142 tak\u017ce wzbogacony o artyku\u0142 w j\u0119zyku angielskim. Mateusz Grochowski okre\u015bla nowe perspektywy rozwoju podej\u015bcia wi\u0119kszo\u015bciowego. Dokonuje analizy dw\u00f3ch proces\u00f3w, kt\u00f3re le\u017c\u0105 u podstaw wsp\u00f3\u0142czesnego zjawiska prawa prywatnego powstaj\u0105cego poza pa\u0144stwem. W swoim artykule formu\u0142uje \u2013 i wst\u0119pnie omawia \u2013 koncepcj\u0119 \u201edzielonych&#8221; norm wi\u0119kszo\u015bciowych, kt\u00f3ra wydaje si\u0119 zapewnia\u0107 w\u0142a\u015bciwe ramy analityczne dla tworzenia norm dyspozytywnych poza sfer\u0105 pa\u0144stwa.<\/p>\n","protected":false},"excerpt":{"rendered":"<p>Wydawnictwo: C.H. Beck Seria: Studia Prawa Prywatnego Rok wydania: 2020 [&hellip;]<\/p>\n","protected":false},"featured_media":13588,"template":"","meta":[],"product_brand":[],"product_cat":[7491,18],"product_tag":[615,8077],"class_list":{"0":"post-13587","1":"product","2":"type-product","3":"status-publish","4":"has-post-thumbnail","6":"product_cat-cywilne","7":"product_cat-prawo","8":"product_tag-prawo-cywilne","9":"product_tag-seria-studia-prawa-prywatnego","11":"first","12":"instock","13":"sale","14":"shipping-taxable","15":"purchasable","16":"product-type-simple"},"_links":{"self":[{"href":"http:\/\/ksiegarnia-akademicka.pl\/index.php\/wp-json\/wp\/v2\/product\/13587","targetHints":{"allow":["GET"]}}],"collection":[{"href":"http:\/\/ksiegarnia-akademicka.pl\/index.php\/wp-json\/wp\/v2\/product"}],"about":[{"href":"http:\/\/ksiegarnia-akademicka.pl\/index.php\/wp-json\/wp\/v2\/types\/product"}],"wp:featuredmedia":[{"embeddable":true,"href":"http:\/\/ksiegarnia-akademicka.pl\/index.php\/wp-json\/wp\/v2\/media\/13588"}],"wp:attachment":[{"href":"http:\/\/ksiegarnia-akademicka.pl\/index.php\/wp-json\/wp\/v2\/media?parent=13587"}],"wp:term":[{"taxonomy":"product_brand","embeddable":true,"href":"http:\/\/ksiegarnia-akademicka.pl\/index.php\/wp-json\/wp\/v2\/product_brand?post=13587"},{"taxonomy":"product_cat","embeddable":true,"href":"http:\/\/ksiegarnia-akademicka.pl\/index.php\/wp-json\/wp\/v2\/product_cat?post=13587"},{"taxonomy":"product_tag","embeddable":true,"href":"http:\/\/ksiegarnia-akademicka.pl\/index.php\/wp-json\/wp\/v2\/product_tag?post=13587"}],"curies":[{"name":"wp","href":"https:\/\/api.w.org\/{rel}","templated":true}]}}