{"id":13572,"date":"2020-11-19T10:11:11","date_gmt":"2020-11-19T09:11:11","guid":{"rendered":"http:\/\/ksiegarnia-akademicka.pl\/?post_type=product&#038;p=13572"},"modified":"2024-12-05T08:31:29","modified_gmt":"2024-12-05T07:31:29","slug":"prawo-zywnosciowe","status":"publish","type":"product","link":"http:\/\/ksiegarnia-akademicka.pl\/index.php\/product\/prawo-zywnosciowe\/","title":{"rendered":"Prawo \u017cywno\u015bciowe"},"content":{"rendered":"<p>Autor: dr hab. prof. UAM Katarzyna Le\u015bkiewicz<br \/>\nWydawnictwo: C.H. Beck<br \/>\nSeria: Podr\u0119czniki Prawnicze<br \/>\nRok wydania: 2020<br \/>\nOprawa: Mi\u0119kka<br \/>\nLiczba stron: 258<br \/>\nWaga: 310 g<br \/>\nISBN: 978-83-8198-916-9<\/p>\n<p>W podr\u0119czniku Prawo \u017cywno\u015bciowe om\u00f3wiono podstawowe akty prawa \u017cywno\u015bciowego, zar\u00f3wno unijnego (zw\u0142aszcza rozporz\u0105dzenie<br \/>\nnr 178\/2002), jak i krajowego, a tak\u017ce normy obowi\u0105zuj\u0105ce w ramach globalnego systemu \u017cywno\u015bciowego (np. Codex Alimentarius).<\/p>\n<p>Szczeg\u00f3lna uwag\u0119 zwr\u00f3cono na akty reguluj\u0105ce wymogi produkcji \u017cywno\u015bci, w tym dotycz\u0105ce bezpiecze\u0144stwa i jako\u015bci \u017cywno\u015bci, informacji o produktach \u017cywno\u015bciowych, odpowiedzialno\u015bci producent\u00f3w za naruszenie przepis\u00f3w prawa.<\/p>\n<p>W publikacji uwzgl\u0119dniono bogaty dorobek doktryny prawa rolnego oraz orzecznictwo Trybuna\u0142u Sprawiedliwo\u015bci Unii Europejskiej. Zagadnienia zaprezentowano w spos\u00f3b przejrzysty i uporz\u0105dkowany.<\/p>\n<p>Stan prawny: wrzesie\u0144 2020 r.<\/p>\n","protected":false},"excerpt":{"rendered":"<p>Autor: dr hab. prof. UAM Katarzyna Le\u015bkiewicz Wydawnictwo: C.H. Beck [&hellip;]<\/p>\n","protected":false},"featured_media":13573,"template":"","meta":[],"product_brand":[],"product_cat":[7495,18,7634],"product_tag":[1052,964,701],"class_list":{"0":"post-13572","1":"product","2":"type-product","3":"status-publish","4":"has-post-thumbnail","6":"product_cat-gospodarcze-i-handlowe","7":"product_cat-prawo","8":"product_cat-rolnictwo","9":"product_tag-prawo-rolne","10":"product_tag-prawo-zywnosciowe","11":"product_tag-seria-podreczniki-prawnicze","13":"first","14":"instock","15":"sale","16":"shipping-taxable","17":"purchasable","18":"product-type-simple"},"_links":{"self":[{"href":"http:\/\/ksiegarnia-akademicka.pl\/index.php\/wp-json\/wp\/v2\/product\/13572","targetHints":{"allow":["GET"]}}],"collection":[{"href":"http:\/\/ksiegarnia-akademicka.pl\/index.php\/wp-json\/wp\/v2\/product"}],"about":[{"href":"http:\/\/ksiegarnia-akademicka.pl\/index.php\/wp-json\/wp\/v2\/types\/product"}],"wp:featuredmedia":[{"embeddable":true,"href":"http:\/\/ksiegarnia-akademicka.pl\/index.php\/wp-json\/wp\/v2\/media\/13573"}],"wp:attachment":[{"href":"http:\/\/ksiegarnia-akademicka.pl\/index.php\/wp-json\/wp\/v2\/media?parent=13572"}],"wp:term":[{"taxonomy":"product_brand","embeddable":true,"href":"http:\/\/ksiegarnia-akademicka.pl\/index.php\/wp-json\/wp\/v2\/product_brand?post=13572"},{"taxonomy":"product_cat","embeddable":true,"href":"http:\/\/ksiegarnia-akademicka.pl\/index.php\/wp-json\/wp\/v2\/product_cat?post=13572"},{"taxonomy":"product_tag","embeddable":true,"href":"http:\/\/ksiegarnia-akademicka.pl\/index.php\/wp-json\/wp\/v2\/product_tag?post=13572"}],"curies":[{"name":"wp","href":"https:\/\/api.w.org\/{rel}","templated":true}]}}