{"id":13527,"date":"2020-11-05T11:21:51","date_gmt":"2020-11-05T10:21:51","guid":{"rendered":"http:\/\/ksiegarnia-akademicka.pl\/?post_type=product&#038;p=13527"},"modified":"2024-12-05T08:31:55","modified_gmt":"2024-12-05T07:31:55","slug":"historia-designu","status":"publish","type":"product","link":"http:\/\/ksiegarnia-akademicka.pl\/index.php\/product\/historia-designu\/","title":{"rendered":"Historia designu"},"content":{"rendered":"<p>Autor:<br \/>\nElizabeth Wilhide<br \/>\nT\u0142umacze: Cichowicz Anna<br \/>\nWydawca: Arkady<br \/>\nOprawa: Twarda<br \/>\nFormat: 17.5&#215;25.0cm<br \/>\nLiczba stron: 576<br \/>\nWydanie: 1<br \/>\nRok wydania: 2020<br \/>\nJ\u0119zyk wydania: polski<\/p>\n<p>Design trudno zdefiniowa\u0107, cho\u0107 wszyscy jeste\u015bmy jego konsumentami, od samochod\u00f3w, kt\u00f3rymi je\u017adzimy, i produkt\u00f3w, kt\u00f3re kupujemy, po grafik\u0119 u\u017cytkow\u0105 w naszym otoczeniu. Historia designu stanowi fascynuj\u0105cy przewodnik ukazuj\u0105cy wyrafinowane starania producent\u00f3w, kt\u00f3rzy kusz\u0105 nas wysok\u0105 funkcjonalno\u015bci\u0105 i imponuj\u0105cym wygl\u0105dem swoich produkt\u00f3w, a tak\u017ce trudn\u0105 do zdefiniowania obietnic\u0105 nowoczesno\u015bci.<br \/>\nTa napisana przez mi\u0119dzynarodowy zesp\u00f3\u0142 ekspert\u00f3w, w tym projektant\u00f3w i krytyk\u00f3w, ksi\u0105\u017cka opisuje style projektowe w kontek\u015bcie zmian kulturowych i spo\u0142ecznych, zawiera ilustrowane linie czasu, kt\u00f3re definiuj\u0105 najwa\u017cniejsze wydarzenia oraz inspiracje. Przedstawia projektant\u00f3w, kt\u00f3rzy najlepiej reprezentuj\u0105 swoje czasy, dok\u0142adnie analizuj\u0105c, dlaczego w\u0142a\u015bnie ich projekty wyr\u00f3\u017cniaj\u0105 si\u0119 na tle innych.<br \/>\nKsi\u0105\u017cka dostarcza informacje potrzebne ka\u017cdemu do odkodowania \u015bwiata materialnego. Najcz\u0119\u015bciej, o czym \u015bwiadczy wiele zaprezentowanych tu wa\u017cnych przyk\u0142ad\u00f3w, jego rezultatem s\u0105 produkty, kt\u00f3re mo\u017cna kupi\u0107 i sprzeda\u0107 \u2013 i w ko\u0144cu, je\u015bli zostan\u0105 u\u015bwi\u0119cone krytyczn\u0105 aprobat\u0105, umie\u015bci\u0107 w kolekcjach muzealnych. Design mo\u017ce prowadzi\u0107 r\u00f3wnie\u017c do czego\u015b tak amorficznego jak internet, kt\u00f3ry kszta\u0142tuje ka\u017cdy aspekt nowoczesnego \u017cycia i komunikacji, cho\u0107 pozostaje niematerialny.<br \/>\nPrzez ca\u0142\u0105 histori\u0119 designu rozgrywane by\u0142o, raz za razem od nowa, fundamentalne napi\u0119cie mi\u0119dzy stylistyczn\u0105 ekspresyjno\u015bci\u0105 a redukcjonizmem, mi\u0119dzy funkcj\u0105 a form\u0105. Ale design nie jest jedynie no\u015bnikiem zmian gustu. B\u0119d\u0105c sposobem wyobra\u017cania, zar\u00f3wno definiuje, jak i antycypuje nasze potrzeby i jako taki jest wyrazem i komercji, i kultury. \u015aci\u015ble zwi\u0105zany z technologi\u0105, zapewnia estetyczne rozwi\u0105zania w materialnej formie.<\/p>\n","protected":false},"excerpt":{"rendered":"<p>Autor: Elizabeth Wilhide T\u0142umacze: Cichowicz Anna Wydawca: Arkady Oprawa: Twarda [&hellip;]<\/p>\n","protected":false},"featured_media":13528,"template":"","meta":[],"product_brand":[],"product_cat":[7812],"product_tag":[5814,179,3048],"class_list":{"0":"post-13527","1":"product","2":"type-product","3":"status-publish","4":"has-post-thumbnail","6":"product_cat-architektura-i-budownictwo","7":"product_tag-design","8":"product_tag-projektowanie","9":"product_tag-wzornictwo","11":"first","12":"instock","13":"sale","14":"shipping-taxable","15":"purchasable","16":"product-type-simple"},"_links":{"self":[{"href":"http:\/\/ksiegarnia-akademicka.pl\/index.php\/wp-json\/wp\/v2\/product\/13527","targetHints":{"allow":["GET"]}}],"collection":[{"href":"http:\/\/ksiegarnia-akademicka.pl\/index.php\/wp-json\/wp\/v2\/product"}],"about":[{"href":"http:\/\/ksiegarnia-akademicka.pl\/index.php\/wp-json\/wp\/v2\/types\/product"}],"wp:featuredmedia":[{"embeddable":true,"href":"http:\/\/ksiegarnia-akademicka.pl\/index.php\/wp-json\/wp\/v2\/media\/13528"}],"wp:attachment":[{"href":"http:\/\/ksiegarnia-akademicka.pl\/index.php\/wp-json\/wp\/v2\/media?parent=13527"}],"wp:term":[{"taxonomy":"product_brand","embeddable":true,"href":"http:\/\/ksiegarnia-akademicka.pl\/index.php\/wp-json\/wp\/v2\/product_brand?post=13527"},{"taxonomy":"product_cat","embeddable":true,"href":"http:\/\/ksiegarnia-akademicka.pl\/index.php\/wp-json\/wp\/v2\/product_cat?post=13527"},{"taxonomy":"product_tag","embeddable":true,"href":"http:\/\/ksiegarnia-akademicka.pl\/index.php\/wp-json\/wp\/v2\/product_tag?post=13527"}],"curies":[{"name":"wp","href":"https:\/\/api.w.org\/{rel}","templated":true}]}}