{"id":13481,"date":"2020-10-28T09:32:21","date_gmt":"2020-10-28T08:32:21","guid":{"rendered":"http:\/\/ksiegarnia-akademicka.pl\/?post_type=product&#038;p=13481"},"modified":"2020-10-28T09:45:16","modified_gmt":"2020-10-28T08:45:16","slug":"psychiatrzy-sekrety-polskich-gabinetow","status":"publish","type":"product","link":"http:\/\/ksiegarnia-akademicka.pl\/index.php\/product\/psychiatrzy-sekrety-polskich-gabinetow\/","title":{"rendered":"Psychiatrzy Sekrety polskich gabinet\u00f3w"},"content":{"rendered":"<p>Autor:<br \/>\nEwa P\u0105gowska<br \/>\nWydawca: Znak<br \/>\nOprawa: Mi\u0119kka<br \/>\nLiczba stron: 352<br \/>\nWydanie: 1<br \/>\nRok wydania: 2020<br \/>\nJ\u0119zyk wydania: polski<\/p>\n<p>Co si\u0119 dzieje za zamkni\u0119tymi drzwiami polskich gabinet\u00f3w i szpitali psychiatrycznych?<br \/>\nPsychiatria przez lata by\u0142a uznawana za czarn\u0105 owc\u0119 medycyny. Wci\u0105\u017c zreszt\u0105 budzi wiele kontrowersji, a osoby z zaburzeniami psychicznymi mierz\u0105 si\u0119 z krzywdz\u0105cymi stereotypami.<br \/>\nEwa P\u0105gowska szczerze i bez tabu rozmawia z psychiatrami o tym, jak wygl\u0105daj\u0105 kulisy pracy w ich zawodzie i jaka jest naprawd\u0119 kondycja psychiczna Polak\u00f3w. Podejmuje mi\u0119dzy innymi tematy zwi\u0105zane z depresj\u0105, schizofreni\u0105, a tak\u017ce leczeniem dzieci i m\u0142odzie\u017cy. Pyta o to, jakie konsekwencje dla naszego zdrowia mentalnego b\u0119dzie mie\u0107 do\u015bwiadczenie pandemii.<br \/>\nNie unika trudnych temat\u00f3w, takich jak psychiatria s\u0105dowa, psychopatia czy zaburzenia seksualne. Pyta o stosowanie elektrowstrz\u0105s\u00f3w i psychodelik\u00f3w w leczeniu pacjent\u00f3w. Sprawdza, ile prawdy jest w historiach o z\u0142ych warunkach panuj\u0105cych w szpitalach i faszerowaniu dzieci lekami bez zgody rodzic\u00f3w.<br \/>\nPoznaj sekrety jednej z najbardziej tajemniczych specjalizacji medycznych.<\/p>\n","protected":false},"excerpt":{"rendered":"<p>Autor: Ewa P\u0105gowska Wydawca: Znak Oprawa: Mi\u0119kka Liczba stron: 352 [&hellip;]<\/p>\n","protected":false},"featured_media":13482,"template":"","meta":[],"product_brand":[],"product_cat":[27,7509],"product_tag":[1665,1186,4548],"class_list":{"0":"post-13481","1":"product","2":"type-product","3":"status-publish","4":"has-post-thumbnail","6":"product_cat-nauki-spoleczne","7":"product_cat-psychologia","8":"product_tag-psychiatria","9":"product_tag-psychologia","10":"product_tag-reportaz","12":"first","13":"instock","14":"sale","15":"shipping-taxable","16":"purchasable","17":"product-type-simple"},"_links":{"self":[{"href":"http:\/\/ksiegarnia-akademicka.pl\/index.php\/wp-json\/wp\/v2\/product\/13481","targetHints":{"allow":["GET"]}}],"collection":[{"href":"http:\/\/ksiegarnia-akademicka.pl\/index.php\/wp-json\/wp\/v2\/product"}],"about":[{"href":"http:\/\/ksiegarnia-akademicka.pl\/index.php\/wp-json\/wp\/v2\/types\/product"}],"wp:featuredmedia":[{"embeddable":true,"href":"http:\/\/ksiegarnia-akademicka.pl\/index.php\/wp-json\/wp\/v2\/media\/13482"}],"wp:attachment":[{"href":"http:\/\/ksiegarnia-akademicka.pl\/index.php\/wp-json\/wp\/v2\/media?parent=13481"}],"wp:term":[{"taxonomy":"product_brand","embeddable":true,"href":"http:\/\/ksiegarnia-akademicka.pl\/index.php\/wp-json\/wp\/v2\/product_brand?post=13481"},{"taxonomy":"product_cat","embeddable":true,"href":"http:\/\/ksiegarnia-akademicka.pl\/index.php\/wp-json\/wp\/v2\/product_cat?post=13481"},{"taxonomy":"product_tag","embeddable":true,"href":"http:\/\/ksiegarnia-akademicka.pl\/index.php\/wp-json\/wp\/v2\/product_tag?post=13481"}],"curies":[{"name":"wp","href":"https:\/\/api.w.org\/{rel}","templated":true}]}}