{"id":13477,"date":"2020-10-28T09:19:46","date_gmt":"2020-10-28T08:19:46","guid":{"rendered":"http:\/\/ksiegarnia-akademicka.pl\/?post_type=product&#038;p=13477"},"modified":"2024-12-05T08:32:22","modified_gmt":"2024-12-05T07:32:22","slug":"ginekologia-onkologiczna","status":"publish","type":"product","link":"http:\/\/ksiegarnia-akademicka.pl\/index.php\/product\/ginekologia-onkologiczna\/","title":{"rendered":"Ginekologia onkologiczna"},"content":{"rendered":"<p>Redakcja: Br\u0119borowicz Grzegorz H., Wicherek \u0141ukasz, Kojs Zbigniew<br \/>\nWydawca: PZWL<br \/>\nOprawa: Mi\u0119kka<br \/>\nFormat: 16.0&#215;23.0cm<br \/>\nLiczba stron: 560<br \/>\nWydanie: 1<br \/>\nRok wydania: 2020<br \/>\nJ\u0119zyk wydania: angielski<br \/>\nCi\u0119\u017car: 1,285 kg<\/p>\n<p>Praktyczny podr\u0119cznik omawiaj\u0105cy zagadnienia zwi\u0105zane z chirurgi\u0105 wielonarz\u0105dow\u0105 w ginekologii. Opisuje nie tylko teoretyczne podstawy, warunkuj\u0105ce wyb\u00f3r konkretnej techniki operacyjnej, lecz tak\u017ce dok\u0142adne schematy i wskaz\u00f3wki post\u0119powania. Szczeg\u00f3\u0142owo wyja\u015bnione techniki przeprowadzania zabiegu operacyjnego zosta\u0142y opatrzone licznymi fotografiami. Autorzy zwr\u00f3cili r\u00f3wnie\u017c uwag\u0119 na tzw. pu\u0142apki anatomiczne. Zalet\u0105 ksi\u0105\u017cki jest usystematyzowanie nazewnictwa i opis\u00f3w poszczeg\u00f3lnych zabieg\u00f3w. Publikacja zar\u00f3wno dla do\u015bwiadczonych praktyk\u00f3w, lekarzy specjalizuj\u0105cych si\u0119, jak i student\u00f3w medycyny.<\/p>\n","protected":false},"excerpt":{"rendered":"<p>Redakcja: Br\u0119borowicz Grzegorz H., Wicherek \u0141ukasz, Kojs Zbigniew Wydawca: PZWL [&hellip;]<\/p>\n","protected":false},"featured_media":13478,"template":"","meta":[],"product_brand":[],"product_cat":[7493,8031],"product_tag":[4919,6913],"class_list":{"0":"post-13477","1":"product","2":"type-product","3":"status-publish","4":"has-post-thumbnail","6":"product_cat-medycyna","7":"product_cat-poloznictwo-ginekologia","8":"product_tag-ginekologia","9":"product_tag-onkologia","11":"first","12":"instock","13":"sale","14":"shipping-taxable","15":"purchasable","16":"product-type-simple"},"_links":{"self":[{"href":"http:\/\/ksiegarnia-akademicka.pl\/index.php\/wp-json\/wp\/v2\/product\/13477","targetHints":{"allow":["GET"]}}],"collection":[{"href":"http:\/\/ksiegarnia-akademicka.pl\/index.php\/wp-json\/wp\/v2\/product"}],"about":[{"href":"http:\/\/ksiegarnia-akademicka.pl\/index.php\/wp-json\/wp\/v2\/types\/product"}],"wp:featuredmedia":[{"embeddable":true,"href":"http:\/\/ksiegarnia-akademicka.pl\/index.php\/wp-json\/wp\/v2\/media\/13478"}],"wp:attachment":[{"href":"http:\/\/ksiegarnia-akademicka.pl\/index.php\/wp-json\/wp\/v2\/media?parent=13477"}],"wp:term":[{"taxonomy":"product_brand","embeddable":true,"href":"http:\/\/ksiegarnia-akademicka.pl\/index.php\/wp-json\/wp\/v2\/product_brand?post=13477"},{"taxonomy":"product_cat","embeddable":true,"href":"http:\/\/ksiegarnia-akademicka.pl\/index.php\/wp-json\/wp\/v2\/product_cat?post=13477"},{"taxonomy":"product_tag","embeddable":true,"href":"http:\/\/ksiegarnia-akademicka.pl\/index.php\/wp-json\/wp\/v2\/product_tag?post=13477"}],"curies":[{"name":"wp","href":"https:\/\/api.w.org\/{rel}","templated":true}]}}