{"id":13414,"date":"2020-10-20T09:37:41","date_gmt":"2020-10-20T07:37:41","guid":{"rendered":"http:\/\/ksiegarnia-akademicka.pl\/?post_type=product&#038;p=13414"},"modified":"2024-01-16T13:25:59","modified_gmt":"2024-01-16T12:25:59","slug":"elektromobilnosc-srodowisko-infrastrukturalne-i-techniczne-wyzwania-polityki-intraregionalnej","status":"publish","type":"product","link":"http:\/\/ksiegarnia-akademicka.pl\/index.php\/product\/elektromobilnosc-srodowisko-infrastrukturalne-i-techniczne-wyzwania-polityki-intraregionalnej\/","title":{"rendered":"Elektromobilno\u015b\u0107 \u015brodowisko infrastrukturalne i techniczne wyzwania polityki intraregionalnej"},"content":{"rendered":"<p>Autor:<br \/>\nKwiatkiewicz Piotr, Szczerbowski Rados\u0142aw, \u015aledzik Waldemar<br \/>\nWydawca: FNCE<br \/>\nOprawa: Mi\u0119kka<br \/>\nFormat: 15.0&#215;21.0cm<br \/>\nLiczba stron: 144<br \/>\nWydanie: 1<br \/>\nRok wydania: 2020<br \/>\nJ\u0119zyk wydania: polski<br \/>\nCi\u0119\u017car: 0,195 kg<\/p>\n<p>Ksi\u0105\u017cka stanowi kompendium wiedzy dotycz\u0105cej rozwoju elektromobilno\u015bci w kraju. Ka\u017cdy, kto jest zainteresowany rozwojem tego trendu, z zainteresowaniem prze\u015bledzi poszczeg\u00f3lne rozdzia\u0142y opracowania. Autorzy przedstawili analiz\u0119 obecnego stanu i prognozy dotycz\u0105ce przysz\u0142o\u015bci pojazd\u00f3w elektrycznych w kraju, a tak\u017ce wyzwania i scenariusze dla systemu elektroenergetycznego w kontek\u015bcie jego rozwoju i oczekiwa\u0144 spo\u0142ecznych. Ka\u017cdy rozdzia\u0142 zawiera syntetyczne informacje z wielu \u017ar\u00f3de\u0142, np. regulacji prawnych, specjalistycznych pozycji naukowych z kraju i \u015bwiata, a tak\u017ce nowatorskie spojrzenie na mo\u017cliwe kierunki elektryfikacji transportu na poziomie miast, aglomeracji miejskich czy gmin. Interdyscyplinarne spojrzenia na problem elektromobilno\u015bci to bardzo cenna zaleta pozycji. Opracowanie to wype\u0142nia doskonale luk\u0119 w literaturze polskoj\u0119zycznej dotycz\u0105cej rozwoju elektromobilno\u015bci.<br \/>\nZ recenzji prof. AGH dr hab. in\u017c. Magdaleny Dudek<\/p>\n","protected":false},"excerpt":{"rendered":"<p>Autor: Kwiatkiewicz Piotr, Szczerbowski Rados\u0142aw, \u015aledzik Waldemar Wydawca: FNCE Oprawa: [&hellip;]<\/p>\n","protected":false},"featured_media":13415,"template":"","meta":[],"product_brand":[],"product_cat":[7722,41,7711,7535],"product_tag":[1949,1853,642],"class_list":{"0":"post-13414","1":"product","2":"type-product","3":"status-publish","4":"has-post-thumbnail","6":"product_cat-energetyka","7":"product_cat-nauki-techniczne","8":"product_cat-pojazdy-samochodowe","9":"product_cat-transport-2","10":"product_tag-ekologia","11":"product_tag-pojazdy-samochodowe","12":"product_tag-transport","14":"first","15":"outofstock","16":"sale","17":"shipping-taxable","18":"purchasable","19":"product-type-simple"},"_links":{"self":[{"href":"http:\/\/ksiegarnia-akademicka.pl\/index.php\/wp-json\/wp\/v2\/product\/13414","targetHints":{"allow":["GET"]}}],"collection":[{"href":"http:\/\/ksiegarnia-akademicka.pl\/index.php\/wp-json\/wp\/v2\/product"}],"about":[{"href":"http:\/\/ksiegarnia-akademicka.pl\/index.php\/wp-json\/wp\/v2\/types\/product"}],"wp:featuredmedia":[{"embeddable":true,"href":"http:\/\/ksiegarnia-akademicka.pl\/index.php\/wp-json\/wp\/v2\/media\/13415"}],"wp:attachment":[{"href":"http:\/\/ksiegarnia-akademicka.pl\/index.php\/wp-json\/wp\/v2\/media?parent=13414"}],"wp:term":[{"taxonomy":"product_brand","embeddable":true,"href":"http:\/\/ksiegarnia-akademicka.pl\/index.php\/wp-json\/wp\/v2\/product_brand?post=13414"},{"taxonomy":"product_cat","embeddable":true,"href":"http:\/\/ksiegarnia-akademicka.pl\/index.php\/wp-json\/wp\/v2\/product_cat?post=13414"},{"taxonomy":"product_tag","embeddable":true,"href":"http:\/\/ksiegarnia-akademicka.pl\/index.php\/wp-json\/wp\/v2\/product_tag?post=13414"}],"curies":[{"name":"wp","href":"https:\/\/api.w.org\/{rel}","templated":true}]}}