{"id":13364,"date":"2020-10-08T11:46:30","date_gmt":"2020-10-08T09:46:30","guid":{"rendered":"http:\/\/ksiegarnia-akademicka.pl\/?post_type=product&#038;p=13364"},"modified":"2020-10-08T11:55:00","modified_gmt":"2020-10-08T09:55:00","slug":"polski-system-ochrony-zdrowia","status":"publish","type":"product","link":"http:\/\/ksiegarnia-akademicka.pl\/index.php\/product\/polski-system-ochrony-zdrowia\/","title":{"rendered":"Polski system ochrony zdrowia"},"content":{"rendered":"<p>Autor:<br \/>\nMa\u0142gorzata Paszkowska<br \/>\nWydawca: Difin<br \/>\nOprawa: Mi\u0119kka<br \/>\nLiczba stron: 284<br \/>\nRok wydania: 2020<br \/>\nJ\u0119zyk wydania: polski<\/p>\n<p>Ksi\u0105\u017cka w spos\u00f3b kompleksowy prezentuje organizacj\u0119 i podstawy prawne funkcjonowania systemu ochrony zdrowia w Polsce. Om\u00f3wiono w niej model systemu zdrowotnego i podsystemy tworz\u0105ce polski system ochrony zdrowia, jego zasoby personalne oraz finansowanie. Dodatkowo w zwi\u0105zku z epidemi\u0105 koronawirusa SARS-CoV-2 przedstawiono organizacj\u0119 i instrumenty zapobiegania chorobom zaka\u017anym i zaka\u017ceniom. Publikacja adresowana jest do zarz\u0105dzaj\u0105cych jednostkami ochrony zdrowia oraz do zarz\u0105dzaj\u0105cych i pracownik\u00f3w organ\u00f3w administracji ochrony zdrowia (w tym NFZ), do student\u00f3w kierunk\u00f3w medycznych i s\u0142uchaczy studi\u00f3w podyplomowych w zakresie zarz\u0105dzania ochron\u0105 zdrowia oraz do wszystkich zainteresowanych obecnym systemem ochrony zdrowia w Polsce. Patronat: dlaszpitali.pl, STOMOZ Stowarzyszenie Mened\u017cer\u00f3w Opieki Zdrowotnej, Og\u00f3lnopolski Przegl\u0105d Medyczny, Polskie Towarzystwo Zdrowia Publicznego.<\/p>\n","protected":false},"excerpt":{"rendered":"<p>Autor: Ma\u0142gorzata Paszkowska Wydawca: Difin Oprawa: Mi\u0119kka Liczba stron: 284 [&hellip;]<\/p>\n","protected":false},"featured_media":13365,"template":"","meta":[],"product_brand":[],"product_cat":[7625],"product_tag":[4635,5499],"class_list":{"0":"post-13364","1":"product","2":"type-product","3":"status-publish","4":"has-post-thumbnail","6":"product_cat-nauki-o-zdrowiu","7":"product_tag-sluzba-zdrowia","8":"product_tag-system-ochrony-zdrowia","10":"first","11":"instock","12":"sale","13":"shipping-taxable","14":"purchasable","15":"product-type-simple"},"_links":{"self":[{"href":"http:\/\/ksiegarnia-akademicka.pl\/index.php\/wp-json\/wp\/v2\/product\/13364","targetHints":{"allow":["GET"]}}],"collection":[{"href":"http:\/\/ksiegarnia-akademicka.pl\/index.php\/wp-json\/wp\/v2\/product"}],"about":[{"href":"http:\/\/ksiegarnia-akademicka.pl\/index.php\/wp-json\/wp\/v2\/types\/product"}],"wp:featuredmedia":[{"embeddable":true,"href":"http:\/\/ksiegarnia-akademicka.pl\/index.php\/wp-json\/wp\/v2\/media\/13365"}],"wp:attachment":[{"href":"http:\/\/ksiegarnia-akademicka.pl\/index.php\/wp-json\/wp\/v2\/media?parent=13364"}],"wp:term":[{"taxonomy":"product_brand","embeddable":true,"href":"http:\/\/ksiegarnia-akademicka.pl\/index.php\/wp-json\/wp\/v2\/product_brand?post=13364"},{"taxonomy":"product_cat","embeddable":true,"href":"http:\/\/ksiegarnia-akademicka.pl\/index.php\/wp-json\/wp\/v2\/product_cat?post=13364"},{"taxonomy":"product_tag","embeddable":true,"href":"http:\/\/ksiegarnia-akademicka.pl\/index.php\/wp-json\/wp\/v2\/product_tag?post=13364"}],"curies":[{"name":"wp","href":"https:\/\/api.w.org\/{rel}","templated":true}]}}