{"id":13347,"date":"2020-10-06T09:24:27","date_gmt":"2020-10-06T07:24:27","guid":{"rendered":"http:\/\/ksiegarnia-akademicka.pl\/?post_type=product&#038;p=13347"},"modified":"2025-07-08T14:07:03","modified_gmt":"2025-07-08T12:07:03","slug":"pisma-procesowe-z-zakresu-prawa-karnego-wykonawczego-z-objasnieniami-i-plyta-cd","status":"publish","type":"product","link":"http:\/\/ksiegarnia-akademicka.pl\/index.php\/product\/pisma-procesowe-z-zakresu-prawa-karnego-wykonawczego-z-objasnieniami-i-plyta-cd\/","title":{"rendered":"Pisma procesowe z zakresu prawa karnego wykonawczego z obja\u015bnieniami i p\u0142yt\u0105 CD"},"content":{"rendered":"<p>Autor: adw. Micha\u0142 Wysocki<br \/>\nWydawnictwo: C.H. Beck<br \/>\nSeria: Wzory Pism Becka<br \/>\nRok wydania: 2020<br \/>\nOprawa: Mi\u0119kka<br \/>\nLiczba stron: 442<br \/>\nWaga: 580 g<br \/>\nISBN: 978-83-8198-033-3<\/p>\n<p>Szczeg\u00f3\u0142owe zestawienie wzor\u00f3w pism procesowych wyst\u0119puj\u0105cych w post\u0119powaniu karnym wykonawczym.<br \/>\nPublikacja Pisma procesowe z zakresu prawa karnego wykonawczego z obja\u015bnianiami i p\u0142yt\u0105 CD stanowi novum na rynku wydawniczym. Jest zbiorem ponad 130 wzor\u00f3w pism, kt\u00f3re w post\u0119powaniu karnym wykonawczym mo\u017ce sk\u0142ada\u0107 osoba skazana lub obro\u0144ca.<\/p>\n<p>Ka\u017cdy wz\u00f3r zosta\u0142 wzbogacony systemem uwag i obja\u015bnie\u0144 poprzez kompleksowe odes\u0142ania. Z my\u015bl\u0105 o praktykach prawa przygotowano wyb\u00f3r najistotniejszego orzecznictwa uzupe\u0142niaj\u0105cy uwagi i obja\u015bnienia do wzor\u00f3w.<\/p>\n<p>Opr\u00f3cz wzor\u00f3w opracowanie uwzgl\u0119dnia tak\u017ce elementy, kt\u00f3re nie s\u0105 zazwyczaj przedmiotem analizy tego typu publikacji \u2013 filozofi\u0119 sporz\u0105dzania pism procesowych oraz technik\u0119 przygotowywania takich dokument\u00f3w.<\/p>\n<p>Dzi\u0119ki licznym wnioskom, skargom i za\u017caleniom przedstawionymi w publikacji, Czytelnik b\u0119dzie m\u00f3g\u0142 zapozna\u0107 si\u0119 ze wszystkimi najistotniejszymi \u015brodkami potrzebnymi do realizacji swoich \u017c\u0105da\u0144. Wa\u017cne dla Autora by\u0142o tak\u017ce, by Czytelnik po zapoznaniu si\u0119 z wzorami zawartymi w ksi\u0105\u017cce by\u0142 w stanie owe dokumenty przygotowa\u0107 w spos\u00f3b pozwalaj\u0105cy na skuteczne przedstawienie swojej sprawy i uzyskanie po\u017c\u0105danego rezultatu.<\/p>\n<p>Publikacja sk\u0142ada si\u0119 z dw\u00f3ch cz\u0119\u015bci.<\/p>\n<p>W Cz\u0119\u015bci I kompleksowo om\u00f3wiono wszystkie istotne za\u0142o\u017cenia, kt\u00f3rymi nale\u017cy si\u0119 kierowa\u0107 przygotowuj\u0105c pismo, dotycz\u0105ce m.in.:<\/p>\n<p>filozofii pisma procesowego (m.in. cel\u00f3w pisma procesowego);<br \/>\nsposob\u00f3w argumentacji (m.in. wyk\u0142adni przepis\u00f3w, erystyki);<br \/>\ntechniki pisma procesowego (tj. r\u00f3\u017cnicy mi\u0119dzy pismem r\u0119cznym i drukowanym, formatu papieru i marginesu, uk\u0142adu pisma, czcionki, pozosta\u0142ych kwestii technicznych);<br \/>\nkwestii j\u0119zykowych (w tym b\u0142\u0119d\u00f3w j\u0119zykowych, ekspresji j\u0119zykowych, znies\u0142awienia i zniewa\u017cenia).<br \/>\nCz\u0119\u015b\u0107 II podzielona zosta\u0142a na 14 rozdzia\u0142\u00f3w, usystematyzowanych na wz\u00f3r Kodeksu karnego wykonawczego i zawiera wzory dotycz\u0105ce:<\/p>\n<p>sytuacji skazanego (skarga na decyzj\u0119 dyrektora zak\u0142adu karnego, wniosek o wyznaczenie obro\u0144cy z urz\u0119du);<br \/>\nwykonywania orzecze\u0144 (np. wniosek o wstrzymanie wykonania kary, wniosek o umorzenie post\u0119powania);<br \/>\npost\u0119powania przed s\u0105dem (np. wniosek o uchylenie postanowienia);<br \/>\nnadzoru penitencjarnego (np. wniosek o uchylenie decyzji sprzecznej z prawem);<br \/>\ndozoru elektronicznego (np. zgoda na doz\u00f3r elektroniczny, za\u017calenie na postanowienie o uchyleniu kontroli \u015brodka karnego, wniosek o udzielenie zgody na odbycie kary w systemie dozoru elektronicznego);<br \/>\nkary grzywny (np. wniosek o zmian\u0119 grzywny na prac\u0119 spo\u0142ecznie u\u017cyteczn\u0105, wniosek o roz\u0142o\u017cenie grzywny na raty);<br \/>\nkary ograniczenia wolno\u015bci (np. wniosek o zwolnienie z obowi\u0105zku, za\u017calenie na postanowienie o ustanowieniu obowi\u0105zku, wniosek o przerw\u0119 w wykonywaniu kary ograniczenia wolno\u015bci);<br \/>\npozbawienia wolno\u015bci (np. wniosek o zmian\u0119 typu zak\u0142adu karnego, wniosek o udzielnie przepustki, skarga na decyzj\u0119 komisji penitencjarnej o zakwalifikowaniu skazanego jako stwarzaj\u0105cego powa\u017cne zagro\u017cenie spo\u0142eczne);<br \/>\nwarunkowego zawieszenia kary (np. za\u017calenie na postanowienie o zarz\u0105dzeniu wykonania kary, wniosek o zmian\u0119 kary na kar\u0119 ograniczenia wolno\u015bci);<br \/>\n\u015brodk\u00f3w karnych, kompensacyjnych i przepadku (wniosek o uznanie \u015brodka za wykonany, za\u017calenie na postanowienie o zatwierdzeniu spisu sk\u0142adnik\u00f3w przedsi\u0119biorstwa, za\u017calenie na postanowienie odmawiaj\u0105ce uznania \u015brodka karnego za wykonany);<br \/>\n\u015brodk\u00f3w zabezpieczaj\u0105cych (np. wniosek o zmian\u0119 \u015brodka zabezpieczaj\u0105cego, wniosek o doprowadzenie na posiedzenie).<br \/>\nPublikacja przygotowana zosta\u0142a z my\u015bl\u0105 przede wszystkim o osobach skazanych oraz ich obro\u0144cach, a tak\u017ce studentach i aplikantach zawod\u00f3w prawniczych.<\/p>\n<p>Klarowna forma oraz uwagi i obja\u015bnienia pod ka\u017cdym pismem maj\u0105 u\u0142atwi\u0107 korzystanie z niniejszej publikacji tak\u017ce tym Czytelnikom, kt\u00f3rzy nie posiadaj\u0105 fachowej wiedzy prawniczej.<\/p>\n","protected":false},"excerpt":{"rendered":"<p>Autor: adw. Micha\u0142 Wysocki Wydawnictwo: C.H. Beck Seria: Wzory Pism [&hellip;]<\/p>\n","protected":false},"featured_media":13348,"template":"","meta":[],"product_brand":[],"product_cat":[7490,18],"product_tag":[296,7686],"class_list":{"0":"post-13347","1":"product","2":"type-product","3":"status-publish","4":"has-post-thumbnail","6":"product_cat-karne","7":"product_cat-prawo","8":"product_tag-prawo-karne","9":"product_tag-seria-wzory-pism-becka","11":"first","12":"outofstock","13":"sale","14":"shipping-taxable","15":"purchasable","16":"product-type-simple"},"_links":{"self":[{"href":"http:\/\/ksiegarnia-akademicka.pl\/index.php\/wp-json\/wp\/v2\/product\/13347","targetHints":{"allow":["GET"]}}],"collection":[{"href":"http:\/\/ksiegarnia-akademicka.pl\/index.php\/wp-json\/wp\/v2\/product"}],"about":[{"href":"http:\/\/ksiegarnia-akademicka.pl\/index.php\/wp-json\/wp\/v2\/types\/product"}],"wp:featuredmedia":[{"embeddable":true,"href":"http:\/\/ksiegarnia-akademicka.pl\/index.php\/wp-json\/wp\/v2\/media\/13348"}],"wp:attachment":[{"href":"http:\/\/ksiegarnia-akademicka.pl\/index.php\/wp-json\/wp\/v2\/media?parent=13347"}],"wp:term":[{"taxonomy":"product_brand","embeddable":true,"href":"http:\/\/ksiegarnia-akademicka.pl\/index.php\/wp-json\/wp\/v2\/product_brand?post=13347"},{"taxonomy":"product_cat","embeddable":true,"href":"http:\/\/ksiegarnia-akademicka.pl\/index.php\/wp-json\/wp\/v2\/product_cat?post=13347"},{"taxonomy":"product_tag","embeddable":true,"href":"http:\/\/ksiegarnia-akademicka.pl\/index.php\/wp-json\/wp\/v2\/product_tag?post=13347"}],"curies":[{"name":"wp","href":"https:\/\/api.w.org\/{rel}","templated":true}]}}