{"id":13329,"date":"2020-10-05T15:22:48","date_gmt":"2020-10-05T13:22:48","guid":{"rendered":"http:\/\/ksiegarnia-akademicka.pl\/?post_type=product&#038;p=13329"},"modified":"2023-01-24T09:04:51","modified_gmt":"2023-01-24T08:04:51","slug":"wypadki-i-inne-zdarzenia-drogowe-opiniowanie-w-sprawach-rekonstrukcji","status":"publish","type":"product","link":"http:\/\/ksiegarnia-akademicka.pl\/index.php\/product\/wypadki-i-inne-zdarzenia-drogowe-opiniowanie-w-sprawach-rekonstrukcji\/","title":{"rendered":"Wypadki i inne zdarzenia drogowe. Opiniowanie w sprawach rekonstrukcji"},"content":{"rendered":"<p>Redakcja naukowa:<br \/>\nPiotr Krzemie\u0144, Kazimierz Pawelec<br \/>\nTadeusz Diupero, Marcin Pawelec, Andrzej Seku\u0142a, Piotr Krzemie\u0144, Kazimierz Pawelec<br \/>\nWydawnictwo: Wolters Kluwer Polska<br \/>\nRok publikacji: 2020<br \/>\nWydanie: 1<br \/>\nLiczba stron: 708<br \/>\nSeria: Prawo w praktyce<br \/>\nISBN: 978-83-8187-926-2<\/p>\n<p>W publikacji szczeg\u00f3\u0142owo om\u00f3wiono m.in:<\/p>\n<p>dowody w sprawach przest\u0119pstw i wykrocze\u0144 drogowych, znaczenie dowodowe opinii pozaprocesowej, zasady oceny opinii;<br \/>\nu\u017cycie nowoczesnych technik w opiniowaniu w sprawach wypadk\u00f3w drogowych, w tym: wykorzystanie odbiornik\u00f3w GPS, kamer samochodowych, tachograf\u00f3w, \u201eczarnych skrzynek\u201d i sterownik\u00f3w pojazd\u00f3w;<br \/>\nzasady sporz\u0105dzanie opinii bieg\u0142ego do spraw techniki samochodowej.<\/p>\n<p>W opracowaniu wyczerpuj\u0105co zaprezentowano r\u00f3wnie\u017c:<\/p>\n<p>przest\u0119pstwa przeciwko bezpiecze\u0144stwu w komunikacji oraz najwa\u017cniejsze wykroczenia drogowe;<br \/>\nzasady bezpiecze\u0144stwa w ruchu drogowym, w tym: szczeg\u00f3lnej ostro\u017cno\u015bci i ograniczonego zaufania, pierwsze\u0144stwa, pr\u0119dko\u015bci dostosowanej.<\/p>\n<p>Adresaci:<br \/>\nOpracowanie jest przeznaczone dla s\u0119dzi\u00f3w, prokurator\u00f3w, adwokat\u00f3w i radc\u00f3w prawnych, a tak\u017ce bieg\u0142ych s\u0105dowych i rzeczoznawc\u00f3w.<\/p>\n","protected":false},"excerpt":{"rendered":"<p>Redakcja naukowa: Piotr Krzemie\u0144, Kazimierz Pawelec Tadeusz Diupero, Marcin Pawelec, [&hellip;]<\/p>\n","protected":false},"featured_media":13330,"template":"","meta":[],"product_brand":[],"product_cat":[7490,18],"product_tag":[296,5333,5800],"class_list":{"0":"post-13329","1":"product","2":"type-product","3":"status-publish","4":"has-post-thumbnail","6":"product_cat-karne","7":"product_cat-prawo","8":"product_tag-prawo-karne","9":"product_tag-prawo-karne-procesowe","10":"product_tag-seria-prawo-w-praktyce","12":"first","13":"outofstock","14":"sale","15":"shipping-taxable","16":"purchasable","17":"product-type-simple"},"_links":{"self":[{"href":"http:\/\/ksiegarnia-akademicka.pl\/index.php\/wp-json\/wp\/v2\/product\/13329","targetHints":{"allow":["GET"]}}],"collection":[{"href":"http:\/\/ksiegarnia-akademicka.pl\/index.php\/wp-json\/wp\/v2\/product"}],"about":[{"href":"http:\/\/ksiegarnia-akademicka.pl\/index.php\/wp-json\/wp\/v2\/types\/product"}],"wp:featuredmedia":[{"embeddable":true,"href":"http:\/\/ksiegarnia-akademicka.pl\/index.php\/wp-json\/wp\/v2\/media\/13330"}],"wp:attachment":[{"href":"http:\/\/ksiegarnia-akademicka.pl\/index.php\/wp-json\/wp\/v2\/media?parent=13329"}],"wp:term":[{"taxonomy":"product_brand","embeddable":true,"href":"http:\/\/ksiegarnia-akademicka.pl\/index.php\/wp-json\/wp\/v2\/product_brand?post=13329"},{"taxonomy":"product_cat","embeddable":true,"href":"http:\/\/ksiegarnia-akademicka.pl\/index.php\/wp-json\/wp\/v2\/product_cat?post=13329"},{"taxonomy":"product_tag","embeddable":true,"href":"http:\/\/ksiegarnia-akademicka.pl\/index.php\/wp-json\/wp\/v2\/product_tag?post=13329"}],"curies":[{"name":"wp","href":"https:\/\/api.w.org\/{rel}","templated":true}]}}