{"id":13306,"date":"2020-09-30T10:09:50","date_gmt":"2020-09-30T08:09:50","guid":{"rendered":"http:\/\/ksiegarnia-akademicka.pl\/?post_type=product&#038;p=13306"},"modified":"2023-11-08T09:34:27","modified_gmt":"2023-11-08T08:34:27","slug":"kodeks-postepowania-karnego-komentarz-4","status":"publish","type":"product","link":"http:\/\/ksiegarnia-akademicka.pl\/index.php\/product\/kodeks-postepowania-karnego-komentarz-4\/","title":{"rendered":"Kodeks post\u0119powania karnego Komentarz"},"content":{"rendered":"<p>Redakcja: Dudka Katarzyna<br \/>\nMa\u0142gorzata Beata Janicz, Cezary Kulesza, Jaros\u0142aw Matras, Hanna Paluszkiewicz, Barbara Skowron, Katarzyna Dudka<br \/>\nWydawca: Wolters Kluwer<br \/>\nOprawa: Twarda<br \/>\nLiczba stron: 2880<br \/>\nWydanie: 3<br \/>\nRok wydania: 2023<br \/>\nJ\u0119zyk wydania: polski<br \/>\nISBN:\t978-83-8328-447-7<\/p>\n<p>Komentarz zawiera jednoznaczne wskaz\u00f3wki dotycz\u0105ce sposobu rozwi\u0105zania wielu problem\u00f3w prawnych, z kt\u00f3rymi spotykaj\u0105 si\u0119 w praktyce zawodowej s\u0119dziowie, prokuratorzy, adwokaci oraz radcy prawni. W formu\u0142owaniu konkretnych rozwi\u0105za\u0144 pomocne by\u0142o wieloletnie do\u015bwiadczenie zawodowe autor\u00f3w, w\u015br\u00f3d kt\u00f3rych znajduj\u0105 si\u0119 s\u0119dziowie S\u0105du Najwy\u017cszego i s\u0105du apelacyjnego, prokurator oraz profesorowie nauk prawnych \u0142\u0105cz\u0105cy prac\u0119 naukow\u0105 z praktyk\u0105 adwokata i radcy prawnego.<\/p>\n<p>W najnowszym wydaniu uwzgl\u0119dnione zosta\u0142y wszystkie ostatnie zmiany przepis\u00f3w Kodeksu post\u0119powania karnego, w tym oczekuj\u0105ce na wej\u015bcie w \u017cycie nowelizacje: z 7.07.2022 r., kt\u00f3ra dotyczy wzmocnienia ochrony prawnokarnej przed najci\u0119\u017cszymi kategoriami przest\u0119pstw, oraz z 14.04.2023 r., zmierzaj\u0105c\u0105 do u\u015bci\u015blenia i doprecyzowania regulacji odnosz\u0105cych si\u0119 do gwarancji procesowych przys\u0142uguj\u0105cych podejrzanym i oskar\u017conym, kt\u00f3rzy nie uko\u0144czyli 18 lat.<\/p>\n<p>Ze wzgl\u0119du na praktyczny charakter komentarza autorzy ograniczyli prezentacj\u0119 sprzecznych pogl\u0105d\u00f3w przedstawicieli doktryny do minimum niezb\u0119dnego dla jasno\u015bci wywodu i oparli si\u0119 przede wszystkim na krytycznej analizie orzecznictwa s\u0105d\u00f3w polskich oraz trybuna\u0142\u00f3w mi\u0119dzynarodowych. Z tego samego wzgl\u0119du nie zawarto w nim analizy historycznej przepis\u00f3w uchylonych, chyba \u017ce by\u0142o to niezb\u0119dne do wyk\u0142adni norm obecnie obowi\u0105zuj\u0105cych.<\/p>\n<p>Dzi\u0119ki swej jednotomowej formie, zwi\u0119z\u0142o\u015bci wywod\u00f3w i jasnemu podzia\u0142owi wewn\u0119trznemu komentarz b\u0119dzie przydatny zar\u00f3wno s\u0119dziom, prokuratorom, adwokatom oraz radcom prawnym, jak i aplikantom tych zawod\u00f3w.<\/p>\n","protected":false},"excerpt":{"rendered":"<p>Redakcja: Dudka Katarzyna Ma\u0142gorzata Beata Janicz, Cezary Kulesza, Jaros\u0142aw Matras, [&hellip;]<\/p>\n","protected":false},"featured_media":16879,"template":"","meta":[],"product_brand":[],"product_cat":[7490,18],"product_tag":[296,4603],"class_list":{"0":"post-13306","1":"product","2":"type-product","3":"status-publish","4":"has-post-thumbnail","6":"product_cat-karne","7":"product_cat-prawo","8":"product_tag-prawo-karne","9":"product_tag-seria-komentarze-praktyczne","11":"first","12":"instock","13":"sale","14":"shipping-taxable","15":"purchasable","16":"product-type-simple"},"_links":{"self":[{"href":"http:\/\/ksiegarnia-akademicka.pl\/index.php\/wp-json\/wp\/v2\/product\/13306","targetHints":{"allow":["GET"]}}],"collection":[{"href":"http:\/\/ksiegarnia-akademicka.pl\/index.php\/wp-json\/wp\/v2\/product"}],"about":[{"href":"http:\/\/ksiegarnia-akademicka.pl\/index.php\/wp-json\/wp\/v2\/types\/product"}],"wp:featuredmedia":[{"embeddable":true,"href":"http:\/\/ksiegarnia-akademicka.pl\/index.php\/wp-json\/wp\/v2\/media\/16879"}],"wp:attachment":[{"href":"http:\/\/ksiegarnia-akademicka.pl\/index.php\/wp-json\/wp\/v2\/media?parent=13306"}],"wp:term":[{"taxonomy":"product_brand","embeddable":true,"href":"http:\/\/ksiegarnia-akademicka.pl\/index.php\/wp-json\/wp\/v2\/product_brand?post=13306"},{"taxonomy":"product_cat","embeddable":true,"href":"http:\/\/ksiegarnia-akademicka.pl\/index.php\/wp-json\/wp\/v2\/product_cat?post=13306"},{"taxonomy":"product_tag","embeddable":true,"href":"http:\/\/ksiegarnia-akademicka.pl\/index.php\/wp-json\/wp\/v2\/product_tag?post=13306"}],"curies":[{"name":"wp","href":"https:\/\/api.w.org\/{rel}","templated":true}]}}