{"id":13272,"date":"2020-09-14T11:16:21","date_gmt":"2020-09-14T09:16:21","guid":{"rendered":"http:\/\/ksiegarnia-akademicka.pl\/?post_type=product&#038;p=13272"},"modified":"2024-12-05T08:34:03","modified_gmt":"2024-12-05T07:34:03","slug":"zwolnienia-grupowe-i-restrukturyzacja-zatrudnienia","status":"publish","type":"product","link":"http:\/\/ksiegarnia-akademicka.pl\/index.php\/product\/zwolnienia-grupowe-i-restrukturyzacja-zatrudnienia\/","title":{"rendered":"Zwolnienia grupowe i restrukturyzacja zatrudnienia"},"content":{"rendered":"<p>Autor:<br \/>\nAntoni Kolek<br \/>\nWydawca: Wolters Kluwer<br \/>\nOprawa: Mi\u0119kka<br \/>\nLiczba stron: 128<br \/>\nWydanie: 1<br \/>\nRok wydania: 2020<br \/>\nJ\u0119zyk wydania: polski<br \/>\nISBN:\t978-83-8223-069-7<\/p>\n<p>Publikacja jest przewodnikiem po zagadnieniach dotycz\u0105cych instytucji zwolnie\u0144 grupowych oraz mo\u017cliwo\u015bci dzia\u0142a\u0144 restrukturyzacyjnych zatrudnienia. Autorzy w przyst\u0119pny spos\u00f3b przedstawiaj\u0105 rozwi\u0105zania zawarte w ustawie z 13.03.2003 r. o szczeg\u00f3lnych zasadach rozwi\u0105zywania z pracownikami stosunk\u00f3w pracy z przyczyn niedotycz\u0105cych pracownik\u00f3w (Dz.U. z 2018 r. poz. 1969 ze zm.).<br \/>\nW poradniku poruszono takie kwestie jak:<br \/>\n&#8211; szczeg\u00f3lne zasady rozwi\u0105zywania z pracownikami stosunk\u00f3w pracy z przyczyn niedotycz\u0105cych pracownik\u00f3w, tj.: zawiadomienie o zwolnieniach grupowych, rola zwi\u0105zk\u00f3w zawodowych w ramach procedury zwolnie\u0144 grupowych, kryteria doboru pracownik\u00f3w do zwolnie\u0144 grupowych, program dobrowolnych odej\u015b\u0107;<br \/>\n&#8211; uprawnienia pracownik\u00f3w, tj.: obj\u0119cie szczeg\u00f3ln\u0105 ochron\u0105 przed wypowiedzeniem lub rozwi\u0105zaniem stosunku pracy, pierwsze\u0144stwo w ponownym zatrudnieniu, odprawa pieni\u0119\u017cna, odszkodowanie dla pracownik\u00f3w na podstawie przepis\u00f3w Kodeksu pracy;<br \/>\n&#8211; restrukturyzacja zatrudnienia w organizacji w ramach tzw. tarczy antykryzysowej, tj.: zwolnienie z obowi\u0105zku op\u0142acania sk\u0142adek na FUS (ZUS), zawieszenie op\u0142acania sk\u0142adek, mo\u017cliwo\u015b\u0107 uzyskania po\u017cyczki z Funduszu Pracy, \u015bwiadczenie postojowe dla samozatrudnionych i os\u00f3b wykonuj\u0105cych umowy cywilnoprawne.<br \/>\nKsi\u0105\u017cka zosta\u0142a uzupe\u0142niona o tre\u015bci ustaw sk\u0142adaj\u0105cych si\u0119 na rz\u0105dowe wsparcie w odpowiedzi na kryzys na rynku pracy spowodowany COVID\u201319, dzi\u0119ki czemu odpowiada na najbardziej aktualne problemy, a tak\u017ce bie\u017c\u0105ce zmiany legislacyjne zwi\u0105zane z trwaj\u0105cym kryzysem.<\/p>\n","protected":false},"excerpt":{"rendered":"<p>Autor: Antoni Kolek Wydawca: Wolters Kluwer Oprawa: Mi\u0119kka Liczba stron: [&hellip;]<\/p>\n","protected":false},"featured_media":13273,"template":"","meta":[],"product_brand":[],"product_cat":[7495,18,7550],"product_tag":[793,7712,2192],"class_list":{"0":"post-13272","1":"product","2":"type-product","3":"status-publish","4":"has-post-thumbnail","6":"product_cat-gospodarcze-i-handlowe","7":"product_cat-prawo","8":"product_cat-prawo-pracy","9":"product_tag-prawo-pracy","10":"product_tag-prawo-restrukturyzacyjne","11":"product_tag-prawo-upadlosciowe","13":"first","14":"instock","15":"sale","16":"shipping-taxable","17":"purchasable","18":"product-type-simple"},"_links":{"self":[{"href":"http:\/\/ksiegarnia-akademicka.pl\/index.php\/wp-json\/wp\/v2\/product\/13272","targetHints":{"allow":["GET"]}}],"collection":[{"href":"http:\/\/ksiegarnia-akademicka.pl\/index.php\/wp-json\/wp\/v2\/product"}],"about":[{"href":"http:\/\/ksiegarnia-akademicka.pl\/index.php\/wp-json\/wp\/v2\/types\/product"}],"wp:featuredmedia":[{"embeddable":true,"href":"http:\/\/ksiegarnia-akademicka.pl\/index.php\/wp-json\/wp\/v2\/media\/13273"}],"wp:attachment":[{"href":"http:\/\/ksiegarnia-akademicka.pl\/index.php\/wp-json\/wp\/v2\/media?parent=13272"}],"wp:term":[{"taxonomy":"product_brand","embeddable":true,"href":"http:\/\/ksiegarnia-akademicka.pl\/index.php\/wp-json\/wp\/v2\/product_brand?post=13272"},{"taxonomy":"product_cat","embeddable":true,"href":"http:\/\/ksiegarnia-akademicka.pl\/index.php\/wp-json\/wp\/v2\/product_cat?post=13272"},{"taxonomy":"product_tag","embeddable":true,"href":"http:\/\/ksiegarnia-akademicka.pl\/index.php\/wp-json\/wp\/v2\/product_tag?post=13272"}],"curies":[{"name":"wp","href":"https:\/\/api.w.org\/{rel}","templated":true}]}}