{"id":13261,"date":"2020-09-10T08:36:56","date_gmt":"2020-09-10T06:36:56","guid":{"rendered":"http:\/\/ksiegarnia-akademicka.pl\/?post_type=product&#038;p=13261"},"modified":"2020-09-10T08:37:26","modified_gmt":"2020-09-10T06:37:26","slug":"zielona-gospodarka-jako-narzedzie-zrownowazonego-rozwoju","status":"publish","type":"product","link":"http:\/\/ksiegarnia-akademicka.pl\/index.php\/product\/zielona-gospodarka-jako-narzedzie-zrownowazonego-rozwoju\/","title":{"rendered":"Zielona gospodarka jako narz\u0119dzie zr\u00f3wnowa\u017conego rozwoju"},"content":{"rendered":"<p>Autor:<br \/>\nB\u0105k Iwona, Cheba Katarzyna<br \/>\nWydawca: CeDeWu<br \/>\nOprawa: Mi\u0119kka<br \/>\nFormat: 16.5&#215;23.5cm<br \/>\nLiczba stron: 214<br \/>\nRok wydania: 2020<br \/>\nJ\u0119zyk wydania: polski<br \/>\nISBN:\t978-83-8102-346-7<\/p>\n<p>Ksi\u0105\u017cka jest analiz\u0105 koncepcji zielonej gospodarki oraz zr\u00f3wnowa\u017conego rozwoju. Autorzy skupiaj\u0105 si\u0119 na okre\u015bleniu stopnia i poziomu przenikania si\u0119 obu tych idei, opisuj\u0105c przemiany strukturalne. Omawiana problematyka dotyczy niezwykle istotnych aktualnie temat\u00f3w badawczych, stanowi\u0105cych obszar wsp\u00f3lnych zainteresowa\u0144 nauki i polityki.<\/p>\n","protected":false},"excerpt":{"rendered":"<p>Autor: B\u0105k Iwona, Cheba Katarzyna Wydawca: CeDeWu Oprawa: Mi\u0119kka Format: [&hellip;]<\/p>\n","protected":false},"featured_media":13262,"template":"","meta":[],"product_brand":[],"product_cat":[17,39,7498],"product_tag":[1949,4376],"class_list":{"0":"post-13261","1":"product","2":"type-product","3":"status-publish","4":"has-post-thumbnail","6":"product_cat-ekonomia","7":"product_cat-srodowisko-prawo-i-zarzadzanie","8":"product_cat-teoria-ekonomii","9":"product_tag-ekologia","10":"product_tag-zrownowazony-rozwoj","12":"first","13":"instock","14":"sale","15":"shipping-taxable","16":"purchasable","17":"product-type-simple"},"_links":{"self":[{"href":"http:\/\/ksiegarnia-akademicka.pl\/index.php\/wp-json\/wp\/v2\/product\/13261","targetHints":{"allow":["GET"]}}],"collection":[{"href":"http:\/\/ksiegarnia-akademicka.pl\/index.php\/wp-json\/wp\/v2\/product"}],"about":[{"href":"http:\/\/ksiegarnia-akademicka.pl\/index.php\/wp-json\/wp\/v2\/types\/product"}],"wp:featuredmedia":[{"embeddable":true,"href":"http:\/\/ksiegarnia-akademicka.pl\/index.php\/wp-json\/wp\/v2\/media\/13262"}],"wp:attachment":[{"href":"http:\/\/ksiegarnia-akademicka.pl\/index.php\/wp-json\/wp\/v2\/media?parent=13261"}],"wp:term":[{"taxonomy":"product_brand","embeddable":true,"href":"http:\/\/ksiegarnia-akademicka.pl\/index.php\/wp-json\/wp\/v2\/product_brand?post=13261"},{"taxonomy":"product_cat","embeddable":true,"href":"http:\/\/ksiegarnia-akademicka.pl\/index.php\/wp-json\/wp\/v2\/product_cat?post=13261"},{"taxonomy":"product_tag","embeddable":true,"href":"http:\/\/ksiegarnia-akademicka.pl\/index.php\/wp-json\/wp\/v2\/product_tag?post=13261"}],"curies":[{"name":"wp","href":"https:\/\/api.w.org\/{rel}","templated":true}]}}