{"id":13230,"date":"2020-09-09T09:47:23","date_gmt":"2020-09-09T07:47:23","guid":{"rendered":"http:\/\/ksiegarnia-akademicka.pl\/?post_type=product&#038;p=13230"},"modified":"2020-09-09T09:47:24","modified_gmt":"2020-09-09T07:47:24","slug":"zrozumiec-social-media","status":"publish","type":"product","link":"http:\/\/ksiegarnia-akademicka.pl\/index.php\/product\/zrozumiec-social-media\/","title":{"rendered":"Zrozumie\u0107 social media"},"content":{"rendered":"<p>Autor:<br \/>\nArtur Roguski<br \/>\nWydawca: Helion<br \/>\nOprawa: Mi\u0119kka<br \/>\nLiczba stron: 296<br \/>\nRok wydania: 2020<br \/>\nJ\u0119zyk wydania: polski<br \/>\nISBN:\t978-83-283-6600-8<\/p>\n<p>Facebook na kozetce<br \/>\nKa\u017cdy z nas w pewien spos\u00f3b z nich korzysta. Piszemy posty i komentarze na Facebooku, wrzucamy zdj\u0119cia na Instagrama, tweetujemy, dzielimy si\u0119 filmikami na TikToku. Nie masz konta w \u017cadnym z portali spo\u0142eczno\u015bciowych i uwa\u017casz, \u017ce jeste\u015b ca\u0142kowicie wolny od ich wp\u0142ywu? Mylisz si\u0119. Skoro bowiem z Facebooka, Twittera, albo YouTube&#8217;a korzystaj\u0105 ludzie wok\u00f3\u0142 Ciebie, Twoja rodzina, znajomi, politycy i dziennikarze, kt\u00f3rzy komentuj\u0105 w telewizji otaczaj\u0105c\u0105 Ci\u0119 rzeczywisto\u015b\u0107, to i tak masz na co dzie\u0144 do czynienia z mediami spo\u0142eczno\u015bciowymi. A poniewa\u017c s\u0105 to pot\u0119\u017cne narz\u0119dzia kreowania trend\u00f3w, wywierania presji politycznej, spo\u0142ecznej i sprzeda\u017cowej, dobrze, by ka\u017cdy z nas wiedzia\u0142, jak dzia\u0142aj\u0105 i jak si\u0119 pod ich wp\u0142ywem zmieniamy.<\/p>\n<p>Si\u0119gnij po ksi\u0105\u017ck\u0119 Artura Roguskiego i dowiedz si\u0119 mi\u0119dzy innymi:<\/p>\n<p>Dlaczego w og\u00f3le korzystamy z medi\u00f3w spo\u0142eczno\u015bciowych<br \/>\nCo powoduje, \u017ce si\u0119 od nich uzale\u017cniamy, i czy mo\u017cemy si\u0119 przed tym broni\u0107<br \/>\nJak firmy i politycy wykorzystuj\u0105 to, czym dzielimy si\u0119 w sieci dla swoich cel\u00f3w<br \/>\nW jaki spos\u00f3b m\u0105drze u\u017cywa\u0107 mocy medi\u00f3w spo\u0142eczno\u015bciowych<br \/>\nO autorze<br \/>\nArtur Roguski &#8211; psycholog ze specjalizacj\u0105 w zakresie medi\u00f3w i reklamy. By\u0142 dyrektorem do spraw medi\u00f3w internetowych w magazynie bran\u017cowym Brief, product managerem w Grupie Onet-RAS (Fakt i Fakt24.pl) oraz social media managerem w Edipresse Polska (marki Viva!, Wizaz.pl i Party). Prowadzi blog Why So Social, anga\u017cuje si\u0119 w dzia\u0142ania maj\u0105ce na celu edukacj\u0119 m\u0142odych os\u00f3b oraz ich rodzic\u00f3w na temat szkodliwego wp\u0142ywu social medi\u00f3w.<\/p>\n","protected":false},"excerpt":{"rendered":"<p>Autor: Artur Roguski Wydawca: Helion Oprawa: Mi\u0119kka Liczba stron: 296 [&hellip;]<\/p>\n","protected":false},"featured_media":13231,"template":"","meta":[],"product_brand":[],"product_cat":[36,27,7994,7508],"product_tag":[1405,2159,1257,8062],"class_list":{"0":"post-13230","1":"product","2":"type-product","3":"status-publish","4":"has-post-thumbnail","6":"product_cat-informatyka","7":"product_cat-nauki-spoleczne","8":"product_cat-poradniki","9":"product_cat-socjologia","10":"product_tag-internet","11":"product_tag-komunikacja-spoleczna","12":"product_tag-poradniki","13":"product_tag-social-media","15":"first","16":"instock","17":"sale","18":"shipping-taxable","19":"purchasable","20":"product-type-simple"},"_links":{"self":[{"href":"http:\/\/ksiegarnia-akademicka.pl\/index.php\/wp-json\/wp\/v2\/product\/13230","targetHints":{"allow":["GET"]}}],"collection":[{"href":"http:\/\/ksiegarnia-akademicka.pl\/index.php\/wp-json\/wp\/v2\/product"}],"about":[{"href":"http:\/\/ksiegarnia-akademicka.pl\/index.php\/wp-json\/wp\/v2\/types\/product"}],"wp:featuredmedia":[{"embeddable":true,"href":"http:\/\/ksiegarnia-akademicka.pl\/index.php\/wp-json\/wp\/v2\/media\/13231"}],"wp:attachment":[{"href":"http:\/\/ksiegarnia-akademicka.pl\/index.php\/wp-json\/wp\/v2\/media?parent=13230"}],"wp:term":[{"taxonomy":"product_brand","embeddable":true,"href":"http:\/\/ksiegarnia-akademicka.pl\/index.php\/wp-json\/wp\/v2\/product_brand?post=13230"},{"taxonomy":"product_cat","embeddable":true,"href":"http:\/\/ksiegarnia-akademicka.pl\/index.php\/wp-json\/wp\/v2\/product_cat?post=13230"},{"taxonomy":"product_tag","embeddable":true,"href":"http:\/\/ksiegarnia-akademicka.pl\/index.php\/wp-json\/wp\/v2\/product_tag?post=13230"}],"curies":[{"name":"wp","href":"https:\/\/api.w.org\/{rel}","templated":true}]}}