{"id":13226,"date":"2020-09-09T09:41:37","date_gmt":"2020-09-09T07:41:37","guid":{"rendered":"http:\/\/ksiegarnia-akademicka.pl\/?post_type=product&#038;p=13226"},"modified":"2024-12-05T08:17:35","modified_gmt":"2024-12-05T07:17:35","slug":"i-bedziesz-sie-rozwijal-izraelska-innowacyjnosc-ktora-zmienia-swiat-thou-shalt-innovate","status":"publish","type":"product","link":"http:\/\/ksiegarnia-akademicka.pl\/index.php\/product\/i-bedziesz-sie-rozwijal-izraelska-innowacyjnosc-ktora-zmienia-swiat-thou-shalt-innovate\/","title":{"rendered":"I b\u0119dziesz si\u0119 rozwija\u0142 Izraelska innowacyjno\u015b\u0107, kt\u00f3ra zmienia \u015bwiat THOU SHALT INNOVATE"},"content":{"rendered":"<p>Autor:<br \/>\nAvi Jorish<br \/>\nT\u0142umacze: Anna Dorota Kami\u0144ska<br \/>\nWydawca: Dialog<br \/>\nOprawa: Mi\u0119kka ze skrzyde\u0142kami<br \/>\nFormat: 15.0&#215;23.5cm<br \/>\nLiczba stron: 238<br \/>\nRok wydania: 2020<br \/>\nJ\u0119zyk wydania: polski<br \/>\nISBN:\t978-83-8002-863-0<\/p>\n<p>Ksi\u0105\u017cka opisuje przedsi\u0119wzi\u0119cia biznesowe zrodzone w Izraelu, kt\u00f3re maj\u0105 \u2013 lub b\u0119d\u0105 mia\u0142y w przysz\u0142o\u015bci \u2013 ogromny wp\u0142yw na ludzkie \u017cycie. Dotycz\u0105 one w przewa\u017caj\u0105cej mierze \u015bwiata nowych technologii. To opowie\u015b\u0107 o kilkudziesi\u0119ciu wynalazcach i za\u0142o\u017conych przez nich firmach oraz o mechanizmach prawnych i finansowych, kt\u00f3re pa\u0144stwo uruchomi\u0142o, by pom\u00f3c w rozwoju innowacyjnych technologii. Dzi\u0119ki takim ludziom i takiej polityce Izrael odgrywa ogromn\u0105 rol\u0119 jako pa\u0144stwo, gdzie nowe inicjatywy rozwijaj\u0105 si\u0119 i upowszechniaj\u0105 na bezprecedensow\u0105 skal\u0119.<\/p>\n","protected":false},"excerpt":{"rendered":"<p>Autor: Avi Jorish T\u0142umacze: Anna Dorota Kami\u0144ska Wydawca: Dialog Oprawa: [&hellip;]<\/p>\n","protected":false},"featured_media":13227,"template":"","meta":[],"product_brand":[],"product_cat":[17,36,7499,24],"product_tag":[337,3340,103,4616],"class_list":{"0":"post-13226","1":"product","2":"type-product","3":"status-publish","4":"has-post-thumbnail","6":"product_cat-ekonomia","7":"product_cat-informatyka","8":"product_cat-makro-i-mikroekonomia","9":"product_cat-polityka-gospodarcza","10":"product_tag-ekonomia","11":"product_tag-futurologia","12":"product_tag-informatyka","13":"product_tag-technologie","15":"first","16":"instock","17":"sale","18":"shipping-taxable","19":"purchasable","20":"product-type-simple"},"_links":{"self":[{"href":"http:\/\/ksiegarnia-akademicka.pl\/index.php\/wp-json\/wp\/v2\/product\/13226","targetHints":{"allow":["GET"]}}],"collection":[{"href":"http:\/\/ksiegarnia-akademicka.pl\/index.php\/wp-json\/wp\/v2\/product"}],"about":[{"href":"http:\/\/ksiegarnia-akademicka.pl\/index.php\/wp-json\/wp\/v2\/types\/product"}],"wp:featuredmedia":[{"embeddable":true,"href":"http:\/\/ksiegarnia-akademicka.pl\/index.php\/wp-json\/wp\/v2\/media\/13227"}],"wp:attachment":[{"href":"http:\/\/ksiegarnia-akademicka.pl\/index.php\/wp-json\/wp\/v2\/media?parent=13226"}],"wp:term":[{"taxonomy":"product_brand","embeddable":true,"href":"http:\/\/ksiegarnia-akademicka.pl\/index.php\/wp-json\/wp\/v2\/product_brand?post=13226"},{"taxonomy":"product_cat","embeddable":true,"href":"http:\/\/ksiegarnia-akademicka.pl\/index.php\/wp-json\/wp\/v2\/product_cat?post=13226"},{"taxonomy":"product_tag","embeddable":true,"href":"http:\/\/ksiegarnia-akademicka.pl\/index.php\/wp-json\/wp\/v2\/product_tag?post=13226"}],"curies":[{"name":"wp","href":"https:\/\/api.w.org\/{rel}","templated":true}]}}