{"id":13201,"date":"2020-09-03T09:48:04","date_gmt":"2020-09-03T07:48:04","guid":{"rendered":"http:\/\/ksiegarnia-akademicka.pl\/?post_type=product&#038;p=13201"},"modified":"2020-09-03T09:48:05","modified_gmt":"2020-09-03T07:48:05","slug":"kodeks-cywilny-komentarz-3","status":"publish","type":"product","link":"http:\/\/ksiegarnia-akademicka.pl\/index.php\/product\/kodeks-cywilny-komentarz-3\/","title":{"rendered":"Kodeks cywilny. Komentarz"},"content":{"rendered":"<p>Redakcja: prof. dr hab. Edward Gniewek, prof. dr hab. Piotr Machnikowski<br \/>\nAutor: dr Beata Burian, dr Monika Drela, dr Wojciech Dubis, prof. dr hab. SSA Jacek Go\u0142aczy\u0144ski, dr Krzysztof Go\u0142\u0119biowski, dr Katarzyna G\u00f3rska, dr Julian Jezioro, prof. UWr dr hab. Joanna Ku\u017amicka-Sulikowska, dr J\u00f3zef Nadler, dr Rados\u0142aw Struga\u0142a, dr Wojciech Szyd\u0142o, dr hab. Krzysztof Zagrobelny, prof. UWr<br \/>\nWydawnictwo: C.H. Beck<br \/>\nSeria: Komentarze Kodeksowe<br \/>\nRok wydania: 2019<br \/>\nWydanie: 9<br \/>\nOprawa: Twarda<br \/>\nLiczba stron: 2224<br \/>\nWaga: 1980 g<br \/>\nISBN: 978-83-8158-931-4<\/p>\n<p>Kodeks cywilny. Komentarz pod redakcj\u0105 prof. Edwarda Gniewka oraz prof. Piotra Machnikowskiego jest uznanym dzie\u0142em zbiorowym szko\u0142y wroc\u0142awskiej. Opracowany zosta\u0142 jako wydanie jednotomowe, uwzgl\u0119dniaj\u0105ce najnowsze zmiany, aktualne orzecznictwo oraz pogl\u0105dy doktryny.<\/p>\n<p>Zamierzeniem zespo\u0142u autorskiego by\u0142o przedstawienie wywa\u017conego, wszechstronnego komentarza, bez mankament\u00f3w jednostronnego spojrzenia \u2013 czy to s\u0119dziowskiego, czy te\u017c doktrynalnego. Na \u0142amach Komentarza zaprezentowany zosta\u0142 wi\u0119c dorobek literatury i orzecznictwa, z wyra\u017anym zaakcentowaniem stanowiska autor\u00f3w komentuj\u0105cych poszczeg\u00f3lne zagadnienia. Dodatkowo, pomocne dla Czytelnika mog\u0105 by\u0107 odes\u0142ania do literatury podstawowej oraz do istotnych orzecze\u0144 S\u0105du Najwy\u017cszego, Trybuna\u0142u Konstytucyjnego, Naczelnego S\u0105du Administracyjnego i s\u0105d\u00f3w apelacyjnych.<\/p>\n<p>W wydaniu 9. cz\u0119\u015b\u0107 przepis\u00f3w o czynach niedozwolonych oraz u\u017cytkowaniu wieczystym, a tak\u017ce dotycz\u0105cych spadk\u00f3w zosta\u0142y skomentowane na nowo.<\/p>\n<p>Komentarz uwzgl\u0119dnia szerokie om\u00f3wienie najnowszych zmian, wynikaj\u0105cych m.in. z :<\/p>\n<p>ustawy z 31.7.2019 r., dotycz\u0105cej m.in. rozszerzenia ochrony konsumenckiej w niekt\u00f3rych czynno\u015bciach prawnych z udzia\u0142em przedsi\u0119biorc\u00f3w, zmiana wchodzi w \u017cycie 1.1.2020 r. i 1.6.2020 r.<br \/>\nustawy z 6.12.2018 r., dotycz\u0105cej odsetek od zaleg\u0142ych odsetek, zmiana wesz\u0142a w \u017cycie w 15.2.2019 r.;<br \/>\nustawy z 5.7.2018 r. dotycz\u0105cej zarz\u0105du sukcesyjnego przedsi\u0119biorstwem osoby fizycznej, zmiana wesz\u0142a w \u017cycie 25.11.2018 r.;<br \/>\nustawy z 13.4.2018 r., dotycz\u0105cej skr\u00f3cenia podstawowych termin\u00f3w przedawnienia roszcze\u0144, zmiana wesz\u0142a w \u017cycie 9.7.2018 r.<br \/>\nPonadto om\u00f3wiono zmiany wynikaj\u0105ce z projektu ustawy o zmianie niekt\u00f3rych ustaw w celu przeciwdzia\u0142ania lichwie, kt\u00f3re dotycz\u0105 nowych ogranicze\u0144 swobody um\u00f3w, a tak\u017ce ograniczaj\u0105 mo\u017cliwo\u015b\u0107 pobierania od bior\u0105cego po\u017cyczk\u0119 odsetek oraz koszt\u00f3w pozaodsetkowych<\/p>\n<p>W komentarzu opracowano precyzyjnie kluczowe zmiany legislacyjne, om\u00f3wione przez wybitnych specjalist\u00f3w. Dzi\u0119ki gruntownemu podzia\u0142owi wewn\u0119trznemu komentarza do danego artyku\u0142u, w tym umieszczeniu szczeg\u00f3\u0142owych spis\u00f3w tre\u015bci, tytu\u0142\u00f3w tez pozwalaj\u0105cych na \u0142atwiejsze odnalezienie w\u0142a\u015bciwych zagadnie\u0144, numer\u00f3w tez pozwalaj\u0105cych na sprawne odczytywanie tre\u015bci oraz odes\u0142a\u0144 zamieszczonych w indeksie Komentarz staje si\u0119 bardzo przejrzysty i klarowny.<\/p>\n<p>Komentarz dzi\u0119ki dok\u0142adnemu om\u00f3wieniu u\u0142atwi Czytelnikowi rozwi\u0105zanie pojawiaj\u0105cych si\u0119 w praktyce problem\u00f3w zwi\u0105zanych z wyk\u0142adni\u0105 przepis\u00f3w zawartych w KC.<\/p>\n<p>Pozycja ta stanowi cenn\u0105 pomoc zar\u00f3wno dla praktyk\u00f3w prawa: adwokat\u00f3w, radc\u00f3w prawnych, notariuszy, prokurator\u00f3w oraz s\u0119dzi\u00f3w, a tak\u017ce komornik\u00f3w, jak i dla doktryny prawa cywilnego, a tak\u017ce aplikant\u00f3w zawod\u00f3w prawniczych i student\u00f3w.<\/p>\n","protected":false},"excerpt":{"rendered":"<p>Redakcja: prof. dr hab. Edward Gniewek, prof. dr hab. Piotr [&hellip;]<\/p>\n","protected":false},"featured_media":13202,"template":"","meta":[],"product_brand":[],"product_cat":[7491,18],"product_tag":[3868,615,1054],"class_list":{"0":"post-13201","1":"product","2":"type-product","3":"status-publish","4":"has-post-thumbnail","6":"product_cat-cywilne","7":"product_cat-prawo","8":"product_tag-kodeks-cywilny","9":"product_tag-prawo-cywilne","10":"product_tag-seria-komentarze-kodeksowe","12":"first","13":"instock","14":"sale","15":"shipping-taxable","16":"purchasable","17":"product-type-simple"},"_links":{"self":[{"href":"http:\/\/ksiegarnia-akademicka.pl\/index.php\/wp-json\/wp\/v2\/product\/13201","targetHints":{"allow":["GET"]}}],"collection":[{"href":"http:\/\/ksiegarnia-akademicka.pl\/index.php\/wp-json\/wp\/v2\/product"}],"about":[{"href":"http:\/\/ksiegarnia-akademicka.pl\/index.php\/wp-json\/wp\/v2\/types\/product"}],"wp:featuredmedia":[{"embeddable":true,"href":"http:\/\/ksiegarnia-akademicka.pl\/index.php\/wp-json\/wp\/v2\/media\/13202"}],"wp:attachment":[{"href":"http:\/\/ksiegarnia-akademicka.pl\/index.php\/wp-json\/wp\/v2\/media?parent=13201"}],"wp:term":[{"taxonomy":"product_brand","embeddable":true,"href":"http:\/\/ksiegarnia-akademicka.pl\/index.php\/wp-json\/wp\/v2\/product_brand?post=13201"},{"taxonomy":"product_cat","embeddable":true,"href":"http:\/\/ksiegarnia-akademicka.pl\/index.php\/wp-json\/wp\/v2\/product_cat?post=13201"},{"taxonomy":"product_tag","embeddable":true,"href":"http:\/\/ksiegarnia-akademicka.pl\/index.php\/wp-json\/wp\/v2\/product_tag?post=13201"}],"curies":[{"name":"wp","href":"https:\/\/api.w.org\/{rel}","templated":true}]}}