{"id":1319,"date":"2018-05-22T12:43:24","date_gmt":"2018-05-22T10:43:24","guid":{"rendered":"http:\/\/ksiegarnia-akademicka.pl\/index.php\/product\/postepowanie-cywilne-w-zarysie\/"},"modified":"2020-08-24T10:26:34","modified_gmt":"2020-08-24T08:26:34","slug":"postepowanie-cywilne-w-zarysie","status":"publish","type":"product","link":"http:\/\/ksiegarnia-akademicka.pl\/index.php\/product\/postepowanie-cywilne-w-zarysie\/","title":{"rendered":"Post\u0119powanie cywilne w zarysie"},"content":{"rendered":"<p>Nale\u017cy do serii:<br \/>\nSERIA AKADEMICKA<br \/>\nAutor:<br \/>\nWitold Broniewicz<br \/>\nAndrzej Marciniak<br \/>\nIreneusz Kunicki<br \/>\nWydawca: Wolters Kluwer<br \/>\nOprawa: Mi\u0119kka<br \/>\nFormat: 16.5&#215;24.5cm<br \/>\nLiczba stron: 652<br \/>\nWydanie: 13<br \/>\nRok wydania: 2020<\/p>\n<p>Podr\u0119cznik obejmuje usystematyzowany ca\u0142okszta\u0142t polskiego post\u0119powania cywilnego z uwzgl\u0119dnieniem zmian ustawodawczych, kt\u00f3re zasz\u0142y w ostatnich latach. Dotyczy to w szczeg\u00f3lno\u015bci nowelizacji dokonanych ustawami z 4 lipca 2019 r. o zmianie ustawy \u2013 Kodeks post\u0119powania cywilnego oraz innych ustaw, a tak\u017ce z 13 lutego 2020 r. o zmianie ustawy \u2013 Kodeks post\u0119powania cywilnego oraz niekt\u00f3rych innych ustaw. W opracowaniu om\u00f3wiono r\u00f3wnie\u017c nowe unormowania dotycz\u0105ce nadu\u017cycia prawa procesowego, post\u0119powania przygotowawczego, post\u0119powania w sprawach gospodarczych i post\u0119powania w sprawach w\u0142asno\u015bci intelektualnej.<br \/>\nPublikacja ma niew\u0105tpliwie walory dydaktyczne i teoretyczne.<\/p>\n","protected":false},"excerpt":{"rendered":"<p>Nale\u017cy do serii: SERIA AKADEMICKA Autor: Witold Broniewicz Andrzej Marciniak [&hellip;]<\/p>\n","protected":false},"featured_media":12846,"template":"","meta":[],"product_brand":[],"product_cat":[7491,18],"product_tag":[4007,692,623,330],"class_list":{"0":"post-1319","1":"product","2":"type-product","3":"status-publish","4":"has-post-thumbnail","6":"product_cat-cywilne","7":"product_cat-prawo","8":"product_tag-miedzynarodowe-postepowanie-cywilne","9":"product_tag-postepowanie-cywilne","10":"product_tag-postepowanie-egzekucyjne","11":"product_tag-seria-akademicka","13":"first","14":"instock","15":"sale","16":"shipping-taxable","17":"purchasable","18":"product-type-simple"},"_links":{"self":[{"href":"http:\/\/ksiegarnia-akademicka.pl\/index.php\/wp-json\/wp\/v2\/product\/1319","targetHints":{"allow":["GET"]}}],"collection":[{"href":"http:\/\/ksiegarnia-akademicka.pl\/index.php\/wp-json\/wp\/v2\/product"}],"about":[{"href":"http:\/\/ksiegarnia-akademicka.pl\/index.php\/wp-json\/wp\/v2\/types\/product"}],"wp:featuredmedia":[{"embeddable":true,"href":"http:\/\/ksiegarnia-akademicka.pl\/index.php\/wp-json\/wp\/v2\/media\/12846"}],"wp:attachment":[{"href":"http:\/\/ksiegarnia-akademicka.pl\/index.php\/wp-json\/wp\/v2\/media?parent=1319"}],"wp:term":[{"taxonomy":"product_brand","embeddable":true,"href":"http:\/\/ksiegarnia-akademicka.pl\/index.php\/wp-json\/wp\/v2\/product_brand?post=1319"},{"taxonomy":"product_cat","embeddable":true,"href":"http:\/\/ksiegarnia-akademicka.pl\/index.php\/wp-json\/wp\/v2\/product_cat?post=1319"},{"taxonomy":"product_tag","embeddable":true,"href":"http:\/\/ksiegarnia-akademicka.pl\/index.php\/wp-json\/wp\/v2\/product_tag?post=1319"}],"curies":[{"name":"wp","href":"https:\/\/api.w.org\/{rel}","templated":true}]}}