{"id":13188,"date":"2020-09-02T10:31:13","date_gmt":"2020-09-02T08:31:13","guid":{"rendered":"http:\/\/ksiegarnia-akademicka.pl\/?post_type=product&#038;p=13188"},"modified":"2024-12-05T08:18:15","modified_gmt":"2024-12-05T07:18:15","slug":"kontrola-rzadowa-w-administracji-publicznej-poradnik-dla-kontrolujacych-i-kontrolowanych","status":"publish","type":"product","link":"http:\/\/ksiegarnia-akademicka.pl\/index.php\/product\/kontrola-rzadowa-w-administracji-publicznej-poradnik-dla-kontrolujacych-i-kontrolowanych\/","title":{"rendered":"Kontrola rz\u0105dowa w administracji publicznej. Poradnik dla kontroluj\u0105cych i kontrolowanych"},"content":{"rendered":"<p>Autor: Marcin Antoniak<br \/>\nWydawnictwo: C.H. Beck<br \/>\nSeria: Sektor publiczny w praktyce<br \/>\nRok wydania: 2020<br \/>\nOprawa: Mi\u0119kka<br \/>\nLiczba stron: 238<br \/>\nWaga: 400 g<br \/>\nISBN: 978-83-8198-920-6<\/p>\n<p>Praktyczny przewodnik po kontroli w administracji rz\u0105dowej.<br \/>\nPublikacja wyja\u015bnia wszelkie w\u0105tpliwo\u015bci natury prawnej zwi\u0105zanej z brzmieniem przepis\u00f3w ustawy o kontroli w administracji rz\u0105dowej, jak r\u00f3wnie\u017c porusza kwesti\u0119 problem\u00f3w stricte praktycznych, kt\u00f3re mog\u0105 powsta\u0107 w trakcie przygotowywania i organizacji kontroli, jej prowadzenia oraz realizacji i egzekwowania wniosk\u00f3w i zalece\u0144 pokontrolnych.<\/p>\n<p>Ksi\u0105\u017cka b\u0119dzie r\u00f3wnie\u017c pomocna przy uzyskaniu niezb\u0119dnej wiedzy teoretycznej i praktycznej, umo\u017cliwiaj\u0105cej stosowanie w bie\u017c\u0105cej pracy nowych Standard\u00f3w kontroli w administracji rz\u0105dowej \u2013 zatwierdzonych przez Szefa KPRM 31 lipca 2017 r.<\/p>\n<p>Dzi\u0119ki tej publikacji dowiedz\u0105 si\u0119 Pa\u0144stwo m.in.:<\/p>\n<p>Jakie s\u0105 rodzaje kontroli przeprowadzanych w administracji publicznej?<br \/>\nKt\u00f3re podmioty s\u0105 uprawnione do przeprowadzania kontroli?<br \/>\nNa czym polega kontrola wsp\u00f3lna?<br \/>\nJakie s\u0105 cele i funkcje prowadzenia kontroli?<br \/>\nW oparciu o jakie kryteria nale\u017cy przeprowadzi\u0107 kontrol\u0119?<br \/>\nJak przeprowadzi\u0107 kontrol\u0119 zgodnie z zasadami post\u0119powania kontrolnego?<br \/>\nJakie wyr\u00f3\u017cniamy tryby, w ramach kt\u00f3rych powinny by\u0107 prowadzone czynno\u015bci kontrolne?<br \/>\nJaki jest zakres przedmioty, zasady i techniki prowadzenia akt kontroli?<br \/>\nBazuj\u0105c na osobistych do\u015bwiadczeniach zawodowych, autor stara\u0142 si\u0119 przedstawi\u0107 przepisy dotycz\u0105ce kontroli w administracji rz\u0105dowej z r\u00f3\u017cnych perspektyw: kontrolera, kierownika kom\u00f3rki do spraw kontroli w jednostce kontroluj\u0105cej, a tak\u017ce osoby zajmuj\u0105cej si\u0119 na co dzie\u0144 obs\u0142ug\u0105 i koordynacj\u0105 kontroli zewn\u0119trznych realizowanych w stosunku do tej jednostki oraz \u015bwiadcz\u0105cej pomoc prawn\u0105 na rzecz kierownik\u00f3w jednostek kontrolowanych.<\/p>\n<p>W publikacji ograniczono do niezb\u0119dnego minimum rozwa\u017cania o charakterze teoretycznym, g\u0142\u00f3wny nacisk k\u0142ad\u0105c na dokonanie analizy przepis\u00f3w komentowanej ustawy w ich wymiarze praktycznym. Celem autora by\u0142o podzielenie si\u0119 obserwacjami, upowszechnianie dobrych praktyk z zakresu kontroli czy wreszcie udzielanie odpowiedzi na w\u0105tpliwo\u015bci dotycz\u0105ce zastosowania okre\u015blonych regulacji i rozwi\u0105za\u0144 prawnych w trakcie kontroli.<\/p>\n<p>Niew\u0105tpliwym atutem ksi\u0105\u017cki s\u0105 r\u00f3wnie\u017c wzory dokument\u00f3w, m.in.: programu kontroli, o\u015bwiadczenia o braku lub istnieniu okoliczno\u015bci uzasadniaj\u0105cych ich wy\u0142\u0105czenie z udzia\u0142u w kontroli, upowa\u017cnienia do przeprowadzenia kontroli, protoko\u0142u ogl\u0119dzin, projektu wyst\u0105pienia pokontrolnego.<\/p>\n","protected":false},"excerpt":{"rendered":"<p>Autor: Marcin Antoniak Wydawnictwo: C.H. Beck Seria: Sektor publiczny w [&hellip;]<\/p>\n","protected":false},"featured_media":13189,"template":"","meta":[],"product_brand":[],"product_cat":[7492,19,7500,18,7501],"product_tag":[3466,8058,6841],"class_list":{"0":"post-13188","1":"product","2":"type-product","3":"status-publish","4":"has-post-thumbnail","6":"product_cat-administracyjne","7":"product_cat-finanse-i-prawo-finansowe","8":"product_cat-finanse-publiczne","9":"product_cat-prawo","10":"product_cat-prawo-finansowe","11":"product_tag-administracja","12":"product_tag-kontrola-w-administracji","13":"product_tag-seria-sektor-publiczny-w-praktyce","15":"first","16":"instock","17":"sale","18":"shipping-taxable","19":"purchasable","20":"product-type-simple"},"_links":{"self":[{"href":"http:\/\/ksiegarnia-akademicka.pl\/index.php\/wp-json\/wp\/v2\/product\/13188","targetHints":{"allow":["GET"]}}],"collection":[{"href":"http:\/\/ksiegarnia-akademicka.pl\/index.php\/wp-json\/wp\/v2\/product"}],"about":[{"href":"http:\/\/ksiegarnia-akademicka.pl\/index.php\/wp-json\/wp\/v2\/types\/product"}],"wp:featuredmedia":[{"embeddable":true,"href":"http:\/\/ksiegarnia-akademicka.pl\/index.php\/wp-json\/wp\/v2\/media\/13189"}],"wp:attachment":[{"href":"http:\/\/ksiegarnia-akademicka.pl\/index.php\/wp-json\/wp\/v2\/media?parent=13188"}],"wp:term":[{"taxonomy":"product_brand","embeddable":true,"href":"http:\/\/ksiegarnia-akademicka.pl\/index.php\/wp-json\/wp\/v2\/product_brand?post=13188"},{"taxonomy":"product_cat","embeddable":true,"href":"http:\/\/ksiegarnia-akademicka.pl\/index.php\/wp-json\/wp\/v2\/product_cat?post=13188"},{"taxonomy":"product_tag","embeddable":true,"href":"http:\/\/ksiegarnia-akademicka.pl\/index.php\/wp-json\/wp\/v2\/product_tag?post=13188"}],"curies":[{"name":"wp","href":"https:\/\/api.w.org\/{rel}","templated":true}]}}