{"id":13185,"date":"2020-09-02T10:20:34","date_gmt":"2020-09-02T08:20:34","guid":{"rendered":"http:\/\/ksiegarnia-akademicka.pl\/?post_type=product&#038;p=13185"},"modified":"2020-09-02T10:20:34","modified_gmt":"2020-09-02T08:20:34","slug":"wyrok-zasadzajacy","status":"publish","type":"product","link":"http:\/\/ksiegarnia-akademicka.pl\/index.php\/product\/wyrok-zasadzajacy\/","title":{"rendered":"Wyrok zas\u0105dzaj\u0105cy"},"content":{"rendered":"<p>Autor: prof. nadzw. dr hab. Piotr Osowy<br \/>\nWydawnictwo: C.H. Beck<br \/>\nSeria: Monografie Prawnicze<br \/>\nRok wydania: 2020<br \/>\nOprawa: Twarda<br \/>\nLiczba stron: 316<br \/>\nWaga: 500 g<br \/>\nISBN: 978-83-8198-146-0<\/p>\n<p>Publikacja stanowi pierwsze w literaturze polskiej monograficzne opracowanie istotnej jurydycznie i wa\u017cnej dla praktyki wymiaru sprawiedliwo\u015bci problematyki s\u0105dowej ochrony praw podmiotowych za pomoc\u0105 samodzielnej formy, jak\u0105 jest wyrok zas\u0105dzaj\u0105cy. Ta forma s\u0105dowej ochrony zawiera w sobie warto\u015bci uniwersalne wielu idei i instytucji jak prawa procesowego i materialnego, jest podstaw\u0105 stabilizacji uniwersalnych warto\u015bci prawnych.<\/p>\n<p>Opracowanie zawiera poza uwagami prawnopor\u00f3wnawczymi liczne odwo\u0142ania do prawa i orzecznictwa pa\u0144stw obcych \u2013 jednak tylko w takim zakresie, kt\u00f3ry mo\u017ce okaza\u0107 si\u0119 przydatny w praktyce opartej na prawie polskim. Uwzgl\u0119dnia rozwa\u017cania dotycz\u0105ce: modelu wyroku w procesie cywilnym, w tym na tle jego \u201euwik\u0142ania&#8221; w poj\u0119cia i instytucje tak procesowe, jak i materialnoprawne; wyroku zas\u0105dzaj\u0105cego na tle og\u00f3lnych rozwa\u017ca\u0144 o cesze procesu cywilnego; przedmiotu wyroku zas\u0105dzaj\u0105cego w o\u015bwietleniu teorii dotycz\u0105cych przedmiotu procesu cywilnego, przedmiotu procesu o zas\u0105dzenie \u015bwiadczenia, w tym kwestie szczeg\u00f3\u0142owe, jak: przedmiot procesu a przedmiot orzekania i ich wzajemnych relacji; przedmiot procesu a zakres orzekania (szczeg\u00f3lne regu\u0142y orzekania); \u015bwiadczenie jako przedmiot zas\u0105dzenia; wymagalno\u015b\u0107 i zaskar\u017calno\u015b\u0107 \u015bwiadczenia jako przes\u0142anki wyroku zas\u0105dzaj\u0105cego; wyrok zas\u0105dzaj\u0105cy \u015bwiadczenie a wyrok ustalaj\u0105cy i wyroki konstytutywne \u2013 zestawienie podobie\u0144stw i r\u00f3\u017cnic (problemy graniczne) czy cechy prawne wyroku zas\u0105dzaj\u0105cego.<\/p>\n<p>Adresatami publikacji s\u0105 przede wszystkim prawnicy poszukuj\u0105cy wnikliwego uj\u0119cia tego tematu, \u0142\u0105cz\u0105cego teorie (pogl\u0105dy doktryny) i praktyk\u0119 (bogaty wyb\u00f3r orzecznictwa). Mo\u017ce stanowi\u0107 cenn\u0105 pomoc dla tych czytelnik\u00f3w, kt\u00f3rzy zainteresowani s\u0105 teoretyczn\u0105 i praktyczn\u0105 problematyk\u0105 procesu cywilnego, tym bardziej, \u017ce opracowanie uwzgl\u0119dnia s\u0119dziowskie do\u015bwiadczenie Autora.<\/p>\n","protected":false},"excerpt":{"rendered":"<p>Autor: prof. nadzw. dr hab. Piotr Osowy Wydawnictwo: C.H. Beck [&hellip;]<\/p>\n","protected":false},"featured_media":13186,"template":"","meta":[],"product_brand":[],"product_cat":[7491,7490,18],"product_tag":[4859,5397],"class_list":{"0":"post-13185","1":"product","2":"type-product","3":"status-publish","4":"has-post-thumbnail","6":"product_cat-cywilne","7":"product_cat-karne","8":"product_cat-prawo","9":"product_tag-sadownictwo","10":"product_tag-seria-monografie-prawnicze","12":"first","13":"instock","14":"sale","15":"shipping-taxable","16":"purchasable","17":"product-type-simple"},"_links":{"self":[{"href":"http:\/\/ksiegarnia-akademicka.pl\/index.php\/wp-json\/wp\/v2\/product\/13185","targetHints":{"allow":["GET"]}}],"collection":[{"href":"http:\/\/ksiegarnia-akademicka.pl\/index.php\/wp-json\/wp\/v2\/product"}],"about":[{"href":"http:\/\/ksiegarnia-akademicka.pl\/index.php\/wp-json\/wp\/v2\/types\/product"}],"wp:featuredmedia":[{"embeddable":true,"href":"http:\/\/ksiegarnia-akademicka.pl\/index.php\/wp-json\/wp\/v2\/media\/13186"}],"wp:attachment":[{"href":"http:\/\/ksiegarnia-akademicka.pl\/index.php\/wp-json\/wp\/v2\/media?parent=13185"}],"wp:term":[{"taxonomy":"product_brand","embeddable":true,"href":"http:\/\/ksiegarnia-akademicka.pl\/index.php\/wp-json\/wp\/v2\/product_brand?post=13185"},{"taxonomy":"product_cat","embeddable":true,"href":"http:\/\/ksiegarnia-akademicka.pl\/index.php\/wp-json\/wp\/v2\/product_cat?post=13185"},{"taxonomy":"product_tag","embeddable":true,"href":"http:\/\/ksiegarnia-akademicka.pl\/index.php\/wp-json\/wp\/v2\/product_tag?post=13185"}],"curies":[{"name":"wp","href":"https:\/\/api.w.org\/{rel}","templated":true}]}}