{"id":13167,"date":"2020-09-02T09:36:39","date_gmt":"2020-09-02T07:36:39","guid":{"rendered":"http:\/\/ksiegarnia-akademicka.pl\/?post_type=product&#038;p=13167"},"modified":"2020-09-02T09:36:40","modified_gmt":"2020-09-02T07:36:40","slug":"przeblyski","status":"publish","type":"product","link":"http:\/\/ksiegarnia-akademicka.pl\/index.php\/product\/przeblyski\/","title":{"rendered":"Przeb\u0142yski"},"content":{"rendered":"<p>Autor:<br \/>\nZadie Smith<br \/>\nWydawca: Znak<br \/>\nOprawa: Mi\u0119kka<br \/>\nFormat: 14.0&#215;20.5cm<br \/>\nLiczba stron: 128<br \/>\nRok wydania: 2020<br \/>\nJ\u0119zyk wydania: polski<br \/>\nISBN:\t978-83-240-6127-3<\/p>\n<p>Intymne zapiski czasu lockdownu<br \/>\nPierwsze miesi\u0105ce nowej dekady przynios\u0142y zupe\u0142nie now\u0105 rzeczywisto\u015b\u0107. Zadie Smith w Przeb\u0142yskach, niezwykle intymnych zapiskach o do\u015bwiadczeniach czasu lockdownu, podejmuje temat post\u0119puj\u0105cego kryzysu to\u017csamo\u015bci. Pr\u00f3buje znale\u017a\u0107 odpowiedzi na pytania: kim w naszej izolacji s\u0105 dla nas inni ludzie? Jak o nich my\u015blimy? I jak traktujemy siebie samych? Autorka niepokoi si\u0119 o Bena, w\u0142a\u015bciciela salonu kosmetycznego, niecierpliwie oczekuj\u0105cego powrotu klient\u00f3w. O w\u0142asn\u0105 matk\u0119, kt\u00f3ra z zaanga\u017cowaniem \u015bledzi statystyki katastrof. Zastanawia si\u0119, co jeszcze nas czeka.<br \/>\nZadie Smith to jedna z najwa\u017cniejszych komentatorek wsp\u00f3\u0142czesnego \u015bwiata. Jej Przeb\u0142yski, w przek\u0142adzie Jacka Dehnela, Magdy Heydel, Katarzyny Janusik, Micha\u0142a K\u0142obukowskiego, Jerzego Koz\u0142owskiego, Micha\u0142a Rusinka, Anny Sak, Anny Skuci\u0144skiej i Piotra Tarczy\u0144skiego, to zapis my\u015bli, kt\u00f3re dzi\u015b kie\u0142kuj\u0105 w g\u0142owie ka\u017cdego z nas. To manifest solidarno\u015bci, mi\u0142o\u015bci i zrozumienia tak potrzebny we wsp\u00f3\u0142czesnym \u015bwiecie.<br \/>\nZadie Smith (ur. 1975) \u2013 kultowa i kochana przez czytelnik\u00f3w brytyjska pisarka. Jej pierwsza powie\u015b\u0107 Bia\u0142e z\u0119by zdoby\u0142a nagrod\u0119 Whitbread First Novel Award dla najlepszego debiutu w 2000 roku i szturmem zdoby\u0142a listy bestseller\u00f3w na ca\u0142ym \u015bwiecie. O pi\u0119knie (2005) i Swing Time (2016) otrzyma\u0142y nominacje do Nagrody Bookera. Nak\u0142adem Wydawnictwa Znak ukaza\u0142y si\u0119 r\u00f3wnie\u017c: \u0141owca autograf\u00f3w (2002), Jak zmienia\u0142am zdanie. Eseje okoliczno\u015bciowe (2010), Londyn NW (2014), Widzi mi si\u0119 (2018) i Grand Union (2019).<\/p>\n","protected":false},"excerpt":{"rendered":"<p>Autor: Zadie Smith Wydawca: Znak Oprawa: Mi\u0119kka Format: 14.0&#215;20.5cm Liczba [&hellip;]<\/p>\n","protected":false},"featured_media":13168,"template":"","meta":[],"product_brand":[],"product_cat":[7707],"product_tag":[7632],"class_list":{"0":"post-13167","1":"product","2":"type-product","3":"status-publish","4":"has-post-thumbnail","6":"product_cat-literatura","7":"product_tag-literatura-swiatowa","9":"first","10":"instock","11":"sale","12":"shipping-taxable","13":"purchasable","14":"product-type-simple"},"_links":{"self":[{"href":"http:\/\/ksiegarnia-akademicka.pl\/index.php\/wp-json\/wp\/v2\/product\/13167","targetHints":{"allow":["GET"]}}],"collection":[{"href":"http:\/\/ksiegarnia-akademicka.pl\/index.php\/wp-json\/wp\/v2\/product"}],"about":[{"href":"http:\/\/ksiegarnia-akademicka.pl\/index.php\/wp-json\/wp\/v2\/types\/product"}],"wp:featuredmedia":[{"embeddable":true,"href":"http:\/\/ksiegarnia-akademicka.pl\/index.php\/wp-json\/wp\/v2\/media\/13168"}],"wp:attachment":[{"href":"http:\/\/ksiegarnia-akademicka.pl\/index.php\/wp-json\/wp\/v2\/media?parent=13167"}],"wp:term":[{"taxonomy":"product_brand","embeddable":true,"href":"http:\/\/ksiegarnia-akademicka.pl\/index.php\/wp-json\/wp\/v2\/product_brand?post=13167"},{"taxonomy":"product_cat","embeddable":true,"href":"http:\/\/ksiegarnia-akademicka.pl\/index.php\/wp-json\/wp\/v2\/product_cat?post=13167"},{"taxonomy":"product_tag","embeddable":true,"href":"http:\/\/ksiegarnia-akademicka.pl\/index.php\/wp-json\/wp\/v2\/product_tag?post=13167"}],"curies":[{"name":"wp","href":"https:\/\/api.w.org\/{rel}","templated":true}]}}