{"id":13159,"date":"2020-09-02T09:24:47","date_gmt":"2020-09-02T07:24:47","guid":{"rendered":"http:\/\/ksiegarnia-akademicka.pl\/?post_type=product&#038;p=13159"},"modified":"2020-09-02T09:24:48","modified_gmt":"2020-09-02T07:24:48","slug":"ksiegowania-2020-wg-znowelizowanych-regulacji-uor-mssf-msr-oraz-podatkowych","status":"publish","type":"product","link":"http:\/\/ksiegarnia-akademicka.pl\/index.php\/product\/ksiegowania-2020-wg-znowelizowanych-regulacji-uor-mssf-msr-oraz-podatkowych\/","title":{"rendered":"Ksi\u0119gowania 2020 wg znowelizowanych regulacji UOR, MSSF\/MSR oraz podatkowych"},"content":{"rendered":"<p>Autor:<br \/>\nKatarzyna Trzpio\u0142a<br \/>\nWydawca: Wiedza i Praktyka<br \/>\nOprawa: Mi\u0119kka<br \/>\nLiczba stron: 430<br \/>\nRok wydania: 2020<br \/>\nJ\u0119zyk wydania: polski<br \/>\nISBN:\t978-83-269-9248-3<\/p>\n<p>Ksi\u0105\u017cka zawiera om\u00f3wienie zagadnie\u0144, kt\u00f3re budz\u0105 najwi\u0119cej w\u0105tpliwo\u015bci ksi\u0119gowych prowadz\u0105cych rozliczenia na podstawie ustawy o rachunkowo\u015bci i MSR, MSSF. Omawia na licznych przyk\u0142adach m.in. rzeczowe aktywa trwa\u0142e oraz warto\u015bci niematerialne i prawne, w kontek\u015bcie uj\u0119cia, wyceny oraz amortyzacji.<\/p>\n","protected":false},"excerpt":{"rendered":"<p>Autor: Katarzyna Trzpio\u0142a Wydawca: Wiedza i Praktyka Oprawa: Mi\u0119kka Liczba [&hellip;]<\/p>\n","protected":false},"featured_media":13160,"template":"","meta":[],"product_brand":[],"product_cat":[22,23],"product_tag":[355,1055,1496],"class_list":{"0":"post-13159","1":"product","2":"type-product","3":"status-publish","4":"has-post-thumbnail","6":"product_cat-podatki-i-prawo-podatkowe","7":"product_cat-rachunkowosc","8":"product_tag-podatki","9":"product_tag-prawo-podatkowe","10":"product_tag-rachunkowosc","12":"first","13":"instock","14":"sale","15":"shipping-taxable","16":"purchasable","17":"product-type-simple"},"_links":{"self":[{"href":"http:\/\/ksiegarnia-akademicka.pl\/index.php\/wp-json\/wp\/v2\/product\/13159","targetHints":{"allow":["GET"]}}],"collection":[{"href":"http:\/\/ksiegarnia-akademicka.pl\/index.php\/wp-json\/wp\/v2\/product"}],"about":[{"href":"http:\/\/ksiegarnia-akademicka.pl\/index.php\/wp-json\/wp\/v2\/types\/product"}],"wp:featuredmedia":[{"embeddable":true,"href":"http:\/\/ksiegarnia-akademicka.pl\/index.php\/wp-json\/wp\/v2\/media\/13160"}],"wp:attachment":[{"href":"http:\/\/ksiegarnia-akademicka.pl\/index.php\/wp-json\/wp\/v2\/media?parent=13159"}],"wp:term":[{"taxonomy":"product_brand","embeddable":true,"href":"http:\/\/ksiegarnia-akademicka.pl\/index.php\/wp-json\/wp\/v2\/product_brand?post=13159"},{"taxonomy":"product_cat","embeddable":true,"href":"http:\/\/ksiegarnia-akademicka.pl\/index.php\/wp-json\/wp\/v2\/product_cat?post=13159"},{"taxonomy":"product_tag","embeddable":true,"href":"http:\/\/ksiegarnia-akademicka.pl\/index.php\/wp-json\/wp\/v2\/product_tag?post=13159"}],"curies":[{"name":"wp","href":"https:\/\/api.w.org\/{rel}","templated":true}]}}