{"id":13151,"date":"2020-09-01T11:39:14","date_gmt":"2020-09-01T09:39:14","guid":{"rendered":"http:\/\/ksiegarnia-akademicka.pl\/?post_type=product&#038;p=13151"},"modified":"2024-12-05T08:18:39","modified_gmt":"2024-12-05T07:18:39","slug":"ludzie-chca-zysku-nie-wyzysku-postepowy-kapitalizm-na-czasy-niezadowolenia-people-power-and-profit-progressive-capitalism-for-an-age-of-discontent","status":"publish","type":"product","link":"http:\/\/ksiegarnia-akademicka.pl\/index.php\/product\/ludzie-chca-zysku-nie-wyzysku-postepowy-kapitalizm-na-czasy-niezadowolenia-people-power-and-profit-progressive-capitalism-for-an-age-of-discontent\/","title":{"rendered":"Ludzie chc\u0105 zysku, nie wyzysku Post\u0119powy kapitalizm na czasy niezadowolenia PEOPLE, POWER, AND PROFIT. PROGRESSIVE CAPITALISM FOR AN AGE OF DISCONTENT"},"content":{"rendered":"<p>Autor:<br \/>\nJoseph E. Stiglitz<br \/>\nT\u0142umacze: Sa\u0142but Bartosz<br \/>\nWydawca: Wydawnictwo Naukowe PWN<br \/>\nOprawa: Mi\u0119kka<br \/>\nFormat: 16.5&#215;23.5cm<br \/>\nLiczba stron: 296<br \/>\nWydanie: 1<br \/>\nRok wydania: 2020<br \/>\nJ\u0119zyk wydania: polski<br \/>\nISBN:\t978-83-01-21317-6<\/p>\n<p>Nowa ksi\u0105\u017cka Josepha Stiglitza, laureata ekonomicznej nagrody nobla i autora bestsellerowych ksi\u0105\u017cek, przet\u0142umaczonych na wiele j\u0119zyk\u00f3w!<br \/>\nW wyj\u0105tkowo interesuj\u0105cy spos\u00f3b autor opisuje sytuacj\u0119 z jak\u0105 mamy obecnie do czynienia na ca\u0142ym \u015bwiecie. Wielkie, mi\u0119dzynarodowe korporacje zdobywaj\u0105 dominuj\u0105ce pozycje w wielu obszarach gospodarki, czego efektem jest galopuj\u0105ca nier\u00f3wno\u015b\u0107 i spowolnienie rozwoju. Stiglitz nie poprzestaje jednak na ukazaniu nam naszego trudnego po\u0142o\u017cenia, opisuje te\u017c w jaki spos\u00f3b mo\u017cemy jeszcze z niego wybrn\u0105\u0107. Je\u017celi obywatele b\u0119d\u0105 wywierali na rz\u0105dz\u0105cych presj\u0119, domagaj\u0105c si\u0119 rozwi\u0105za\u0144, kt\u00f3re pozwol\u0105 korzysta\u0107 z benefit\u00f3w oferowanych przez wolny rynek, jednocze\u015bnie ruguj\u0105c jego nadu\u017cycia, je\u017celi b\u0119dziemy wspierali edukacj\u0119, post\u0119p technologiczny i ide\u0119 pa\u0144stwa prawa, uda nam si\u0119 stworzy\u0107 nowy model progresywnego kapitalizmu, kt\u00f3ry b\u0119dzie s\u0142u\u017cy\u0142 nam wszystkich, nie tylko wybranemu procentowi.<br \/>\n&#8222;Zdobyta wiedza oraz do\u015bwiadczenie dobitnie u\u015bwiadomi\u0142y mi, \u017ce ekonomii i polityki nie mo\u017cna rozdzieli\u0107, a ju\u017c z pewno\u015bci\u0105 nie w Ameryce, gdzie motorem nap\u0119dowym polityki s\u0105 pieni\u0105dze. Ksi\u0105\u017cka ta w du\u017cej mierze koncentruje si\u0119 na naszych bie\u017c\u0105cych realiach ekonomicznych. By\u0142oby z mojej strony jednak zaniedbaniem, gdybym nie wspomnia\u0142 r\u00f3wnie\u017c o polityce.<br \/>\nWiele element\u00f3w mojej diagnozy to ju\u017c dzisiaj koncepcje znane, jak cho\u0107by nadmierne ufinansowienie, \u017ale zarz\u0105dzana globalizacja czy rosn\u0105ca pot\u0119ga rynk\u00f3w. Pokazuj\u0119 zatem, w jaki spos\u00f3b s\u0105 one powi\u0105zane i w jaki spos\u00f3b wszystkie razem t\u0142umacz\u0105 zar\u00f3wno anemiczny wzrost gospodarczy, jak i wielce nier\u00f3wny podzia\u0142 owoc\u00f3w tego\u017c niewielkiego wzrostu.<br \/>\nNie chodzi jednak tylko o to, \u017ceby postawi\u0107 diagnoz\u0119. Musimy wiedzie\u0107, co mo\u017cemy zrobi\u0107, \u017ceby ruszy\u0107 we w\u0142a\u015bciwym kierunku (\u2026).<br \/>\nNadchodzi czas na wielkie zmiany. Drobne korekty kursu politycznego i ekonomicznego nie wystarcz\u0105, aby stawi\u0107 czo\u0142a czekaj\u0105cym nas wyzwaniom. Potrzebujemy odwa\u017cnych decyzji, takich jak te, do kt\u00f3rych podj\u0119cia wzywam na kartach tej ksi\u0105\u017cki. \u017badna ze zmian nie b\u0119dzie jednak mo\u017cliwa bez silnej demokracji, kt\u00f3ra oprze si\u0119 sile politycznej najzamo\u017cniejszych. Przed reform\u0105 gospodarcz\u0105 b\u0119dzie musia\u0142a zatem nast\u0105pi\u0107 reforma polityczna.&#8221;<br \/>\nZe wst\u0119pu Autora<\/p>\n","protected":false},"excerpt":{"rendered":"<p>Autor: Joseph E. Stiglitz T\u0142umacze: Sa\u0142but Bartosz Wydawca: Wydawnictwo Naukowe [&hellip;]<\/p>\n","protected":false},"featured_media":13153,"template":"","meta":[],"product_brand":[],"product_cat":[17,7498],"product_tag":[337,5062,551],"class_list":{"0":"post-13151","1":"product","2":"type-product","3":"status-publish","4":"has-post-thumbnail","6":"product_cat-ekonomia","7":"product_cat-teoria-ekonomii","8":"product_tag-ekonomia","9":"product_tag-ekonomia-spoleczna","10":"product_tag-globalizacja","12":"first","13":"instock","14":"sale","15":"shipping-taxable","16":"purchasable","17":"product-type-simple"},"_links":{"self":[{"href":"http:\/\/ksiegarnia-akademicka.pl\/index.php\/wp-json\/wp\/v2\/product\/13151","targetHints":{"allow":["GET"]}}],"collection":[{"href":"http:\/\/ksiegarnia-akademicka.pl\/index.php\/wp-json\/wp\/v2\/product"}],"about":[{"href":"http:\/\/ksiegarnia-akademicka.pl\/index.php\/wp-json\/wp\/v2\/types\/product"}],"wp:featuredmedia":[{"embeddable":true,"href":"http:\/\/ksiegarnia-akademicka.pl\/index.php\/wp-json\/wp\/v2\/media\/13153"}],"wp:attachment":[{"href":"http:\/\/ksiegarnia-akademicka.pl\/index.php\/wp-json\/wp\/v2\/media?parent=13151"}],"wp:term":[{"taxonomy":"product_brand","embeddable":true,"href":"http:\/\/ksiegarnia-akademicka.pl\/index.php\/wp-json\/wp\/v2\/product_brand?post=13151"},{"taxonomy":"product_cat","embeddable":true,"href":"http:\/\/ksiegarnia-akademicka.pl\/index.php\/wp-json\/wp\/v2\/product_cat?post=13151"},{"taxonomy":"product_tag","embeddable":true,"href":"http:\/\/ksiegarnia-akademicka.pl\/index.php\/wp-json\/wp\/v2\/product_tag?post=13151"}],"curies":[{"name":"wp","href":"https:\/\/api.w.org\/{rel}","templated":true}]}}