{"id":13101,"date":"2020-08-31T12:44:19","date_gmt":"2020-08-31T10:44:19","guid":{"rendered":"http:\/\/ksiegarnia-akademicka.pl\/?post_type=product&#038;p=13101"},"modified":"2020-08-31T12:44:19","modified_gmt":"2020-08-31T10:44:19","slug":"przewodnik-po-transakcjach-fuzji-i-przejec","status":"publish","type":"product","link":"http:\/\/ksiegarnia-akademicka.pl\/index.php\/product\/przewodnik-po-transakcjach-fuzji-i-przejec\/","title":{"rendered":"Przewodnik po transakcjach fuzji i przej\u0119\u0107"},"content":{"rendered":"<p>Redakcja naukowa: Bartosz Marcinkowski<br \/>\nMaciej Ciszkiewicz, Sylwia Kuca, Micha\u0142 Kucharski, Marcin Kuli\u0144ski, Bartosz Marcinkowski<br \/>\nWydawnictwo: Wolters Kluwer Polska<br \/>\nRok publikacji: 2020<br \/>\nWydanie: 1<br \/>\nLiczba stron: 344<br \/>\nSeria: Prawo w praktyce<br \/>\nRodzaj: Opracowanie<br \/>\nOk\u0142adka: mi\u0119kka<br \/>\nISBN: 978-83-8187-612-4<\/p>\n<p>Publikacja w usystematyzowany spos\u00f3b przybli\u017ca problematyk\u0119 wybranych zagadnie\u0144 wsp\u00f3\u0142czesnego M&amp;A (Mergers and Acquisitions). Transakcja M&amp;A umo\u017cliwia skokowy rozw\u00f3j biznesu, gwa\u0142townie zmieniaj\u0105c konkurencyjno\u015b\u0107 przedsi\u0119biorcy. Jest z pozoru podobna do operacji zakupu okre\u015blonego dobra, ale z uwagi na specyficzny przedmiot charakteryzuje si\u0119 nie tylko du\u017c\u0105 z\u0142o\u017cono\u015bci\u0105 i stopniem komplikacji, lecz tak\u017ce unikalno\u015bci\u0105. Przygotowanie i przeprowadzenie takiej transakcji w spos\u00f3b efektywny pod wzgl\u0119dem kosztowym i czasowym wymaga do\u015bwiadczenia i umiej\u0119tno\u015bci mened\u017cerskich.<\/p>\n<p>W ksi\u0105\u017cce przedstawiono m.in. nast\u0119puj\u0105ce zagadnienia:<\/p>\n<p>typowe operacje (transakcje) M&amp;A,<br \/>\nzasadnicze fazy typowego procesu M&amp;A i ich cechy,<br \/>\ntransakcyjne punkty krytyczne,<br \/>\nnabywanie sp\u00f3\u0142ek poza granicami Polski,<br \/>\nidentyfikacja przedmiotu transakcji \u2013 rola doradc\u00f3w prawnych i finansowych na tym etapie,<br \/>\nmoc wi\u0105\u017c\u0105ca i szczeg\u00f3\u0142owo\u015b\u0107 dokumentacji poprzedzaj\u0105cej (inicjuj\u0105cej) w\u0142a\u015bciw\u0105 transakcj\u0119 M&amp;A,<br \/>\nbadanie due diligence,<br \/>\numowy w transakcjach M&amp;A oraz typowe postanowienia umowne,<br \/>\nwzajemno\u015b\u0107 \u015bwiadcze\u0144 sprzedaj\u0105cego i kupuj\u0105cego,<br \/>\nuprawnienia sprzedaj\u0105cego w przypadku nieotrzymania ceny w um\u00f3wionym terminie,<br \/>\nmodele ustalenia ceny w transakcjach M&amp;A,<br \/>\nodpowiedzialno\u015b\u0107 sprzedaj\u0105cego za niezgodno\u015b\u0107 o\u015bwiadcze\u0144 i zapewnie\u0144 ze stanem rzeczywistym,<br \/>\numowy i relacje z kluczowymi klientami i dostawcami,<br \/>\ndzia\u0142ania potransakcyjne,<br \/>\nmapowanie ryzyk,<br \/>\nnajwa\u017cniejsze elementy planowanego po\u0142\u0105czenia,<br \/>\nstartupy \u2013 zarys specyfiki z perspektywy M&amp;A.<br \/>\nAutorzy na podstawie swoich bogatych do\u015bwiadcze\u0144 w transakcjach M&amp;A, pr\u00f3buj\u0105 r\u00f3wnie\u017c oceni\u0107, jaki wp\u0142yw na przysz\u0142y kszta\u0142t proces\u00f3w M&amp;A, a tak\u017ce na tre\u015b\u0107 niekt\u00f3rych regulacji oddzia\u0142uj\u0105cych na dzia\u0142alno\u015b\u0107 sp\u00f3\u0142ek wywrze kryzys zwi\u0105zany z COVID-19.<\/p>\n<p>Adresaci:<br \/>\nPublikacja jest przeznaczona dla prawnik\u00f3w praktyk\u00f3w, pracownik\u00f3w administracji, dzia\u0142\u00f3w kadr, zasob\u00f3w ludzkich, dzia\u0142\u00f3w sprzeda\u017cy, marketingu i PR, ekonomist\u00f3w i ksi\u0119gowych, mened\u017cer\u00f3w. B\u0119dzie cennym \u017ar\u00f3d\u0142em wiedzy dla przedsi\u0119biorc\u00f3w bran\u017c, w kt\u00f3rych sytuacja finansowa uleg\u0142a pogorszeniu w wyniku COVID-19. Zainteresuje tak\u017ce przedstawicieli nauki, student\u00f3w prawa i zarz\u0105dzania, a tak\u017ce s\u0142uchaczy MBA, jako szczeg\u00f3lna grupa mened\u017cerska.<\/p>\n","protected":false},"excerpt":{"rendered":"<p>Redakcja naukowa: Bartosz Marcinkowski Maciej Ciszkiewicz, Sylwia Kuca, Micha\u0142 Kucharski, [&hellip;]<\/p>\n","protected":false},"featured_media":13102,"template":"","meta":[],"product_brand":[],"product_cat":[7495,18],"product_tag":[6714,428,5800],"class_list":{"0":"post-13101","1":"product","2":"type-product","3":"status-publish","4":"has-post-thumbnail","6":"product_cat-gospodarcze-i-handlowe","7":"product_cat-prawo","8":"product_tag-fuzje-i-przejecia","9":"product_tag-prawo-gospodarcze","10":"product_tag-seria-prawo-w-praktyce","12":"first","13":"instock","14":"sale","15":"shipping-taxable","16":"purchasable","17":"product-type-simple"},"_links":{"self":[{"href":"http:\/\/ksiegarnia-akademicka.pl\/index.php\/wp-json\/wp\/v2\/product\/13101","targetHints":{"allow":["GET"]}}],"collection":[{"href":"http:\/\/ksiegarnia-akademicka.pl\/index.php\/wp-json\/wp\/v2\/product"}],"about":[{"href":"http:\/\/ksiegarnia-akademicka.pl\/index.php\/wp-json\/wp\/v2\/types\/product"}],"wp:featuredmedia":[{"embeddable":true,"href":"http:\/\/ksiegarnia-akademicka.pl\/index.php\/wp-json\/wp\/v2\/media\/13102"}],"wp:attachment":[{"href":"http:\/\/ksiegarnia-akademicka.pl\/index.php\/wp-json\/wp\/v2\/media?parent=13101"}],"wp:term":[{"taxonomy":"product_brand","embeddable":true,"href":"http:\/\/ksiegarnia-akademicka.pl\/index.php\/wp-json\/wp\/v2\/product_brand?post=13101"},{"taxonomy":"product_cat","embeddable":true,"href":"http:\/\/ksiegarnia-akademicka.pl\/index.php\/wp-json\/wp\/v2\/product_cat?post=13101"},{"taxonomy":"product_tag","embeddable":true,"href":"http:\/\/ksiegarnia-akademicka.pl\/index.php\/wp-json\/wp\/v2\/product_tag?post=13101"}],"curies":[{"name":"wp","href":"https:\/\/api.w.org\/{rel}","templated":true}]}}